{"id":19018,"date":"2022-11-10T15:07:59","date_gmt":"2022-11-10T15:07:59","guid":{"rendered":"https:\/\/photographer.lu\/photo\/feu-dartifice-sur-la-ville-de-luxembourg\/"},"modified":"2023-09-27T12:13:21","modified_gmt":"2023-09-27T12:13:21","slug":"feux-dartifice-luxembourg-ville","status":"publish","type":"product","link":"https:\/\/photographer.lu\/fr\/photo\/feux-dartifice-luxembourg-ville\/","title":{"rendered":"Feu d&rsquo;artifice sur la ville de Luxembourg"},"content":{"rendered":"<p>Photo <span style=\"color: #008000;\">commerciale<\/span> du feu d&rsquo;artifice de la f\u00eate nationale au-dessus de l&rsquo;horizon de la ville de Luxembourg pendant la nuit, avec des maisons anciennes illumin\u00e9es, la vieille ville, l&rsquo;\u00e9glise Saint Michel et l&rsquo;Abbaye de Neumunster \u00e0 Grund, vue au-dessus de Clausen.<\/p>\n<p>Cette image est disponible sous licence en t\u00e9l\u00e9chargement num\u00e9rique.<\/p>\n<p>Des tirages limit\u00e9s et des tirages libres sont disponibles.<\/p>\n","protected":false},"excerpt":{"rendered":"<p>Feu d&rsquo;artifice de la f\u00eate nationale au-dessus de la ligne d&rsquo;horizon de la ville de Luxembourg, de nuit<\/p>\n","protected":false},"featured_media":18693,"comment_status":"closed","ping_status":"closed","template":"","meta":{"pgc_sgb_lightbox_settings":""},"product_brand":[],"product_cat":[703,702],"product_tag":[828,831,819,830,817,739,740,833,745,832,820,731,834,835,818,718,837,714,705,715,736,838,742,836,839,743,824,732,733,717,744,826,737,713,711,735,734,738,730,816,741,822,712],"class_list":{"0":"post-19018","1":"product","2":"type-product","3":"status-publish","4":"has-post-thumbnail","6":"product_cat-luxembourg-images-fr","7":"product_cat-tirages-dart","8":"product_tag-abbaye-fr","9":"product_tag-abbaye-fr-2","10":"product_tag-abbaye-de-neumunster-fr","11":"product_tag-abbaye-de-neumunster-fr-2","12":"product_tag-architecture-fr","13":"product_tag-capital-fr","14":"product_tag-cathedrale","15":"product_tag-centre-ville","16":"product_tag-coucher-de-soleil","17":"product_tag-eglise","18":"product_tag-eglise-st-michael","19":"product_tag-eglises","20":"product_tag-feux-dartifice","21":"product_tag-feux-dartifice-au-luxembourg","22":"product_tag-grund-fr","23":"product_tag-iconique","24":"product_tag-illumine","25":"product_tag-images-du-luxembourg","26":"product_tag-imprime","27":"product_tag-letzebuerg-fr","28":"product_tag-ligne-dhorizon","29":"product_tag-lumieres","30":"product_tag-luxembourg-fr","31":"product_tag-maisons","32":"product_tag-neumunster-fr","33":"product_tag-notre-dame-fr","34":"product_tag-nuit","35":"product_tag-paysage-urbain","36":"product_tag-paysages-urbains","37":"product_tag-photoen","38":"product_tag-photographe-luxembourg","39":"product_tag-photographie-de-nuit","40":"product_tag-photographie-du-luxembourg","41":"product_tag-photos-du-luxembourg","42":"product_tag-points-de-repere","43":"product_tag-saint-michel-fr-2","44":"product_tag-saint-michel-fr","45":"product_tag-st-michael-fr","46":"product_tag-vieille-ville","47":"product_tag-vieux","48":"product_tag-ville","49":"product_tag-ville-bas-fr","50":"product_tag-ville-de-luxembourg","51":"product_shipping_class-imprimes","53":"first","54":"instock","55":"taxable","56":"shipping-taxable","57":"purchasable","58":"product-type-variable"},"featured_image_urls_v2":{"full":["https:\/\/photographer.lu\/wp-content\/uploads\/2022\/10\/8523-L-VIO-7716-Fireworks-Luxembourg-city.webp",1200,801,false],"thumbnail":["https:\/\/photographer.lu\/wp-content\/uploads\/2022\/10\/8523-L-VIO-7716-Fireworks-Luxembourg-city-550x367.webp",550,367,true],"medium":["https:\/\/photographer.lu\/wp-content\/uploads\/2022\/10\/8523-L-VIO-7716-Fireworks-Luxembourg-city-300x200.webp",300,200,true],"medium_large":["https:\/\/photographer.lu\/wp-content\/uploads\/2022\/10\/8523-L-VIO-7716-Fireworks-Luxembourg-city-768x513.webp",768,513,true],"large":["https:\/\/photographer.lu\/wp-content\/uploads\/2022\/10\/8523-L-VIO-7716-Fireworks-Luxembourg-city.webp",1200,801,false],"1536x1536":["https:\/\/photographer.lu\/wp-content\/uploads\/2022\/10\/8523-L-VIO-7716-Fireworks-Luxembourg-city.webp",1200,801,false],"2048x2048":["https:\/\/photographer.lu\/wp-content\/uploads\/2022\/10\/8523-L-VIO-7716-Fireworks-Luxembourg-city.webp",1200,801,false],"woocommerce_archive_thumbnail":["https:\/\/photographer.lu\/wp-content\/uploads\/2022\/10\/8523-L-VIO-7716-Fireworks-Luxembourg-city-600x401.webp",600,401,true],"mailpoet_newsletter_max":["https:\/\/photographer.lu\/wp-content\/uploads\/2022\/10\/8523-L-VIO-7716-Fireworks-Luxembourg-city.webp",1200,801,false],"woocommerce_thumbnail":["https:\/\/photographer.lu\/wp-content\/uploads\/2022\/10\/8523-L-VIO-7716-Fireworks-Luxembourg-city-600x401.webp",600,401,true],"woocommerce_single":["https:\/\/photographer.lu\/wp-content\/uploads\/2022\/10\/8523-L-VIO-7716-Fireworks-Luxembourg-city.webp",1200,801,false],"woocommerce_gallery_thumbnail":["https:\/\/photographer.lu\/wp-content\/uploads\/2022\/10\/8523-L-VIO-7716-Fireworks-Luxembourg-city-120x120.webp",120,120,true],"jetpack-portfolio-admin-thumb":["https:\/\/photographer.lu\/wp-content\/uploads\/2022\/10\/8523-L-VIO-7716-Fireworks-Luxembourg-city-50x50.webp",50,50,true]},"post_excerpt_stackable_v2":"<p>Feu d&rsquo;artifice de la f\u00eate nationale au-dessus de la ligne d&rsquo;horizon de la ville de Luxembourg, de nuit<\/p>\n","category_list_v2":"","author_info_v2":{"name":"","url":""},"comments_num_v2":"0 commentaire","acf":[],"jetpack_sharing_enabled":true,"_links":{"self":[{"href":"https:\/\/photographer.lu\/fr\/wp-json\/wp\/v2\/product\/19018","targetHints":{"allow":["GET"]}}],"collection":[{"href":"https:\/\/photographer.lu\/fr\/wp-json\/wp\/v2\/product"}],"about":[{"href":"https:\/\/photographer.lu\/fr\/wp-json\/wp\/v2\/types\/product"}],"replies":[{"embeddable":true,"href":"https:\/\/photographer.lu\/fr\/wp-json\/wp\/v2\/comments?post=19018"}],"wp:featuredmedia":[{"embeddable":true,"href":"https:\/\/photographer.lu\/fr\/wp-json\/wp\/v2\/media\/18693"}],"wp:attachment":[{"href":"https:\/\/photographer.lu\/fr\/wp-json\/wp\/v2\/media?parent=19018"}],"wp:term":[{"taxonomy":"product_brand","embeddable":true,"href":"https:\/\/photographer.lu\/fr\/wp-json\/wp\/v2\/product_brand?post=19018"},{"taxonomy":"product_cat","embeddable":true,"href":"https:\/\/photographer.lu\/fr\/wp-json\/wp\/v2\/product_cat?post=19018"},{"taxonomy":"product_tag","embeddable":true,"href":"https:\/\/photographer.lu\/fr\/wp-json\/wp\/v2\/product_tag?post=19018"}],"curies":[{"name":"wp","href":"https:\/\/api.w.org\/{rel}","templated":true}]}}