{"id":19108,"date":"2022-10-09T20:56:24","date_gmt":"2022-10-09T20:56:24","guid":{"rendered":"https:\/\/photographer.lu\/photo\/chateau-deau-du-luxembourg-aux-couleurs-de-lukraine\/"},"modified":"2023-09-27T19:20:08","modified_gmt":"2023-09-27T19:20:08","slug":"chateau-deau-du-luxembourg-aux-couleurs-de-lukraine","status":"publish","type":"product","link":"https:\/\/photographer.lu\/fr\/photo\/chateau-deau-du-luxembourg-aux-couleurs-de-lukraine\/","title":{"rendered":"Ch\u00e2teau d&rsquo;eau du Luxembourg aux couleurs de l&rsquo;Ukraine"},"content":{"rendered":"<p>Photo <span style=\"color: #008000;\">commerciale<\/span> du ch\u00e2teau d&rsquo;eau de Gasperich \u00e0 Luxembourg, illumin\u00e9 aux couleurs du drapeau ukrainien sur l&rsquo;autoroute A6, avec des tra\u00een\u00e9es lumineuses provenant des voitures. En soutien \u00e0 l&rsquo;Ukraine contre l&rsquo;invasion russe, des b\u00e2timents au Luxembourg ont \u00e9t\u00e9 illumin\u00e9s aux couleurs du drapeau ukrainien.<\/p>\n<p>Image incluse dans le <a href=\"https:\/\/photographer.lu\/fr\/photo\/calendrier-luxembourg-magique-2023\/\">calendrier Luxembourg Magique 2023<\/a>.<\/p>\n<p>Cette image est disponible sous licence en t\u00e9l\u00e9chargement num\u00e9rique.<\/p>\n<p>Des tirages limit\u00e9s et des tirages libres sont disponibles.<\/p>\n","protected":false},"excerpt":{"rendered":"<p>Ch\u00e2teau d&rsquo;eau de la ville de Luxembourg illumin\u00e9 aux couleurs du drapeau ukrainien<\/p>\n","protected":false},"featured_media":18627,"comment_status":"open","ping_status":"closed","template":"","meta":{"pgc_sgb_lightbox_settings":""},"product_brand":[],"product_cat":[703,702],"product_tag":[718,714,705,715,717,713,711,712],"class_list":{"0":"post-19108","1":"product","2":"type-product","3":"status-publish","4":"has-post-thumbnail","6":"product_cat-luxembourg-images-fr","7":"product_cat-tirages-dart","8":"product_tag-iconique","9":"product_tag-images-du-luxembourg","10":"product_tag-imprime","11":"product_tag-letzebuerg-fr","12":"product_tag-photoen","13":"product_tag-photos-du-luxembourg","14":"product_tag-points-de-repere","15":"product_tag-ville-de-luxembourg","16":"product_shipping_class-imprimes","18":"first","19":"instock","20":"taxable","21":"shipping-taxable","22":"purchasable","23":"product-type-variable"},"featured_image_urls_v2":{"full":["https:\/\/photographer.lu\/wp-content\/uploads\/2022\/10\/8491-L-VIO-1343-Water-tower-Luxembourg-city-Ukraine-flag-colors.webp",1200,800,false],"thumbnail":["https:\/\/photographer.lu\/wp-content\/uploads\/2022\/10\/8491-L-VIO-1343-Water-tower-Luxembourg-city-Ukraine-flag-colors-550x367.webp",550,367,true],"medium":["https:\/\/photographer.lu\/wp-content\/uploads\/2022\/10\/8491-L-VIO-1343-Water-tower-Luxembourg-city-Ukraine-flag-colors-300x200.webp",300,200,true],"medium_large":["https:\/\/photographer.lu\/wp-content\/uploads\/2022\/10\/8491-L-VIO-1343-Water-tower-Luxembourg-city-Ukraine-flag-colors-768x512.webp",768,512,true],"large":["https:\/\/photographer.lu\/wp-content\/uploads\/2022\/10\/8491-L-VIO-1343-Water-tower-Luxembourg-city-Ukraine-flag-colors.webp",1200,800,false],"1536x1536":["https:\/\/photographer.lu\/wp-content\/uploads\/2022\/10\/8491-L-VIO-1343-Water-tower-Luxembourg-city-Ukraine-flag-colors.webp",1200,800,false],"2048x2048":["https:\/\/photographer.lu\/wp-content\/uploads\/2022\/10\/8491-L-VIO-1343-Water-tower-Luxembourg-city-Ukraine-flag-colors.webp",1200,800,false],"woocommerce_archive_thumbnail":["https:\/\/photographer.lu\/wp-content\/uploads\/2022\/10\/8491-L-VIO-1343-Water-tower-Luxembourg-city-Ukraine-flag-colors-600x400.webp",600,400,true],"mailpoet_newsletter_max":["https:\/\/photographer.lu\/wp-content\/uploads\/2022\/10\/8491-L-VIO-1343-Water-tower-Luxembourg-city-Ukraine-flag-colors.webp",1200,800,false],"woocommerce_thumbnail":["https:\/\/photographer.lu\/wp-content\/uploads\/2022\/10\/8491-L-VIO-1343-Water-tower-Luxembourg-city-Ukraine-flag-colors-600x400.webp",600,400,true],"woocommerce_single":["https:\/\/photographer.lu\/wp-content\/uploads\/2022\/10\/8491-L-VIO-1343-Water-tower-Luxembourg-city-Ukraine-flag-colors.webp",1200,800,false],"woocommerce_gallery_thumbnail":["https:\/\/photographer.lu\/wp-content\/uploads\/2022\/10\/8491-L-VIO-1343-Water-tower-Luxembourg-city-Ukraine-flag-colors-120x120.webp",120,120,true],"jetpack-portfolio-admin-thumb":["https:\/\/photographer.lu\/wp-content\/uploads\/2022\/10\/8491-L-VIO-1343-Water-tower-Luxembourg-city-Ukraine-flag-colors-50x50.webp",50,50,true]},"post_excerpt_stackable_v2":"<p>Ch\u00e2teau d&rsquo;eau de la ville de Luxembourg illumin\u00e9 aux couleurs du drapeau ukrainien<\/p>\n","category_list_v2":"","author_info_v2":{"name":"","url":""},"comments_num_v2":"0 commentaire","acf":[],"jetpack_sharing_enabled":true,"_links":{"self":[{"href":"https:\/\/photographer.lu\/fr\/wp-json\/wp\/v2\/product\/19108","targetHints":{"allow":["GET"]}}],"collection":[{"href":"https:\/\/photographer.lu\/fr\/wp-json\/wp\/v2\/product"}],"about":[{"href":"https:\/\/photographer.lu\/fr\/wp-json\/wp\/v2\/types\/product"}],"replies":[{"embeddable":true,"href":"https:\/\/photographer.lu\/fr\/wp-json\/wp\/v2\/comments?post=19108"}],"wp:featuredmedia":[{"embeddable":true,"href":"https:\/\/photographer.lu\/fr\/wp-json\/wp\/v2\/media\/18627"}],"wp:attachment":[{"href":"https:\/\/photographer.lu\/fr\/wp-json\/wp\/v2\/media?parent=19108"}],"wp:term":[{"taxonomy":"product_brand","embeddable":true,"href":"https:\/\/photographer.lu\/fr\/wp-json\/wp\/v2\/product_brand?post=19108"},{"taxonomy":"product_cat","embeddable":true,"href":"https:\/\/photographer.lu\/fr\/wp-json\/wp\/v2\/product_cat?post=19108"},{"taxonomy":"product_tag","embeddable":true,"href":"https:\/\/photographer.lu\/fr\/wp-json\/wp\/v2\/product_tag?post=19108"}],"curies":[{"name":"wp","href":"https:\/\/api.w.org\/{rel}","templated":true}]}}