{"id":19226,"date":"2022-10-07T14:54:37","date_gmt":"2022-10-07T14:54:37","guid":{"rendered":"https:\/\/photographer.lu\/photo\/monument-de-la-dame-dor-au-luxembourg\/"},"modified":"2023-09-27T16:40:25","modified_gmt":"2023-09-27T16:40:25","slug":"monument-de-la-dame-dor-au-luxembourg","status":"publish","type":"product","link":"https:\/\/photographer.lu\/fr\/photo\/monument-de-la-dame-dor-au-luxembourg\/","title":{"rendered":"Monument de la Dame d&rsquo;Or au Luxembourg"},"content":{"rendered":"<p>Photo <span style=\"color: #008000;\">commerciale<\/span> de la statue de Gelle Fra &#8211; Monument du Souvenir dans la ville de Luxembourg, la nuit, avec la pleine lune.<\/p>\n<p>Image incluse dans le <a href=\"https:\/\/photographer.lu\/fr\/photo\/calendrier-luxembourg-magique-2023\/\">calendrier Luxembourg Magique 2023<\/a>.<\/p>\n<p>Cette image est disponible sous licence en t\u00e9l\u00e9chargement num\u00e9rique.<\/p>\n<p>Des tirages limit\u00e9s et des tirages libres sont disponibles.<\/p>\n","protected":false},"excerpt":{"rendered":"<p>Gelle Fra &#8211; Statue du Monument du Souvenir dans la ville de Luxembourg la nuit<\/p>\n","protected":false},"featured_media":18505,"comment_status":"open","ping_status":"closed","template":"","meta":{"pgc_sgb_lightbox_settings":""},"product_brand":[],"product_cat":[703,702],"product_tag":[860,856,855,718,714,705,715,859,857,858,824,717,826,713,854,711,861,721,712],"class_list":{"0":"post-19226","1":"product","2":"type-product","3":"status-publish","4":"has-post-thumbnail","6":"product_cat-luxembourg-images-fr","7":"product_cat-tirages-dart","8":"product_tag-ciel","9":"product_tag-dame-dor","10":"product_tag-gelle-fra-fr","11":"product_tag-iconique","12":"product_tag-images-du-luxembourg","13":"product_tag-imprime","14":"product_tag-letzebuerg-fr","15":"product_tag-lune","16":"product_tag-monument-du-souvenir-fr","17":"product_tag-monument-du-souvenir-fr-2","18":"product_tag-nuit","19":"product_tag-photoen","20":"product_tag-photographie-de-nuit","21":"product_tag-photos-du-luxembourg","22":"product_tag-pleine-lune","23":"product_tag-points-de-repere","24":"product_tag-statue-fr","25":"product_tag-symboles","26":"product_tag-ville-de-luxembourg","27":"product_shipping_class-imprimes","29":"first","30":"instock","31":"taxable","32":"shipping-taxable","33":"purchasable","34":"product-type-variable"},"featured_image_urls_v2":{"full":["https:\/\/photographer.lu\/wp-content\/uploads\/2022\/10\/8480-L-VIO-7569-Golden-Lady-Gelle-Fra-Luxembourg-full-moon.webp",1200,800,false],"thumbnail":["https:\/\/photographer.lu\/wp-content\/uploads\/2022\/10\/8480-L-VIO-7569-Golden-Lady-Gelle-Fra-Luxembourg-full-moon-550x367.webp",550,367,true],"medium":["https:\/\/photographer.lu\/wp-content\/uploads\/2022\/10\/8480-L-VIO-7569-Golden-Lady-Gelle-Fra-Luxembourg-full-moon-300x200.webp",300,200,true],"medium_large":["https:\/\/photographer.lu\/wp-content\/uploads\/2022\/10\/8480-L-VIO-7569-Golden-Lady-Gelle-Fra-Luxembourg-full-moon-768x512.webp",768,512,true],"large":["https:\/\/photographer.lu\/wp-content\/uploads\/2022\/10\/8480-L-VIO-7569-Golden-Lady-Gelle-Fra-Luxembourg-full-moon.webp",1200,800,false],"1536x1536":["https:\/\/photographer.lu\/wp-content\/uploads\/2022\/10\/8480-L-VIO-7569-Golden-Lady-Gelle-Fra-Luxembourg-full-moon.webp",1200,800,false],"2048x2048":["https:\/\/photographer.lu\/wp-content\/uploads\/2022\/10\/8480-L-VIO-7569-Golden-Lady-Gelle-Fra-Luxembourg-full-moon.webp",1200,800,false],"woocommerce_archive_thumbnail":["https:\/\/photographer.lu\/wp-content\/uploads\/2022\/10\/8480-L-VIO-7569-Golden-Lady-Gelle-Fra-Luxembourg-full-moon-600x400.webp",600,400,true],"mailpoet_newsletter_max":["https:\/\/photographer.lu\/wp-content\/uploads\/2022\/10\/8480-L-VIO-7569-Golden-Lady-Gelle-Fra-Luxembourg-full-moon.webp",1200,800,false],"woocommerce_thumbnail":["https:\/\/photographer.lu\/wp-content\/uploads\/2022\/10\/8480-L-VIO-7569-Golden-Lady-Gelle-Fra-Luxembourg-full-moon-600x400.webp",600,400,true],"woocommerce_single":["https:\/\/photographer.lu\/wp-content\/uploads\/2022\/10\/8480-L-VIO-7569-Golden-Lady-Gelle-Fra-Luxembourg-full-moon.webp",1200,800,false],"woocommerce_gallery_thumbnail":["https:\/\/photographer.lu\/wp-content\/uploads\/2022\/10\/8480-L-VIO-7569-Golden-Lady-Gelle-Fra-Luxembourg-full-moon-120x120.webp",120,120,true],"jetpack-portfolio-admin-thumb":["https:\/\/photographer.lu\/wp-content\/uploads\/2022\/10\/8480-L-VIO-7569-Golden-Lady-Gelle-Fra-Luxembourg-full-moon-50x50.webp",50,50,true]},"post_excerpt_stackable_v2":"<p>Gelle Fra &#8211; Statue du Monument du Souvenir dans la ville de Luxembourg la nuit<\/p>\n","category_list_v2":"","author_info_v2":{"name":"","url":""},"comments_num_v2":"0 commentaire","acf":[],"jetpack_sharing_enabled":true,"_links":{"self":[{"href":"https:\/\/photographer.lu\/fr\/wp-json\/wp\/v2\/product\/19226","targetHints":{"allow":["GET"]}}],"collection":[{"href":"https:\/\/photographer.lu\/fr\/wp-json\/wp\/v2\/product"}],"about":[{"href":"https:\/\/photographer.lu\/fr\/wp-json\/wp\/v2\/types\/product"}],"replies":[{"embeddable":true,"href":"https:\/\/photographer.lu\/fr\/wp-json\/wp\/v2\/comments?post=19226"}],"wp:featuredmedia":[{"embeddable":true,"href":"https:\/\/photographer.lu\/fr\/wp-json\/wp\/v2\/media\/18505"}],"wp:attachment":[{"href":"https:\/\/photographer.lu\/fr\/wp-json\/wp\/v2\/media?parent=19226"}],"wp:term":[{"taxonomy":"product_brand","embeddable":true,"href":"https:\/\/photographer.lu\/fr\/wp-json\/wp\/v2\/product_brand?post=19226"},{"taxonomy":"product_cat","embeddable":true,"href":"https:\/\/photographer.lu\/fr\/wp-json\/wp\/v2\/product_cat?post=19226"},{"taxonomy":"product_tag","embeddable":true,"href":"https:\/\/photographer.lu\/fr\/wp-json\/wp\/v2\/product_tag?post=19226"}],"curies":[{"name":"wp","href":"https:\/\/api.w.org\/{rel}","templated":true}]}}