{"id":19254,"date":"2022-10-03T17:39:37","date_gmt":"2022-10-03T17:39:37","guid":{"rendered":"https:\/\/photographer.lu\/photo\/les-monuments-emblematiques-du-luxembourg-au-lever-du-soleil\/"},"modified":"2023-09-24T15:41:38","modified_gmt":"2023-09-24T15:41:38","slug":"les-monuments-emblematiques-du-luxembourg-au-lever-du-soleil","status":"publish","type":"product","link":"https:\/\/photographer.lu\/fr\/photo\/les-monuments-emblematiques-du-luxembourg-au-lever-du-soleil\/","title":{"rendered":"Les monuments embl\u00e9matiques du Luxembourg au lever du soleil"},"content":{"rendered":"<p>Photo <span style=\"color: #008000;\">commerciale<\/span> des points de rep\u00e8re du Luxembourg : Le pont Adolphe (\u00e0 gauche), la cath\u00e9drale Notre-Dame (\u00e0 gauche) et la tour de la Spuerkeess Bank (\u00e0 droite), vus au-dessus de la vall\u00e9e de la P\u00e9trusse, \u00e0 Luxembourg, au lever du soleil, par un matin brumeux d&rsquo;automne.<\/p>\n<p>Cette image est disponible sous licence en t\u00e9l\u00e9chargement num\u00e9rique.<\/p>\n<p>Des tirages limit\u00e9s et des tirages libres sont disponibles.<\/p>\n","protected":false},"excerpt":{"rendered":"<p>Pont Adolphe, Notre Dame et la tour Spuerkeess Bank vus au-dessus de la vall\u00e9e de la P\u00e9trusse \u00e0 Luxembourg pendant un lever de soleil brumeux.<\/p>\n","protected":false},"featured_media":18435,"comment_status":"open","ping_status":"closed","template":"","meta":{"pgc_sgb_lightbox_settings":""},"product_brand":[],"product_cat":[703,702],"product_tag":[817,867,731,718,714,705,715,736,732,733,717,713,711,719,712,720],"class_list":{"0":"post-19254","1":"product","2":"type-product","3":"status-publish","4":"has-post-thumbnail","6":"product_cat-luxembourg-images-fr","7":"product_cat-tirages-dart","8":"product_tag-architecture-fr","9":"product_tag-automne","10":"product_tag-eglises","11":"product_tag-iconique","12":"product_tag-images-du-luxembourg","13":"product_tag-imprime","14":"product_tag-letzebuerg-fr","15":"product_tag-ligne-dhorizon","16":"product_tag-paysage-urbain","17":"product_tag-paysages-urbains","18":"product_tag-photoen","19":"product_tag-photos-du-luxembourg","20":"product_tag-points-de-repere","21":"product_tag-saisons","22":"product_tag-ville-de-luxembourg","23":"product_tag-ville-haute-fr","24":"product_shipping_class-imprimes","26":"first","27":"instock","28":"taxable","29":"shipping-taxable","30":"purchasable","31":"product-type-variable"},"featured_image_urls_v2":{"full":["https:\/\/photographer.lu\/wp-content\/uploads\/2022\/10\/8423-L-IMG-2505-Luxembourg-iconic-landmarks-sunrise.webp",1200,800,false],"thumbnail":["https:\/\/photographer.lu\/wp-content\/uploads\/2022\/10\/8423-L-IMG-2505-Luxembourg-iconic-landmarks-sunrise-550x367.webp",550,367,true],"medium":["https:\/\/photographer.lu\/wp-content\/uploads\/2022\/10\/8423-L-IMG-2505-Luxembourg-iconic-landmarks-sunrise-300x200.webp",300,200,true],"medium_large":["https:\/\/photographer.lu\/wp-content\/uploads\/2022\/10\/8423-L-IMG-2505-Luxembourg-iconic-landmarks-sunrise-768x512.webp",768,512,true],"large":["https:\/\/photographer.lu\/wp-content\/uploads\/2022\/10\/8423-L-IMG-2505-Luxembourg-iconic-landmarks-sunrise.webp",1200,800,false],"1536x1536":["https:\/\/photographer.lu\/wp-content\/uploads\/2022\/10\/8423-L-IMG-2505-Luxembourg-iconic-landmarks-sunrise.webp",1200,800,false],"2048x2048":["https:\/\/photographer.lu\/wp-content\/uploads\/2022\/10\/8423-L-IMG-2505-Luxembourg-iconic-landmarks-sunrise.webp",1200,800,false],"woocommerce_archive_thumbnail":["https:\/\/photographer.lu\/wp-content\/uploads\/2022\/10\/8423-L-IMG-2505-Luxembourg-iconic-landmarks-sunrise-600x400.webp",600,400,true],"mailpoet_newsletter_max":["https:\/\/photographer.lu\/wp-content\/uploads\/2022\/10\/8423-L-IMG-2505-Luxembourg-iconic-landmarks-sunrise.webp",1200,800,false],"woocommerce_thumbnail":["https:\/\/photographer.lu\/wp-content\/uploads\/2022\/10\/8423-L-IMG-2505-Luxembourg-iconic-landmarks-sunrise-600x400.webp",600,400,true],"woocommerce_single":["https:\/\/photographer.lu\/wp-content\/uploads\/2022\/10\/8423-L-IMG-2505-Luxembourg-iconic-landmarks-sunrise.webp",1200,800,false],"woocommerce_gallery_thumbnail":["https:\/\/photographer.lu\/wp-content\/uploads\/2022\/10\/8423-L-IMG-2505-Luxembourg-iconic-landmarks-sunrise-120x120.webp",120,120,true],"jetpack-portfolio-admin-thumb":["https:\/\/photographer.lu\/wp-content\/uploads\/2022\/10\/8423-L-IMG-2505-Luxembourg-iconic-landmarks-sunrise-50x50.webp",50,50,true]},"post_excerpt_stackable_v2":"<p>Pont Adolphe, Notre Dame et la tour Spuerkeess Bank vus au-dessus de la vall\u00e9e de la P\u00e9trusse \u00e0 Luxembourg pendant un lever de soleil brumeux.<\/p>\n","category_list_v2":"","author_info_v2":{"name":"","url":""},"comments_num_v2":"0 commentaire","acf":[],"jetpack_sharing_enabled":true,"_links":{"self":[{"href":"https:\/\/photographer.lu\/fr\/wp-json\/wp\/v2\/product\/19254","targetHints":{"allow":["GET"]}}],"collection":[{"href":"https:\/\/photographer.lu\/fr\/wp-json\/wp\/v2\/product"}],"about":[{"href":"https:\/\/photographer.lu\/fr\/wp-json\/wp\/v2\/types\/product"}],"replies":[{"embeddable":true,"href":"https:\/\/photographer.lu\/fr\/wp-json\/wp\/v2\/comments?post=19254"}],"wp:featuredmedia":[{"embeddable":true,"href":"https:\/\/photographer.lu\/fr\/wp-json\/wp\/v2\/media\/18435"}],"wp:attachment":[{"href":"https:\/\/photographer.lu\/fr\/wp-json\/wp\/v2\/media?parent=19254"}],"wp:term":[{"taxonomy":"product_brand","embeddable":true,"href":"https:\/\/photographer.lu\/fr\/wp-json\/wp\/v2\/product_brand?post=19254"},{"taxonomy":"product_cat","embeddable":true,"href":"https:\/\/photographer.lu\/fr\/wp-json\/wp\/v2\/product_cat?post=19254"},{"taxonomy":"product_tag","embeddable":true,"href":"https:\/\/photographer.lu\/fr\/wp-json\/wp\/v2\/product_tag?post=19254"}],"curies":[{"name":"wp","href":"https:\/\/api.w.org\/{rel}","templated":true}]}}