{"id":19351,"date":"2022-10-09T21:19:37","date_gmt":"2022-10-09T21:19:37","guid":{"rendered":"https:\/\/photographer.lu\/photo\/paysage-brumeux-au-lever-du-soleil-au-luxembourg\/"},"modified":"2023-09-26T22:36:01","modified_gmt":"2023-09-26T22:36:01","slug":"brumeux-sunrise-paysage-luxembourg","status":"publish","type":"product","link":"https:\/\/photographer.lu\/fr\/photo\/brumeux-sunrise-paysage-luxembourg\/","title":{"rendered":"Paysage brumeux au lever du soleil au Luxembourg"},"content":{"rendered":"<p>Photo <span style=\"color: #008000;\">commerciale<\/span> d&rsquo;un lever de soleil brumeux en \u00e9t\u00e9 \u00e0 Altlinster, au Grand-Duch\u00e9 de Luxembourg. Les rayons du soleil brillent derri\u00e8re les nuages, tandis que le brouillard entoure les arbres.<\/p>\n<p>Cette image est disponible sous licence en t\u00e9l\u00e9chargement num\u00e9rique.<\/p>\n<p>Des tirages limit\u00e9s et des tirages libres sont disponibles.<\/p>\n","protected":false},"excerpt":{"rendered":"<p>Lever de soleil brumeux en \u00e9t\u00e9 \u00e0 Altlinster, au Grand-Duch\u00e9 de Luxembourg<\/p>\n","protected":false},"featured_media":18643,"comment_status":"open","ping_status":"closed","template":"","meta":{"pgc_sgb_lightbox_settings":""},"product_brand":[],"product_cat":[702],"product_tag":[884,827,829,885,881,714,705,709,886,715,888,882,883,708,717,737,713,719,887,712],"class_list":{"0":"post-19351","1":"product","2":"type-product","3":"status-publish","4":"has-post-thumbnail","6":"product_cat-tirages-dart","7":"product_tag-altlinster-fr","8":"product_tag-brouillard","9":"product_tag-brouillard-fr","10":"product_tag-environnement-naturel","11":"product_tag-ete","12":"product_tag-images-du-luxembourg","13":"product_tag-imprime","14":"product_tag-le-grand-duche-de-luxembourg","15":"product_tag-les-saisons-au-luxembourg","16":"product_tag-letzebuerg-fr","17":"product_tag-lever-du-soleil","18":"product_tag-nature-fr","19":"product_tag-paysage","20":"product_tag-paysages","21":"product_tag-photoen","22":"product_tag-photographie-du-luxembourg","23":"product_tag-photos-du-luxembourg","24":"product_tag-saisons","25":"product_tag-soleil","26":"product_tag-ville-de-luxembourg","27":"product_shipping_class-imprimes","29":"first","30":"instock","31":"taxable","32":"shipping-taxable","33":"purchasable","34":"product-type-variable"},"featured_image_urls_v2":{"full":["https:\/\/photographer.lu\/wp-content\/uploads\/2022\/10\/8494-L-VIO-0775-Foggy-sunrise-landscape-Luxembourg.webp",1200,787,false],"thumbnail":["https:\/\/photographer.lu\/wp-content\/uploads\/2022\/10\/8494-L-VIO-0775-Foggy-sunrise-landscape-Luxembourg-550x361.webp",550,361,true],"medium":["https:\/\/photographer.lu\/wp-content\/uploads\/2022\/10\/8494-L-VIO-0775-Foggy-sunrise-landscape-Luxembourg-300x197.webp",300,197,true],"medium_large":["https:\/\/photographer.lu\/wp-content\/uploads\/2022\/10\/8494-L-VIO-0775-Foggy-sunrise-landscape-Luxembourg-768x504.webp",768,504,true],"large":["https:\/\/photographer.lu\/wp-content\/uploads\/2022\/10\/8494-L-VIO-0775-Foggy-sunrise-landscape-Luxembourg.webp",1200,787,false],"1536x1536":["https:\/\/photographer.lu\/wp-content\/uploads\/2022\/10\/8494-L-VIO-0775-Foggy-sunrise-landscape-Luxembourg.webp",1200,787,false],"2048x2048":["https:\/\/photographer.lu\/wp-content\/uploads\/2022\/10\/8494-L-VIO-0775-Foggy-sunrise-landscape-Luxembourg.webp",1200,787,false],"woocommerce_archive_thumbnail":["https:\/\/photographer.lu\/wp-content\/uploads\/2022\/10\/8494-L-VIO-0775-Foggy-sunrise-landscape-Luxembourg-600x394.webp",600,394,true],"mailpoet_newsletter_max":["https:\/\/photographer.lu\/wp-content\/uploads\/2022\/10\/8494-L-VIO-0775-Foggy-sunrise-landscape-Luxembourg.webp",1200,787,false],"woocommerce_thumbnail":["https:\/\/photographer.lu\/wp-content\/uploads\/2022\/10\/8494-L-VIO-0775-Foggy-sunrise-landscape-Luxembourg-600x394.webp",600,394,true],"woocommerce_single":["https:\/\/photographer.lu\/wp-content\/uploads\/2022\/10\/8494-L-VIO-0775-Foggy-sunrise-landscape-Luxembourg.webp",1200,787,false],"woocommerce_gallery_thumbnail":["https:\/\/photographer.lu\/wp-content\/uploads\/2022\/10\/8494-L-VIO-0775-Foggy-sunrise-landscape-Luxembourg-120x120.webp",120,120,true],"jetpack-portfolio-admin-thumb":["https:\/\/photographer.lu\/wp-content\/uploads\/2022\/10\/8494-L-VIO-0775-Foggy-sunrise-landscape-Luxembourg-50x50.webp",50,50,true]},"post_excerpt_stackable_v2":"<p>Lever de soleil brumeux en \u00e9t\u00e9 \u00e0 Altlinster, au Grand-Duch\u00e9 de Luxembourg<\/p>\n","category_list_v2":"","author_info_v2":{"name":"","url":""},"comments_num_v2":"0 commentaire","acf":[],"jetpack_sharing_enabled":true,"_links":{"self":[{"href":"https:\/\/photographer.lu\/fr\/wp-json\/wp\/v2\/product\/19351","targetHints":{"allow":["GET"]}}],"collection":[{"href":"https:\/\/photographer.lu\/fr\/wp-json\/wp\/v2\/product"}],"about":[{"href":"https:\/\/photographer.lu\/fr\/wp-json\/wp\/v2\/types\/product"}],"replies":[{"embeddable":true,"href":"https:\/\/photographer.lu\/fr\/wp-json\/wp\/v2\/comments?post=19351"}],"wp:featuredmedia":[{"embeddable":true,"href":"https:\/\/photographer.lu\/fr\/wp-json\/wp\/v2\/media\/18643"}],"wp:attachment":[{"href":"https:\/\/photographer.lu\/fr\/wp-json\/wp\/v2\/media?parent=19351"}],"wp:term":[{"taxonomy":"product_brand","embeddable":true,"href":"https:\/\/photographer.lu\/fr\/wp-json\/wp\/v2\/product_brand?post=19351"},{"taxonomy":"product_cat","embeddable":true,"href":"https:\/\/photographer.lu\/fr\/wp-json\/wp\/v2\/product_cat?post=19351"},{"taxonomy":"product_tag","embeddable":true,"href":"https:\/\/photographer.lu\/fr\/wp-json\/wp\/v2\/product_tag?post=19351"}],"curies":[{"name":"wp","href":"https:\/\/api.w.org\/{rel}","templated":true}]}}