{"id":19420,"date":"2022-10-03T18:06:37","date_gmt":"2022-10-03T18:06:37","guid":{"rendered":"https:\/\/photographer.lu\/photo\/lac-de-la-haute-sure-au-luxembourg-vue-aerienne\/"},"modified":"2023-09-27T17:44:21","modified_gmt":"2023-09-27T17:44:21","slug":"lac-haute-sure-luxembourg-vue-aerienne","status":"publish","type":"product","link":"https:\/\/photographer.lu\/fr\/photo\/lac-haute-sure-luxembourg-vue-aerienne\/","title":{"rendered":"Lac de la Haute-S\u00fbre au Luxembourg vue a\u00e9rienne"},"content":{"rendered":"<p>Photo a\u00e9rienne <span style=\"color: #008000;\">commerciale<\/span> du lac de la Haute-S\u00fbre au Luxembourg (Lac de la Haute-S\u00fbre) vue d&rsquo;en haut pendant l&rsquo;\u00e9t\u00e9.<\/p>\n<p>Cette image est disponible sous licence en tant que photo d&rsquo;archives \u00e0 t\u00e9l\u00e9charger.<\/p>\n<p>Des tirages limit\u00e9s et des tirages libres sont disponibles.<\/p>\n","protected":false},"excerpt":{"rendered":"<p>Le lac de la Haute-S\u00fbre au Luxembourg (Lac de la Haute-S\u00fbre) vu d&rsquo;en haut<\/p>\n","protected":false},"featured_media":18443,"comment_status":"open","ping_status":"closed","template":"","meta":{"pgc_sgb_lightbox_settings":""},"product_brand":[],"product_cat":[703,702],"product_tag":[710,714,705,889,709,715,882,708,890,717,713,711,719],"class_list":{"0":"post-19420","1":"product","2":"type-product","3":"status-publish","4":"has-post-thumbnail","6":"product_cat-luxembourg-images-fr","7":"product_cat-tirages-dart","8":"product_tag-grand-duche","9":"product_tag-images-du-luxembourg","10":"product_tag-imprime","11":"product_tag-lacs","12":"product_tag-le-grand-duche-de-luxembourg","13":"product_tag-letzebuerg-fr","14":"product_tag-nature-fr","15":"product_tag-paysages","16":"product_tag-paysages-naturels","17":"product_tag-photoen","18":"product_tag-photos-du-luxembourg","19":"product_tag-points-de-repere","20":"product_tag-saisons","21":"product_shipping_class-imprimes","23":"first","24":"instock","25":"taxable","26":"shipping-taxable","27":"purchasable","28":"product-type-variable"},"featured_image_urls_v2":{"full":["https:\/\/photographer.lu\/wp-content\/uploads\/2022\/10\/8430-L-VIO-5053-Upper-Sure-Lake-Luxembourg.webp",1200,800,false],"thumbnail":["https:\/\/photographer.lu\/wp-content\/uploads\/2022\/10\/8430-L-VIO-5053-Upper-Sure-Lake-Luxembourg-550x367.webp",550,367,true],"medium":["https:\/\/photographer.lu\/wp-content\/uploads\/2022\/10\/8430-L-VIO-5053-Upper-Sure-Lake-Luxembourg-300x200.webp",300,200,true],"medium_large":["https:\/\/photographer.lu\/wp-content\/uploads\/2022\/10\/8430-L-VIO-5053-Upper-Sure-Lake-Luxembourg-768x512.webp",768,512,true],"large":["https:\/\/photographer.lu\/wp-content\/uploads\/2022\/10\/8430-L-VIO-5053-Upper-Sure-Lake-Luxembourg.webp",1200,800,false],"1536x1536":["https:\/\/photographer.lu\/wp-content\/uploads\/2022\/10\/8430-L-VIO-5053-Upper-Sure-Lake-Luxembourg.webp",1200,800,false],"2048x2048":["https:\/\/photographer.lu\/wp-content\/uploads\/2022\/10\/8430-L-VIO-5053-Upper-Sure-Lake-Luxembourg.webp",1200,800,false],"woocommerce_archive_thumbnail":["https:\/\/photographer.lu\/wp-content\/uploads\/2022\/10\/8430-L-VIO-5053-Upper-Sure-Lake-Luxembourg-600x400.webp",600,400,true],"mailpoet_newsletter_max":["https:\/\/photographer.lu\/wp-content\/uploads\/2022\/10\/8430-L-VIO-5053-Upper-Sure-Lake-Luxembourg.webp",1200,800,false],"woocommerce_thumbnail":["https:\/\/photographer.lu\/wp-content\/uploads\/2022\/10\/8430-L-VIO-5053-Upper-Sure-Lake-Luxembourg-600x400.webp",600,400,true],"woocommerce_single":["https:\/\/photographer.lu\/wp-content\/uploads\/2022\/10\/8430-L-VIO-5053-Upper-Sure-Lake-Luxembourg.webp",1200,800,false],"woocommerce_gallery_thumbnail":["https:\/\/photographer.lu\/wp-content\/uploads\/2022\/10\/8430-L-VIO-5053-Upper-Sure-Lake-Luxembourg-120x120.webp",120,120,true],"jetpack-portfolio-admin-thumb":["https:\/\/photographer.lu\/wp-content\/uploads\/2022\/10\/8430-L-VIO-5053-Upper-Sure-Lake-Luxembourg-50x50.webp",50,50,true]},"post_excerpt_stackable_v2":"<p>Le lac de la Haute-S\u00fbre au Luxembourg (Lac de la Haute-S\u00fbre) vu d&rsquo;en haut<\/p>\n","category_list_v2":"","author_info_v2":{"name":"","url":""},"comments_num_v2":"0 commentaire","acf":[],"jetpack_sharing_enabled":true,"_links":{"self":[{"href":"https:\/\/photographer.lu\/fr\/wp-json\/wp\/v2\/product\/19420","targetHints":{"allow":["GET"]}}],"collection":[{"href":"https:\/\/photographer.lu\/fr\/wp-json\/wp\/v2\/product"}],"about":[{"href":"https:\/\/photographer.lu\/fr\/wp-json\/wp\/v2\/types\/product"}],"replies":[{"embeddable":true,"href":"https:\/\/photographer.lu\/fr\/wp-json\/wp\/v2\/comments?post=19420"}],"wp:featuredmedia":[{"embeddable":true,"href":"https:\/\/photographer.lu\/fr\/wp-json\/wp\/v2\/media\/18443"}],"wp:attachment":[{"href":"https:\/\/photographer.lu\/fr\/wp-json\/wp\/v2\/media?parent=19420"}],"wp:term":[{"taxonomy":"product_brand","embeddable":true,"href":"https:\/\/photographer.lu\/fr\/wp-json\/wp\/v2\/product_brand?post=19420"},{"taxonomy":"product_cat","embeddable":true,"href":"https:\/\/photographer.lu\/fr\/wp-json\/wp\/v2\/product_cat?post=19420"},{"taxonomy":"product_tag","embeddable":true,"href":"https:\/\/photographer.lu\/fr\/wp-json\/wp\/v2\/product_tag?post=19420"}],"curies":[{"name":"wp","href":"https:\/\/api.w.org\/{rel}","templated":true}]}}