{"id":19421,"date":"2022-09-18T15:15:33","date_gmt":"2022-09-18T15:15:33","guid":{"rendered":"https:\/\/photographer.lu\/photo\/paysage-urbain-aerien-brumeux-de-la-ville-de-luxembourg\/"},"modified":"2023-09-28T13:05:28","modified_gmt":"2023-09-28T13:05:28","slug":"luxembourg-city-aerial-foggy-cityscape","status":"publish","type":"product","link":"https:\/\/photographer.lu\/fr\/photo\/luxembourg-city-aerial-foggy-cityscape\/","title":{"rendered":"Paysage urbain a\u00e9rien brumeux de la ville de Luxembourg"},"content":{"rendered":"<p>Photo commerciale de la ligne d&rsquo;horizon de la ville de Luxembourg : vue a\u00e9rienne du paysage urbain lors d&rsquo;une matin\u00e9e brumeuse d&rsquo;automne, montrant les monuments embl\u00e9matiques que sont la cath\u00e9drale Notre-Dame et l&rsquo;\u00e9glise Saint-Michel dans la vieille ville, s&rsquo;\u00e9levant au-dessus de la capitale avec des arbres dor\u00e9s. Un train de transport public CFL circule sur le pont du viaduc de Pulvermuhl, au-dessus de la vall\u00e9e de Pfaffenthal.<\/p>\n<p>Cette image est disponible sous licence en t\u00e9l\u00e9chargement num\u00e9rique.<\/p>\n<p>Des tirages limit\u00e9s et des tirages libres sont disponibles.<\/p>\n","protected":false},"excerpt":{"rendered":"<p>Vue a\u00e9rienne de l&rsquo;horizon de la ville de Luxembourg par un matin brumeux d&rsquo;automne.<\/p>\n","protected":false},"featured_media":18397,"comment_status":"closed","ping_status":"closed","template":"","meta":{"pgc_sgb_lightbox_settings":""},"product_brand":[],"product_cat":[703,702],"product_tag":[827,829,714,705,715,865,708,713,711,730,816,712],"class_list":{"0":"post-19421","1":"product","2":"type-product","3":"status-publish","4":"has-post-thumbnail","6":"product_cat-luxembourg-images-fr","7":"product_cat-tirages-dart","8":"product_tag-brouillard","9":"product_tag-brouillard-fr","10":"product_tag-images-du-luxembourg","11":"product_tag-imprime","12":"product_tag-letzebuerg-fr","13":"product_tag-matin","14":"product_tag-paysages","15":"product_tag-photos-du-luxembourg","16":"product_tag-points-de-repere","17":"product_tag-vieille-ville","18":"product_tag-vieux","19":"product_tag-ville-de-luxembourg","20":"product_shipping_class-imprimes","22":"first","23":"instock","24":"taxable","25":"shipping-taxable","26":"purchasable","27":"product-type-variable"},"featured_image_urls_v2":{"full":["https:\/\/photographer.lu\/wp-content\/uploads\/2022\/09\/8415-L-VIO-2569-Luxembourg-city-aerial-foggy-cityscape.webp",1200,801,false],"thumbnail":["https:\/\/photographer.lu\/wp-content\/uploads\/2022\/09\/8415-L-VIO-2569-Luxembourg-city-aerial-foggy-cityscape.webp",550,367,false],"medium":["https:\/\/photographer.lu\/wp-content\/uploads\/2022\/09\/8415-L-VIO-2569-Luxembourg-city-aerial-foggy-cityscape.webp",300,200,false],"medium_large":["https:\/\/photographer.lu\/wp-content\/uploads\/2022\/09\/8415-L-VIO-2569-Luxembourg-city-aerial-foggy-cityscape.webp",768,513,false],"large":["https:\/\/photographer.lu\/wp-content\/uploads\/2022\/09\/8415-L-VIO-2569-Luxembourg-city-aerial-foggy-cityscape.webp",1200,801,false],"1536x1536":["https:\/\/photographer.lu\/wp-content\/uploads\/2022\/09\/8415-L-VIO-2569-Luxembourg-city-aerial-foggy-cityscape.webp",1200,801,false],"2048x2048":["https:\/\/photographer.lu\/wp-content\/uploads\/2022\/09\/8415-L-VIO-2569-Luxembourg-city-aerial-foggy-cityscape.webp",1200,801,false],"woocommerce_archive_thumbnail":["https:\/\/photographer.lu\/wp-content\/uploads\/2022\/09\/8415-L-VIO-2569-Luxembourg-city-aerial-foggy-cityscape-600x401.webp",600,401,true],"mailpoet_newsletter_max":["https:\/\/photographer.lu\/wp-content\/uploads\/2022\/09\/8415-L-VIO-2569-Luxembourg-city-aerial-foggy-cityscape.webp",1200,801,false],"woocommerce_thumbnail":["https:\/\/photographer.lu\/wp-content\/uploads\/2022\/09\/8415-L-VIO-2569-Luxembourg-city-aerial-foggy-cityscape-600x401.webp",600,401,true],"woocommerce_single":["https:\/\/photographer.lu\/wp-content\/uploads\/2022\/09\/8415-L-VIO-2569-Luxembourg-city-aerial-foggy-cityscape.webp",1200,801,false],"woocommerce_gallery_thumbnail":["https:\/\/photographer.lu\/wp-content\/uploads\/2022\/09\/8415-L-VIO-2569-Luxembourg-city-aerial-foggy-cityscape-120x120.webp",120,120,true],"jetpack-portfolio-admin-thumb":["https:\/\/photographer.lu\/wp-content\/uploads\/2022\/09\/8415-L-VIO-2569-Luxembourg-city-aerial-foggy-cityscape.webp",50,33,false]},"post_excerpt_stackable_v2":"<p>Vue a\u00e9rienne de l&rsquo;horizon de la ville de Luxembourg par un matin brumeux d&rsquo;automne.<\/p>\n","category_list_v2":"","author_info_v2":{"name":"","url":""},"comments_num_v2":"0 commentaire","acf":[],"jetpack_sharing_enabled":true,"_links":{"self":[{"href":"https:\/\/photographer.lu\/fr\/wp-json\/wp\/v2\/product\/19421","targetHints":{"allow":["GET"]}}],"collection":[{"href":"https:\/\/photographer.lu\/fr\/wp-json\/wp\/v2\/product"}],"about":[{"href":"https:\/\/photographer.lu\/fr\/wp-json\/wp\/v2\/types\/product"}],"replies":[{"embeddable":true,"href":"https:\/\/photographer.lu\/fr\/wp-json\/wp\/v2\/comments?post=19421"}],"wp:featuredmedia":[{"embeddable":true,"href":"https:\/\/photographer.lu\/fr\/wp-json\/wp\/v2\/media\/18397"}],"wp:attachment":[{"href":"https:\/\/photographer.lu\/fr\/wp-json\/wp\/v2\/media?parent=19421"}],"wp:term":[{"taxonomy":"product_brand","embeddable":true,"href":"https:\/\/photographer.lu\/fr\/wp-json\/wp\/v2\/product_brand?post=19421"},{"taxonomy":"product_cat","embeddable":true,"href":"https:\/\/photographer.lu\/fr\/wp-json\/wp\/v2\/product_cat?post=19421"},{"taxonomy":"product_tag","embeddable":true,"href":"https:\/\/photographer.lu\/fr\/wp-json\/wp\/v2\/product_tag?post=19421"}],"curies":[{"name":"wp","href":"https:\/\/api.w.org\/{rel}","templated":true}]}}