{"id":19582,"date":"2022-09-30T15:26:45","date_gmt":"2022-09-30T15:26:45","guid":{"rendered":"https:\/\/photographer.lu\/photo\/lever-de-soleil-dans-la-ville-de-luxembourg\/"},"modified":"2023-09-27T05:00:40","modified_gmt":"2023-09-27T05:00:40","slug":"lever-de-soleil-dans-la-ville-de-luxembourg","status":"publish","type":"product","link":"https:\/\/photographer.lu\/fr\/photo\/lever-de-soleil-dans-la-ville-de-luxembourg\/","title":{"rendered":"Lever de soleil dans la ville de Luxembourg"},"content":{"rendered":"<p>Photo <span style=\"color: #008000;\">commerciale<\/span> d&rsquo;un lever de soleil dans la ville de Luxembourg, avec les rayons du soleil \u00e0 c\u00f4t\u00e9 de l&#8217;embl\u00e9matique Tour Spuerkeess au-dessus de la vall\u00e9e de la Petrusse.<\/p>\n<p>Cette image est disponible sous licence en t\u00e9l\u00e9chargement num\u00e9rique.<\/p>\n<p>Des tirages limit\u00e9s et des tirages libres sont disponibles.<\/p>\n","protected":false},"excerpt":{"rendered":"<p>Lever de soleil dans la ville de Luxembourg, avec les rayons du soleil \u00e0 c\u00f4t\u00e9 de l&#8217;embl\u00e9matique Tour Spuerkeess.<\/p>\n","protected":false},"featured_media":18403,"comment_status":"open","ping_status":"closed","template":"","meta":{"pgc_sgb_lightbox_settings":""},"product_brand":[],"product_cat":[703,702],"product_tag":[714,705,715,865,713,711,730,712],"class_list":{"0":"post-19582","1":"product","2":"type-product","3":"status-publish","4":"has-post-thumbnail","6":"product_cat-luxembourg-images-fr","7":"product_cat-tirages-dart","8":"product_tag-images-du-luxembourg","9":"product_tag-imprime","10":"product_tag-letzebuerg-fr","11":"product_tag-matin","12":"product_tag-photos-du-luxembourg","13":"product_tag-points-de-repere","14":"product_tag-vieille-ville","15":"product_tag-ville-de-luxembourg","16":"product_shipping_class-imprimes","18":"first","19":"instock","20":"taxable","21":"shipping-taxable","22":"purchasable","23":"product-type-variable"},"featured_image_urls_v2":{"full":["https:\/\/photographer.lu\/wp-content\/uploads\/2022\/09\/8409-L-VIO-5125-Sunrise-Luxembourg-city.webp",1200,800,false],"thumbnail":["https:\/\/photographer.lu\/wp-content\/uploads\/2022\/09\/8409-L-VIO-5125-Sunrise-Luxembourg-city-550x367.webp",550,367,true],"medium":["https:\/\/photographer.lu\/wp-content\/uploads\/2022\/09\/8409-L-VIO-5125-Sunrise-Luxembourg-city-300x200.webp",300,200,true],"medium_large":["https:\/\/photographer.lu\/wp-content\/uploads\/2022\/09\/8409-L-VIO-5125-Sunrise-Luxembourg-city-768x512.webp",768,512,true],"large":["https:\/\/photographer.lu\/wp-content\/uploads\/2022\/09\/8409-L-VIO-5125-Sunrise-Luxembourg-city.webp",1200,800,false],"1536x1536":["https:\/\/photographer.lu\/wp-content\/uploads\/2022\/09\/8409-L-VIO-5125-Sunrise-Luxembourg-city.webp",1200,800,false],"2048x2048":["https:\/\/photographer.lu\/wp-content\/uploads\/2022\/09\/8409-L-VIO-5125-Sunrise-Luxembourg-city.webp",1200,800,false],"woocommerce_archive_thumbnail":["https:\/\/photographer.lu\/wp-content\/uploads\/2022\/09\/8409-L-VIO-5125-Sunrise-Luxembourg-city-600x400.webp",600,400,true],"mailpoet_newsletter_max":["https:\/\/photographer.lu\/wp-content\/uploads\/2022\/09\/8409-L-VIO-5125-Sunrise-Luxembourg-city.webp",1200,800,false],"woocommerce_thumbnail":["https:\/\/photographer.lu\/wp-content\/uploads\/2022\/09\/8409-L-VIO-5125-Sunrise-Luxembourg-city-600x400.webp",600,400,true],"woocommerce_single":["https:\/\/photographer.lu\/wp-content\/uploads\/2022\/09\/8409-L-VIO-5125-Sunrise-Luxembourg-city.webp",1200,800,false],"woocommerce_gallery_thumbnail":["https:\/\/photographer.lu\/wp-content\/uploads\/2022\/09\/8409-L-VIO-5125-Sunrise-Luxembourg-city-120x120.webp",120,120,true],"jetpack-portfolio-admin-thumb":["https:\/\/photographer.lu\/wp-content\/uploads\/2022\/09\/8409-L-VIO-5125-Sunrise-Luxembourg-city-50x50.webp",50,50,true]},"post_excerpt_stackable_v2":"<p>Lever de soleil dans la ville de Luxembourg, avec les rayons du soleil \u00e0 c\u00f4t\u00e9 de l&#8217;embl\u00e9matique Tour Spuerkeess.<\/p>\n","category_list_v2":"","author_info_v2":{"name":"","url":""},"comments_num_v2":"0 commentaire","acf":[],"jetpack_sharing_enabled":true,"_links":{"self":[{"href":"https:\/\/photographer.lu\/fr\/wp-json\/wp\/v2\/product\/19582","targetHints":{"allow":["GET"]}}],"collection":[{"href":"https:\/\/photographer.lu\/fr\/wp-json\/wp\/v2\/product"}],"about":[{"href":"https:\/\/photographer.lu\/fr\/wp-json\/wp\/v2\/types\/product"}],"replies":[{"embeddable":true,"href":"https:\/\/photographer.lu\/fr\/wp-json\/wp\/v2\/comments?post=19582"}],"wp:featuredmedia":[{"embeddable":true,"href":"https:\/\/photographer.lu\/fr\/wp-json\/wp\/v2\/media\/18403"}],"wp:attachment":[{"href":"https:\/\/photographer.lu\/fr\/wp-json\/wp\/v2\/media?parent=19582"}],"wp:term":[{"taxonomy":"product_brand","embeddable":true,"href":"https:\/\/photographer.lu\/fr\/wp-json\/wp\/v2\/product_brand?post=19582"},{"taxonomy":"product_cat","embeddable":true,"href":"https:\/\/photographer.lu\/fr\/wp-json\/wp\/v2\/product_cat?post=19582"},{"taxonomy":"product_tag","embeddable":true,"href":"https:\/\/photographer.lu\/fr\/wp-json\/wp\/v2\/product_tag?post=19582"}],"curies":[{"name":"wp","href":"https:\/\/api.w.org\/{rel}","templated":true}]}}