{"id":19673,"date":"2022-10-06T23:47:01","date_gmt":"2022-10-06T23:47:01","guid":{"rendered":"https:\/\/photographer.lu\/photo\/chemin-forestier-brumeux-au-luxembourg\/"},"modified":"2023-09-25T16:28:01","modified_gmt":"2023-09-25T16:28:01","slug":"chemin-forestier-brumeux-au-luxembourg","status":"publish","type":"product","link":"https:\/\/photographer.lu\/fr\/photo\/chemin-forestier-brumeux-au-luxembourg\/","title":{"rendered":"Chemin forestier brumeux au Luxembourg"},"content":{"rendered":"<p>Photo <span style=\"color: #008000;\">commerciale<\/span> d&rsquo;un chemin dans une for\u00eat brumeuse en automne au Luxembourg.<\/p>\n<p>Cette image est disponible sous licence en tant que photo d&rsquo;archives \u00e0 t\u00e9l\u00e9charger.<\/p>\n<p>Des tirages limit\u00e9s et des tirages libres sont disponibles.<\/p>\n","protected":false},"excerpt":{"rendered":"<p>Chemin dans une for\u00eat brumeuse en automne<\/p>\n","protected":false},"featured_media":18469,"comment_status":"open","ping_status":"closed","template":"","meta":{"pgc_sgb_lightbox_settings":""},"product_brand":[],"product_cat":[702],"product_tag":[896,867,827,829,898,714,705,715,882,883,708,890,717,713,719],"class_list":{"0":"post-19673","1":"product","2":"type-product","3":"status-publish","4":"has-post-thumbnail","6":"product_cat-tirages-dart","7":"product_tag-arbres","8":"product_tag-automne","9":"product_tag-brouillard","10":"product_tag-brouillard-fr","11":"product_tag-foret","12":"product_tag-images-du-luxembourg","13":"product_tag-imprime","14":"product_tag-letzebuerg-fr","15":"product_tag-nature-fr","16":"product_tag-paysage","17":"product_tag-paysages","18":"product_tag-paysages-naturels","19":"product_tag-photoen","20":"product_tag-photos-du-luxembourg","21":"product_tag-saisons","22":"product_shipping_class-imprimes","24":"first","25":"instock","26":"taxable","27":"shipping-taxable","28":"purchasable","29":"product-type-variable"},"featured_image_urls_v2":{"full":["https:\/\/photographer.lu\/wp-content\/uploads\/2022\/10\/8470-L-VIO-4516-Foggy-forest-autumn-Luxembourg.webp",1200,800,false],"thumbnail":["https:\/\/photographer.lu\/wp-content\/uploads\/2022\/10\/8470-L-VIO-4516-Foggy-forest-autumn-Luxembourg-550x367.webp",550,367,true],"medium":["https:\/\/photographer.lu\/wp-content\/uploads\/2022\/10\/8470-L-VIO-4516-Foggy-forest-autumn-Luxembourg-300x200.webp",300,200,true],"medium_large":["https:\/\/photographer.lu\/wp-content\/uploads\/2022\/10\/8470-L-VIO-4516-Foggy-forest-autumn-Luxembourg-768x512.webp",768,512,true],"large":["https:\/\/photographer.lu\/wp-content\/uploads\/2022\/10\/8470-L-VIO-4516-Foggy-forest-autumn-Luxembourg.webp",1200,800,false],"1536x1536":["https:\/\/photographer.lu\/wp-content\/uploads\/2022\/10\/8470-L-VIO-4516-Foggy-forest-autumn-Luxembourg.webp",1200,800,false],"2048x2048":["https:\/\/photographer.lu\/wp-content\/uploads\/2022\/10\/8470-L-VIO-4516-Foggy-forest-autumn-Luxembourg.webp",1200,800,false],"woocommerce_archive_thumbnail":["https:\/\/photographer.lu\/wp-content\/uploads\/2022\/10\/8470-L-VIO-4516-Foggy-forest-autumn-Luxembourg-600x400.webp",600,400,true],"mailpoet_newsletter_max":["https:\/\/photographer.lu\/wp-content\/uploads\/2022\/10\/8470-L-VIO-4516-Foggy-forest-autumn-Luxembourg.webp",1200,800,false],"woocommerce_thumbnail":["https:\/\/photographer.lu\/wp-content\/uploads\/2022\/10\/8470-L-VIO-4516-Foggy-forest-autumn-Luxembourg-600x400.webp",600,400,true],"woocommerce_single":["https:\/\/photographer.lu\/wp-content\/uploads\/2022\/10\/8470-L-VIO-4516-Foggy-forest-autumn-Luxembourg.webp",1200,800,false],"woocommerce_gallery_thumbnail":["https:\/\/photographer.lu\/wp-content\/uploads\/2022\/10\/8470-L-VIO-4516-Foggy-forest-autumn-Luxembourg-120x120.webp",120,120,true],"jetpack-portfolio-admin-thumb":["https:\/\/photographer.lu\/wp-content\/uploads\/2022\/10\/8470-L-VIO-4516-Foggy-forest-autumn-Luxembourg-50x50.webp",50,50,true]},"post_excerpt_stackable_v2":"<p>Chemin dans une for\u00eat brumeuse en automne<\/p>\n","category_list_v2":"","author_info_v2":{"name":"","url":""},"comments_num_v2":"0 commentaire","acf":[],"jetpack_sharing_enabled":true,"_links":{"self":[{"href":"https:\/\/photographer.lu\/fr\/wp-json\/wp\/v2\/product\/19673","targetHints":{"allow":["GET"]}}],"collection":[{"href":"https:\/\/photographer.lu\/fr\/wp-json\/wp\/v2\/product"}],"about":[{"href":"https:\/\/photographer.lu\/fr\/wp-json\/wp\/v2\/types\/product"}],"replies":[{"embeddable":true,"href":"https:\/\/photographer.lu\/fr\/wp-json\/wp\/v2\/comments?post=19673"}],"wp:featuredmedia":[{"embeddable":true,"href":"https:\/\/photographer.lu\/fr\/wp-json\/wp\/v2\/media\/18469"}],"wp:attachment":[{"href":"https:\/\/photographer.lu\/fr\/wp-json\/wp\/v2\/media?parent=19673"}],"wp:term":[{"taxonomy":"product_brand","embeddable":true,"href":"https:\/\/photographer.lu\/fr\/wp-json\/wp\/v2\/product_brand?post=19673"},{"taxonomy":"product_cat","embeddable":true,"href":"https:\/\/photographer.lu\/fr\/wp-json\/wp\/v2\/product_cat?post=19673"},{"taxonomy":"product_tag","embeddable":true,"href":"https:\/\/photographer.lu\/fr\/wp-json\/wp\/v2\/product_tag?post=19673"}],"curies":[{"name":"wp","href":"https:\/\/api.w.org\/{rel}","templated":true}]}}