{"id":19674,"date":"2022-09-30T20:11:43","date_gmt":"2022-09-30T20:11:43","guid":{"rendered":"https:\/\/photographer.lu\/photo\/echternach-au-luxembourg-photo-de-rue\/"},"modified":"2023-09-27T11:22:19","modified_gmt":"2023-09-27T11:22:19","slug":"echternach-au-luxembourg-photo-de-rue","status":"publish","type":"product","link":"https:\/\/photographer.lu\/fr\/photo\/echternach-au-luxembourg-photo-de-rue\/","title":{"rendered":"Echternach au Luxembourg photo de rue"},"content":{"rendered":"<p>Photo <span style=\"color: #008000;\">commerciale<\/span> de rue d&rsquo;Echternach au Grand-Duch\u00e9 de Luxembourg.<\/p>\n<p>Cette image est disponible sous licence en t\u00e9l\u00e9chargement num\u00e9rique.<\/p>\n<p>Des tirages limit\u00e9s et des tirages libres sont disponibles.<\/p>\n","protected":false},"excerpt":{"rendered":"<p>Photo de rue d&rsquo;Echternach au Grand-Duch\u00e9 de Luxembourg<\/p>\n","protected":false},"featured_media":18413,"comment_status":"open","ping_status":"closed","template":"","meta":{"pgc_sgb_lightbox_settings":""},"product_brand":[],"product_cat":[703,702],"product_tag":[903,714,705,709,904,713],"class_list":{"0":"post-19674","1":"product","2":"type-product","3":"status-publish","4":"has-post-thumbnail","6":"product_cat-luxembourg-images-fr","7":"product_cat-tirages-dart","8":"product_tag-echternach-fr","9":"product_tag-images-du-luxembourg","10":"product_tag-imprime","11":"product_tag-le-grand-duche-de-luxembourg","12":"product_tag-photographie-de-rue","13":"product_tag-photos-du-luxembourg","14":"product_shipping_class-imprimes","16":"first","17":"instock","18":"taxable","19":"shipping-taxable","20":"purchasable","21":"product-type-variable"},"featured_image_urls_v2":{"full":["https:\/\/photographer.lu\/wp-content\/uploads\/2022\/09\/8792-L-IMG-6802-Echternach-Luxembourg-street.webp",1200,800,false],"thumbnail":["https:\/\/photographer.lu\/wp-content\/uploads\/2022\/09\/8792-L-IMG-6802-Echternach-Luxembourg-street-550x367.webp",550,367,true],"medium":["https:\/\/photographer.lu\/wp-content\/uploads\/2022\/09\/8792-L-IMG-6802-Echternach-Luxembourg-street-300x200.webp",300,200,true],"medium_large":["https:\/\/photographer.lu\/wp-content\/uploads\/2022\/09\/8792-L-IMG-6802-Echternach-Luxembourg-street-768x512.webp",768,512,true],"large":["https:\/\/photographer.lu\/wp-content\/uploads\/2022\/09\/8792-L-IMG-6802-Echternach-Luxembourg-street.webp",1200,800,false],"1536x1536":["https:\/\/photographer.lu\/wp-content\/uploads\/2022\/09\/8792-L-IMG-6802-Echternach-Luxembourg-street.webp",1200,800,false],"2048x2048":["https:\/\/photographer.lu\/wp-content\/uploads\/2022\/09\/8792-L-IMG-6802-Echternach-Luxembourg-street.webp",1200,800,false],"woocommerce_archive_thumbnail":["https:\/\/photographer.lu\/wp-content\/uploads\/2022\/09\/8792-L-IMG-6802-Echternach-Luxembourg-street-600x400.webp",600,400,true],"mailpoet_newsletter_max":["https:\/\/photographer.lu\/wp-content\/uploads\/2022\/09\/8792-L-IMG-6802-Echternach-Luxembourg-street.webp",1200,800,false],"woocommerce_thumbnail":["https:\/\/photographer.lu\/wp-content\/uploads\/2022\/09\/8792-L-IMG-6802-Echternach-Luxembourg-street-600x400.webp",600,400,true],"woocommerce_single":["https:\/\/photographer.lu\/wp-content\/uploads\/2022\/09\/8792-L-IMG-6802-Echternach-Luxembourg-street.webp",1200,800,false],"woocommerce_gallery_thumbnail":["https:\/\/photographer.lu\/wp-content\/uploads\/2022\/09\/8792-L-IMG-6802-Echternach-Luxembourg-street-120x120.webp",120,120,true],"jetpack-portfolio-admin-thumb":["https:\/\/photographer.lu\/wp-content\/uploads\/2022\/09\/8792-L-IMG-6802-Echternach-Luxembourg-street-50x50.webp",50,50,true]},"post_excerpt_stackable_v2":"<p>Photo de rue d&rsquo;Echternach au Grand-Duch\u00e9 de Luxembourg<\/p>\n","category_list_v2":"","author_info_v2":{"name":"","url":""},"comments_num_v2":"0 commentaire","acf":[],"jetpack_sharing_enabled":true,"_links":{"self":[{"href":"https:\/\/photographer.lu\/fr\/wp-json\/wp\/v2\/product\/19674","targetHints":{"allow":["GET"]}}],"collection":[{"href":"https:\/\/photographer.lu\/fr\/wp-json\/wp\/v2\/product"}],"about":[{"href":"https:\/\/photographer.lu\/fr\/wp-json\/wp\/v2\/types\/product"}],"replies":[{"embeddable":true,"href":"https:\/\/photographer.lu\/fr\/wp-json\/wp\/v2\/comments?post=19674"}],"wp:featuredmedia":[{"embeddable":true,"href":"https:\/\/photographer.lu\/fr\/wp-json\/wp\/v2\/media\/18413"}],"wp:attachment":[{"href":"https:\/\/photographer.lu\/fr\/wp-json\/wp\/v2\/media?parent=19674"}],"wp:term":[{"taxonomy":"product_brand","embeddable":true,"href":"https:\/\/photographer.lu\/fr\/wp-json\/wp\/v2\/product_brand?post=19674"},{"taxonomy":"product_cat","embeddable":true,"href":"https:\/\/photographer.lu\/fr\/wp-json\/wp\/v2\/product_cat?post=19674"},{"taxonomy":"product_tag","embeddable":true,"href":"https:\/\/photographer.lu\/fr\/wp-json\/wp\/v2\/product_tag?post=19674"}],"curies":[{"name":"wp","href":"https:\/\/api.w.org\/{rel}","templated":true}]}}