{"id":19765,"date":"2022-09-30T21:04:36","date_gmt":"2022-09-30T21:04:36","guid":{"rendered":"https:\/\/photographer.lu\/photo\/jardin-de-roses-dans-la-ville-de-luxembourg\/"},"modified":"2023-09-28T10:47:32","modified_gmt":"2023-09-28T10:47:32","slug":"jardin-de-roses-dans-la-ville-de-luxembourg","status":"publish","type":"product","link":"https:\/\/photographer.lu\/fr\/photo\/jardin-de-roses-dans-la-ville-de-luxembourg\/","title":{"rendered":"Jardin de roses dans la ville de Luxembourg"},"content":{"rendered":"<p>Photo <span style=\"color: #008000;\">commerciale<\/span> de roses blanches dans le jardin de roses Rousegaart op de Rondellen de la ville de Luxembourg, avec la vieille ville pendant une journ\u00e9e d&rsquo;\u00e9t\u00e9 ensoleill\u00e9e. L&rsquo;\u00e9glise Saint Michael et le pont du ch\u00e2teau sont visibles sur l&rsquo;image de l&rsquo;autre c\u00f4t\u00e9 du Grund.<\/p>\n<p>Cette image est disponible sous licence en t\u00e9l\u00e9chargement num\u00e9rique.<\/p>\n<p>Des tirages limit\u00e9s et des tirages libres sont disponibles.<\/p>\n","protected":false},"excerpt":{"rendered":"<p>Roses blanches dans la roseraie Rousegaart op de Rondellen de la ville de Luxembourg.<\/p>\n","protected":false},"featured_media":18417,"comment_status":"open","ping_status":"closed","template":"","meta":{"pgc_sgb_lightbox_settings":""},"product_brand":[],"product_cat":[703,702],"product_tag":[819,817,820,731,881,716,818,718,714,705,920,715,736,918,732,733,717,713,711,916,922,924,734,735,719,730,822,712,720],"class_list":{"0":"post-19765","1":"product","2":"type-product","3":"status-publish","4":"has-post-thumbnail","6":"product_cat-luxembourg-images-fr","7":"product_cat-tirages-dart","8":"product_tag-abbaye-de-neumunster-fr","9":"product_tag-architecture-fr","10":"product_tag-eglise-st-michael","11":"product_tag-eglises","12":"product_tag-ete","13":"product_tag-fleurs","14":"product_tag-grund-fr","15":"product_tag-iconique","16":"product_tag-images-du-luxembourg","17":"product_tag-imprime","18":"product_tag-jardin-de-roses","19":"product_tag-letzebuerg-fr","20":"product_tag-ligne-dhorizon","21":"product_tag-op-de-rondellen-fr","22":"product_tag-paysage-urbain","23":"product_tag-paysages-urbains","24":"product_tag-photoen","25":"product_tag-photos-du-luxembourg","26":"product_tag-points-de-repere","27":"product_tag-pont-du-chateau","28":"product_tag-roses-fr","29":"product_tag-rousegaart-fr","30":"product_tag-saint-michel-fr","31":"product_tag-saint-michel-fr-2","32":"product_tag-saisons","33":"product_tag-vieille-ville","34":"product_tag-ville-bas-fr","35":"product_tag-ville-de-luxembourg","36":"product_tag-ville-haute-fr","37":"product_shipping_class-imprimes","39":"first","40":"instock","41":"taxable","42":"shipping-taxable","43":"purchasable","44":"product-type-variable"},"featured_image_urls_v2":{"full":["https:\/\/photographer.lu\/wp-content\/uploads\/2022\/09\/8417-L-VIO-2213-Rose-garden-Luxembourg-city.webp",1200,800,false],"thumbnail":["https:\/\/photographer.lu\/wp-content\/uploads\/2022\/09\/8417-L-VIO-2213-Rose-garden-Luxembourg-city-550x367.webp",550,367,true],"medium":["https:\/\/photographer.lu\/wp-content\/uploads\/2022\/09\/8417-L-VIO-2213-Rose-garden-Luxembourg-city-300x200.webp",300,200,true],"medium_large":["https:\/\/photographer.lu\/wp-content\/uploads\/2022\/09\/8417-L-VIO-2213-Rose-garden-Luxembourg-city-768x512.webp",768,512,true],"large":["https:\/\/photographer.lu\/wp-content\/uploads\/2022\/09\/8417-L-VIO-2213-Rose-garden-Luxembourg-city.webp",1200,800,false],"1536x1536":["https:\/\/photographer.lu\/wp-content\/uploads\/2022\/09\/8417-L-VIO-2213-Rose-garden-Luxembourg-city.webp",1200,800,false],"2048x2048":["https:\/\/photographer.lu\/wp-content\/uploads\/2022\/09\/8417-L-VIO-2213-Rose-garden-Luxembourg-city.webp",1200,800,false],"woocommerce_archive_thumbnail":["https:\/\/photographer.lu\/wp-content\/uploads\/2022\/09\/8417-L-VIO-2213-Rose-garden-Luxembourg-city-600x400.webp",600,400,true],"mailpoet_newsletter_max":["https:\/\/photographer.lu\/wp-content\/uploads\/2022\/09\/8417-L-VIO-2213-Rose-garden-Luxembourg-city.webp",1200,800,false],"woocommerce_thumbnail":["https:\/\/photographer.lu\/wp-content\/uploads\/2022\/09\/8417-L-VIO-2213-Rose-garden-Luxembourg-city-600x400.webp",600,400,true],"woocommerce_single":["https:\/\/photographer.lu\/wp-content\/uploads\/2022\/09\/8417-L-VIO-2213-Rose-garden-Luxembourg-city.webp",1200,800,false],"woocommerce_gallery_thumbnail":["https:\/\/photographer.lu\/wp-content\/uploads\/2022\/09\/8417-L-VIO-2213-Rose-garden-Luxembourg-city-120x120.webp",120,120,true],"jetpack-portfolio-admin-thumb":["https:\/\/photographer.lu\/wp-content\/uploads\/2022\/09\/8417-L-VIO-2213-Rose-garden-Luxembourg-city-50x50.webp",50,50,true]},"post_excerpt_stackable_v2":"<p>Roses blanches dans la roseraie Rousegaart op de Rondellen de la ville de Luxembourg.<\/p>\n","category_list_v2":"","author_info_v2":{"name":"","url":""},"comments_num_v2":"0 commentaire","acf":[],"jetpack_sharing_enabled":true,"_links":{"self":[{"href":"https:\/\/photographer.lu\/fr\/wp-json\/wp\/v2\/product\/19765","targetHints":{"allow":["GET"]}}],"collection":[{"href":"https:\/\/photographer.lu\/fr\/wp-json\/wp\/v2\/product"}],"about":[{"href":"https:\/\/photographer.lu\/fr\/wp-json\/wp\/v2\/types\/product"}],"replies":[{"embeddable":true,"href":"https:\/\/photographer.lu\/fr\/wp-json\/wp\/v2\/comments?post=19765"}],"wp:featuredmedia":[{"embeddable":true,"href":"https:\/\/photographer.lu\/fr\/wp-json\/wp\/v2\/media\/18417"}],"wp:attachment":[{"href":"https:\/\/photographer.lu\/fr\/wp-json\/wp\/v2\/media?parent=19765"}],"wp:term":[{"taxonomy":"product_brand","embeddable":true,"href":"https:\/\/photographer.lu\/fr\/wp-json\/wp\/v2\/product_brand?post=19765"},{"taxonomy":"product_cat","embeddable":true,"href":"https:\/\/photographer.lu\/fr\/wp-json\/wp\/v2\/product_cat?post=19765"},{"taxonomy":"product_tag","embeddable":true,"href":"https:\/\/photographer.lu\/fr\/wp-json\/wp\/v2\/product_tag?post=19765"}],"curies":[{"name":"wp","href":"https:\/\/api.w.org\/{rel}","templated":true}]}}