{"id":19766,"date":"2022-10-06T23:57:19","date_gmt":"2022-10-06T23:57:19","guid":{"rendered":"https:\/\/photographer.lu\/photo\/voiture-roulant-dans-un-matin-brumeux-dautomne\/"},"modified":"2023-09-28T09:37:14","modified_gmt":"2023-09-28T09:37:14","slug":"voiture-conduite-matin-brumeux-automne","status":"publish","type":"product","link":"https:\/\/photographer.lu\/fr\/photo\/voiture-conduite-matin-brumeux-automne\/","title":{"rendered":"Voiture roulant dans un matin brumeux d&rsquo;automne"},"content":{"rendered":"<p>Photo <span style=\"color: #008000;\">commerciale<\/span> d&rsquo;une voiture roulant sur la route lors d&rsquo;un matin brumeux d&rsquo;automne dans la campagne luxembourgeoise.<\/p>\n<p>Cette image est disponible sous licence en tant que photo d&rsquo;archives \u00e0 t\u00e9l\u00e9charger.<\/p>\n<p>Des tirages limit\u00e9s et des tirages libres sont disponibles.<\/p>\n","protected":false},"excerpt":{"rendered":"<p>Sur la route lors d&rsquo;un matin brumeux d&rsquo;automne dans la campagne luxembourgeoise<\/p>\n","protected":false},"featured_media":18477,"comment_status":"open","ping_status":"closed","template":"","meta":{"pgc_sgb_lightbox_settings":""},"product_brand":[],"product_cat":[702],"product_tag":[896,867,827,829,919,898,710,714,705,709,715,900,882,883,708,890,717,713,921,923,925,719,917,926],"class_list":{"0":"post-19766","1":"product","2":"type-product","3":"status-publish","4":"has-post-thumbnail","6":"product_cat-tirages-dart","7":"product_tag-arbres","8":"product_tag-automne","9":"product_tag-brouillard","10":"product_tag-brouillard-fr","11":"product_tag-campagne","12":"product_tag-foret","13":"product_tag-grand-duche","14":"product_tag-images-du-luxembourg","15":"product_tag-imprime","16":"product_tag-le-grand-duche-de-luxembourg","17":"product_tag-letzebuerg-fr","18":"product_tag-lumiere-doree","19":"product_tag-nature-fr","20":"product_tag-paysage","21":"product_tag-paysages","22":"product_tag-paysages-naturels","23":"product_tag-photoen","24":"product_tag-photos-du-luxembourg","25":"product_tag-route","26":"product_tag-routes","27":"product_tag-rural-fr","28":"product_tag-saisons","29":"product_tag-voiture","30":"product_tag-voyage","31":"product_shipping_class-imprimes","33":"first","34":"instock","35":"taxable","36":"shipping-taxable","37":"purchasable","38":"product-type-variable"},"featured_image_urls_v2":{"full":["https:\/\/photographer.lu\/wp-content\/uploads\/2022\/10\/8472-L-VIO-9688-Car-driving-foggy-autumn-morning.webp",1200,800,false],"thumbnail":["https:\/\/photographer.lu\/wp-content\/uploads\/2022\/10\/8472-L-VIO-9688-Car-driving-foggy-autumn-morning.webp",550,367,false],"medium":["https:\/\/photographer.lu\/wp-content\/uploads\/2022\/10\/8472-L-VIO-9688-Car-driving-foggy-autumn-morning.webp",300,200,false],"medium_large":["https:\/\/photographer.lu\/wp-content\/uploads\/2022\/10\/8472-L-VIO-9688-Car-driving-foggy-autumn-morning.webp",768,512,false],"large":["https:\/\/photographer.lu\/wp-content\/uploads\/2022\/10\/8472-L-VIO-9688-Car-driving-foggy-autumn-morning.webp",1200,800,false],"1536x1536":["https:\/\/photographer.lu\/wp-content\/uploads\/2022\/10\/8472-L-VIO-9688-Car-driving-foggy-autumn-morning.webp",1200,800,false],"2048x2048":["https:\/\/photographer.lu\/wp-content\/uploads\/2022\/10\/8472-L-VIO-9688-Car-driving-foggy-autumn-morning.webp",1200,800,false],"woocommerce_archive_thumbnail":["https:\/\/photographer.lu\/wp-content\/uploads\/2022\/10\/8472-L-VIO-9688-Car-driving-foggy-autumn-morning-600x400.webp",600,400,true],"mailpoet_newsletter_max":["https:\/\/photographer.lu\/wp-content\/uploads\/2022\/10\/8472-L-VIO-9688-Car-driving-foggy-autumn-morning.webp",1200,800,false],"woocommerce_thumbnail":["https:\/\/photographer.lu\/wp-content\/uploads\/2022\/10\/8472-L-VIO-9688-Car-driving-foggy-autumn-morning-600x400.webp",600,400,true],"woocommerce_single":["https:\/\/photographer.lu\/wp-content\/uploads\/2022\/10\/8472-L-VIO-9688-Car-driving-foggy-autumn-morning.webp",1200,800,false],"woocommerce_gallery_thumbnail":["https:\/\/photographer.lu\/wp-content\/uploads\/2022\/10\/8472-L-VIO-9688-Car-driving-foggy-autumn-morning-120x120.webp",120,120,true],"jetpack-portfolio-admin-thumb":["https:\/\/photographer.lu\/wp-content\/uploads\/2022\/10\/8472-L-VIO-9688-Car-driving-foggy-autumn-morning.webp",50,33,false]},"post_excerpt_stackable_v2":"<p>Sur la route lors d&rsquo;un matin brumeux d&rsquo;automne dans la campagne luxembourgeoise<\/p>\n","category_list_v2":"","author_info_v2":{"name":"","url":""},"comments_num_v2":"0 commentaire","acf":[],"jetpack_sharing_enabled":true,"_links":{"self":[{"href":"https:\/\/photographer.lu\/fr\/wp-json\/wp\/v2\/product\/19766","targetHints":{"allow":["GET"]}}],"collection":[{"href":"https:\/\/photographer.lu\/fr\/wp-json\/wp\/v2\/product"}],"about":[{"href":"https:\/\/photographer.lu\/fr\/wp-json\/wp\/v2\/types\/product"}],"replies":[{"embeddable":true,"href":"https:\/\/photographer.lu\/fr\/wp-json\/wp\/v2\/comments?post=19766"}],"wp:featuredmedia":[{"embeddable":true,"href":"https:\/\/photographer.lu\/fr\/wp-json\/wp\/v2\/media\/18477"}],"wp:attachment":[{"href":"https:\/\/photographer.lu\/fr\/wp-json\/wp\/v2\/media?parent=19766"}],"wp:term":[{"taxonomy":"product_brand","embeddable":true,"href":"https:\/\/photographer.lu\/fr\/wp-json\/wp\/v2\/product_brand?post=19766"},{"taxonomy":"product_cat","embeddable":true,"href":"https:\/\/photographer.lu\/fr\/wp-json\/wp\/v2\/product_cat?post=19766"},{"taxonomy":"product_tag","embeddable":true,"href":"https:\/\/photographer.lu\/fr\/wp-json\/wp\/v2\/product_tag?post=19766"}],"curies":[{"name":"wp","href":"https:\/\/api.w.org\/{rel}","templated":true}]}}