{"id":19959,"date":"2022-10-14T18:46:30","date_gmt":"2022-10-14T18:46:30","guid":{"rendered":"https:\/\/photographer.lu\/?post_type=product&#038;p=19959"},"modified":"2023-09-27T15:51:45","modified_gmt":"2023-09-27T15:51:45","slug":"lac-haute-sure-luxembourg","status":"publish","type":"product","link":"https:\/\/photographer.lu\/fr\/photo\/lac-haute-sure-luxembourg\/","title":{"rendered":"Lac de la Haute-S\u00fbre au Luxembourg"},"content":{"rendered":"<p>Photo <span style=\"color: #008000;\">commerciale<\/span> du lac de la Haute-S\u00fbre au Luxembourg (Lac de la Haute-S\u00fbre) vu d&rsquo;en haut lors d&rsquo;une journ\u00e9e d&rsquo;\u00e9t\u00e9 brumeuse.<\/p>\n<p>Cette image est disponible sous licence en tant que photo d&rsquo;archives \u00e0 t\u00e9l\u00e9charger.<\/p>\n<p>Des tirages limit\u00e9s et des tirages libres sont disponibles.<\/p>\n","protected":false},"excerpt":{"rendered":"<p>Le lac de la Haute-S\u00fbre au Luxembourg (Lac de la Haute-S\u00fbre) vu d&rsquo;en haut<\/p>\n","protected":false},"featured_media":20173,"comment_status":"open","ping_status":"closed","template":"","meta":{"pgc_sgb_lightbox_settings":""},"product_brand":[],"product_cat":[703,702],"product_tag":[827,829,881,710,994,714,705,995,889,709,715,888,742,882,708,890,717,713,711,996,719,998,997],"class_list":{"0":"post-19959","1":"product","2":"type-product","3":"status-publish","4":"has-post-thumbnail","6":"product_cat-luxembourg-images-fr","7":"product_cat-tirages-dart","8":"product_tag-brouillard","9":"product_tag-brouillard-fr","10":"product_tag-ete","11":"product_tag-grand-duche","12":"product_tag-haut-sur","13":"product_tag-images-du-luxembourg","14":"product_tag-imprime","15":"product_tag-lac","16":"product_tag-lacs","17":"product_tag-le-grand-duche-de-luxembourg","18":"product_tag-letzebuerg-fr","19":"product_tag-lever-du-soleil","20":"product_tag-luxembourg-fr","21":"product_tag-nature-fr","22":"product_tag-paysages","23":"product_tag-paysages-naturels","24":"product_tag-photoen","25":"product_tag-photos-du-luxembourg","26":"product_tag-points-de-repere","27":"product_tag-saison","28":"product_tag-saisons","29":"product_tag-superieur-sur","30":"product_tag-sur","31":"product_shipping_class-imprimes","33":"first","34":"instock","35":"taxable","36":"shipping-taxable","37":"purchasable","38":"product-type-variable"},"featured_image_urls_v2":{"full":["https:\/\/photographer.lu\/wp-content\/uploads\/2022\/10\/8540-L-VIO-3503-Upper-Sure-lake-foggy.webp",1200,800,false],"thumbnail":["https:\/\/photographer.lu\/wp-content\/uploads\/2022\/10\/8540-L-VIO-3503-Upper-Sure-lake-foggy-550x367.webp",550,367,true],"medium":["https:\/\/photographer.lu\/wp-content\/uploads\/2022\/10\/8540-L-VIO-3503-Upper-Sure-lake-foggy-300x200.webp",300,200,true],"medium_large":["https:\/\/photographer.lu\/wp-content\/uploads\/2022\/10\/8540-L-VIO-3503-Upper-Sure-lake-foggy-768x512.webp",768,512,true],"large":["https:\/\/photographer.lu\/wp-content\/uploads\/2022\/10\/8540-L-VIO-3503-Upper-Sure-lake-foggy.webp",1200,800,false],"1536x1536":["https:\/\/photographer.lu\/wp-content\/uploads\/2022\/10\/8540-L-VIO-3503-Upper-Sure-lake-foggy.webp",1200,800,false],"2048x2048":["https:\/\/photographer.lu\/wp-content\/uploads\/2022\/10\/8540-L-VIO-3503-Upper-Sure-lake-foggy.webp",1200,800,false],"woocommerce_archive_thumbnail":["https:\/\/photographer.lu\/wp-content\/uploads\/2022\/10\/8540-L-VIO-3503-Upper-Sure-lake-foggy-600x400.webp",600,400,true],"mailpoet_newsletter_max":["https:\/\/photographer.lu\/wp-content\/uploads\/2022\/10\/8540-L-VIO-3503-Upper-Sure-lake-foggy.webp",1200,800,false],"woocommerce_thumbnail":["https:\/\/photographer.lu\/wp-content\/uploads\/2022\/10\/8540-L-VIO-3503-Upper-Sure-lake-foggy-600x400.webp",600,400,true],"woocommerce_single":["https:\/\/photographer.lu\/wp-content\/uploads\/2022\/10\/8540-L-VIO-3503-Upper-Sure-lake-foggy.webp",1200,800,false],"woocommerce_gallery_thumbnail":["https:\/\/photographer.lu\/wp-content\/uploads\/2022\/10\/8540-L-VIO-3503-Upper-Sure-lake-foggy-120x120.webp",120,120,true],"jetpack-portfolio-admin-thumb":["https:\/\/photographer.lu\/wp-content\/uploads\/2022\/10\/8540-L-VIO-3503-Upper-Sure-lake-foggy-50x50.webp",50,50,true]},"post_excerpt_stackable_v2":"<p>Le lac de la Haute-S\u00fbre au Luxembourg (Lac de la Haute-S\u00fbre) vu d&rsquo;en haut<\/p>\n","category_list_v2":"","author_info_v2":{"name":"","url":""},"comments_num_v2":"0 commentaire","acf":[],"jetpack_sharing_enabled":true,"_links":{"self":[{"href":"https:\/\/photographer.lu\/fr\/wp-json\/wp\/v2\/product\/19959","targetHints":{"allow":["GET"]}}],"collection":[{"href":"https:\/\/photographer.lu\/fr\/wp-json\/wp\/v2\/product"}],"about":[{"href":"https:\/\/photographer.lu\/fr\/wp-json\/wp\/v2\/types\/product"}],"replies":[{"embeddable":true,"href":"https:\/\/photographer.lu\/fr\/wp-json\/wp\/v2\/comments?post=19959"}],"wp:featuredmedia":[{"embeddable":true,"href":"https:\/\/photographer.lu\/fr\/wp-json\/wp\/v2\/media\/20173"}],"wp:attachment":[{"href":"https:\/\/photographer.lu\/fr\/wp-json\/wp\/v2\/media?parent=19959"}],"wp:term":[{"taxonomy":"product_brand","embeddable":true,"href":"https:\/\/photographer.lu\/fr\/wp-json\/wp\/v2\/product_brand?post=19959"},{"taxonomy":"product_cat","embeddable":true,"href":"https:\/\/photographer.lu\/fr\/wp-json\/wp\/v2\/product_cat?post=19959"},{"taxonomy":"product_tag","embeddable":true,"href":"https:\/\/photographer.lu\/fr\/wp-json\/wp\/v2\/product_tag?post=19959"}],"curies":[{"name":"wp","href":"https:\/\/api.w.org\/{rel}","templated":true}]}}