{"id":20316,"date":"2022-11-19T19:41:18","date_gmt":"2022-11-19T19:41:18","guid":{"rendered":"https:\/\/photographer.lu\/?post_type=product&#038;p=20316"},"modified":"2023-09-28T11:03:47","modified_gmt":"2023-09-28T11:03:47","slug":"bureaux-batiments-luxembourg-kirchberg-nuit","status":"publish","type":"product","link":"https:\/\/photographer.lu\/fr\/photo\/bureaux-batiments-luxembourg-kirchberg-nuit\/","title":{"rendered":"Immeubles de bureaux \u00e0 Luxembourg Kirchberg la nuit"},"content":{"rendered":"<p>Photo <span style=\"color: #008000;\">commerciale<\/span> de b\u00e2timents de bureaux modernes se refl\u00e9tant dans l&rsquo;eau de pluie cr\u00e9ant une image dans un miroir pendant la nuit au Kirchberg, ville de Luxembourg.<\/p>\n<p>Cette image est disponible sous licence en tant que photo d&rsquo;archives \u00e0 t\u00e9l\u00e9charger.<\/p>\n<p>Des tirages limit\u00e9s et des tirages libres sont disponibles.<\/p>\n","protected":false},"excerpt":{"rendered":"<p>Nuit \u00e0 Kirchberg, ville de Luxembourg.<\/p>\n","protected":false},"featured_media":20352,"comment_status":"closed","ping_status":"closed","template":"","meta":{"pgc_sgb_lightbox_settings":""},"product_brand":[],"product_cat":[703,702],"product_tag":[817,1023,1030,1022,714,1027,705,1025,1024,715,742,1026,824,1028,717,826,713,1029,711,712],"class_list":{"0":"post-20316","1":"product","2":"type-product","3":"status-publish","4":"has-post-thumbnail","6":"product_cat-luxembourg-images-fr","7":"product_cat-tirages-dart","8":"product_tag-architecture-fr","9":"product_tag-cour-de-justice-europeenne","10":"product_tag-eau","11":"product_tag-entreprise","12":"product_tag-images-du-luxembourg","13":"product_tag-immeubles-de-bureaux","14":"product_tag-imprime","15":"product_tag-kirchberg-fr","16":"product_tag-les-institutions-europeennes","17":"product_tag-letzebuerg-fr","18":"product_tag-luxembourg-fr","19":"product_tag-moderne","20":"product_tag-nuit","21":"product_tag-philharmonie-fr","22":"product_tag-photoen","23":"product_tag-photographie-de-nuit","24":"product_tag-photos-du-luxembourg","25":"product_tag-pluie","26":"product_tag-points-de-repere","27":"product_tag-ville-de-luxembourg","28":"product_shipping_class-imprimes","30":"first","31":"instock","32":"taxable","33":"shipping-taxable","34":"purchasable","35":"product-type-variable"},"featured_image_urls_v2":{"full":["https:\/\/photographer.lu\/wp-content\/uploads\/2022\/10\/8546-L-VIO-4565-Luxembourg-Kirchberg-business-quarter-night.webp",1200,800,false],"thumbnail":["https:\/\/photographer.lu\/wp-content\/uploads\/2022\/10\/8546-L-VIO-4565-Luxembourg-Kirchberg-business-quarter-night-550x367.webp",550,367,true],"medium":["https:\/\/photographer.lu\/wp-content\/uploads\/2022\/10\/8546-L-VIO-4565-Luxembourg-Kirchberg-business-quarter-night-300x200.webp",300,200,true],"medium_large":["https:\/\/photographer.lu\/wp-content\/uploads\/2022\/10\/8546-L-VIO-4565-Luxembourg-Kirchberg-business-quarter-night-768x512.webp",768,512,true],"large":["https:\/\/photographer.lu\/wp-content\/uploads\/2022\/10\/8546-L-VIO-4565-Luxembourg-Kirchberg-business-quarter-night.webp",1200,800,false],"1536x1536":["https:\/\/photographer.lu\/wp-content\/uploads\/2022\/10\/8546-L-VIO-4565-Luxembourg-Kirchberg-business-quarter-night.webp",1200,800,false],"2048x2048":["https:\/\/photographer.lu\/wp-content\/uploads\/2022\/10\/8546-L-VIO-4565-Luxembourg-Kirchberg-business-quarter-night.webp",1200,800,false],"woocommerce_archive_thumbnail":["https:\/\/photographer.lu\/wp-content\/uploads\/2022\/10\/8546-L-VIO-4565-Luxembourg-Kirchberg-business-quarter-night-600x400.webp",600,400,true],"mailpoet_newsletter_max":["https:\/\/photographer.lu\/wp-content\/uploads\/2022\/10\/8546-L-VIO-4565-Luxembourg-Kirchberg-business-quarter-night.webp",1200,800,false],"woocommerce_thumbnail":["https:\/\/photographer.lu\/wp-content\/uploads\/2022\/10\/8546-L-VIO-4565-Luxembourg-Kirchberg-business-quarter-night-600x400.webp",600,400,true],"woocommerce_single":["https:\/\/photographer.lu\/wp-content\/uploads\/2022\/10\/8546-L-VIO-4565-Luxembourg-Kirchberg-business-quarter-night.webp",1200,800,false],"woocommerce_gallery_thumbnail":["https:\/\/photographer.lu\/wp-content\/uploads\/2022\/10\/8546-L-VIO-4565-Luxembourg-Kirchberg-business-quarter-night-120x120.webp",120,120,true],"jetpack-portfolio-admin-thumb":["https:\/\/photographer.lu\/wp-content\/uploads\/2022\/10\/8546-L-VIO-4565-Luxembourg-Kirchberg-business-quarter-night-50x50.webp",50,50,true]},"post_excerpt_stackable_v2":"<p>Nuit \u00e0 Kirchberg, ville de Luxembourg.<\/p>\n","category_list_v2":"","author_info_v2":{"name":"","url":""},"comments_num_v2":"0 commentaire","acf":[],"jetpack_sharing_enabled":true,"_links":{"self":[{"href":"https:\/\/photographer.lu\/fr\/wp-json\/wp\/v2\/product\/20316","targetHints":{"allow":["GET"]}}],"collection":[{"href":"https:\/\/photographer.lu\/fr\/wp-json\/wp\/v2\/product"}],"about":[{"href":"https:\/\/photographer.lu\/fr\/wp-json\/wp\/v2\/types\/product"}],"replies":[{"embeddable":true,"href":"https:\/\/photographer.lu\/fr\/wp-json\/wp\/v2\/comments?post=20316"}],"wp:featuredmedia":[{"embeddable":true,"href":"https:\/\/photographer.lu\/fr\/wp-json\/wp\/v2\/media\/20352"}],"wp:attachment":[{"href":"https:\/\/photographer.lu\/fr\/wp-json\/wp\/v2\/media?parent=20316"}],"wp:term":[{"taxonomy":"product_brand","embeddable":true,"href":"https:\/\/photographer.lu\/fr\/wp-json\/wp\/v2\/product_brand?post=20316"},{"taxonomy":"product_cat","embeddable":true,"href":"https:\/\/photographer.lu\/fr\/wp-json\/wp\/v2\/product_cat?post=20316"},{"taxonomy":"product_tag","embeddable":true,"href":"https:\/\/photographer.lu\/fr\/wp-json\/wp\/v2\/product_tag?post=20316"}],"curies":[{"name":"wp","href":"https:\/\/api.w.org\/{rel}","templated":true}]}}