{"id":20469,"date":"2022-11-05T11:49:27","date_gmt":"2022-11-05T11:49:27","guid":{"rendered":"https:\/\/photographer.lu\/?post_type=product&#038;p=20469"},"modified":"2023-09-28T10:54:33","modified_gmt":"2023-09-28T10:54:33","slug":"sunrise-grund-luxembourg-city","status":"publish","type":"product","link":"https:\/\/photographer.lu\/fr\/photo\/sunrise-grund-luxembourg-city\/","title":{"rendered":"Lever de soleil \u00e0 Grund Luxembourg ville"},"content":{"rendered":"<p>Photo <span style=\"color: #008000;\">commerciale<\/span> du lever du soleil dans le quartier du Grund, ville de Luxembourg, avec l&#8217;embl\u00e9matique Abbaye de Neumunster, les vieilles maisons traditionnelles et la rivi\u00e8re Alzette. Le plateau de Rham est visible \u00e0 l&rsquo;arri\u00e8re-plan.<\/p>\n<p>Cette image est disponible sous licence en t\u00e9l\u00e9chargement num\u00e9rique.<\/p>\n<p>Des tirages limit\u00e9s et des tirages libres sont disponibles.<\/p>\n","protected":false},"excerpt":{"rendered":"<p>Paysage de la ville de Luxembourg sur le quartier du Grund au lever du soleil<\/p>\n","protected":false},"featured_media":20493,"comment_status":"closed","ping_status":"closed","template":"","meta":{"pgc_sgb_lightbox_settings":""},"product_brand":[],"product_cat":[703,702],"product_tag":[739,731,818,718,714,705,715,888,736,742,732,733,717,744,737,713,711,730,741,712],"class_list":{"0":"post-20469","1":"product","2":"type-product","3":"status-publish","4":"has-post-thumbnail","6":"product_cat-luxembourg-images-fr","7":"product_cat-tirages-dart","8":"product_tag-capital-fr","9":"product_tag-eglises","10":"product_tag-grund-fr","11":"product_tag-iconique","12":"product_tag-images-du-luxembourg","13":"product_tag-imprime","14":"product_tag-letzebuerg-fr","15":"product_tag-lever-du-soleil","16":"product_tag-ligne-dhorizon","17":"product_tag-luxembourg-fr","18":"product_tag-paysage-urbain","19":"product_tag-paysages-urbains","20":"product_tag-photoen","21":"product_tag-photographe-luxembourg","22":"product_tag-photographie-du-luxembourg","23":"product_tag-photos-du-luxembourg","24":"product_tag-points-de-repere","25":"product_tag-vieille-ville","26":"product_tag-ville","27":"product_tag-ville-de-luxembourg","28":"product_shipping_class-imprimes","30":"first","31":"instock","32":"taxable","33":"shipping-taxable","34":"purchasable","35":"product-type-variable"},"featured_image_urls_v2":{"full":["https:\/\/photographer.lu\/wp-content\/uploads\/2022\/10\/8399-W-VIO-8905-Sunrise-Grund-Luxembourg-city-PhotoDudau-copy.webp",1200,800,false],"thumbnail":["https:\/\/photographer.lu\/wp-content\/uploads\/2022\/10\/8399-W-VIO-8905-Sunrise-Grund-Luxembourg-city-PhotoDudau-copy-550x367.webp",550,367,true],"medium":["https:\/\/photographer.lu\/wp-content\/uploads\/2022\/10\/8399-W-VIO-8905-Sunrise-Grund-Luxembourg-city-PhotoDudau-copy-300x200.webp",300,200,true],"medium_large":["https:\/\/photographer.lu\/wp-content\/uploads\/2022\/10\/8399-W-VIO-8905-Sunrise-Grund-Luxembourg-city-PhotoDudau-copy-768x512.webp",768,512,true],"large":["https:\/\/photographer.lu\/wp-content\/uploads\/2022\/10\/8399-W-VIO-8905-Sunrise-Grund-Luxembourg-city-PhotoDudau-copy.webp",1200,800,false],"1536x1536":["https:\/\/photographer.lu\/wp-content\/uploads\/2022\/10\/8399-W-VIO-8905-Sunrise-Grund-Luxembourg-city-PhotoDudau-copy.webp",1200,800,false],"2048x2048":["https:\/\/photographer.lu\/wp-content\/uploads\/2022\/10\/8399-W-VIO-8905-Sunrise-Grund-Luxembourg-city-PhotoDudau-copy.webp",1200,800,false],"woocommerce_archive_thumbnail":["https:\/\/photographer.lu\/wp-content\/uploads\/2022\/10\/8399-W-VIO-8905-Sunrise-Grund-Luxembourg-city-PhotoDudau-copy-600x400.webp",600,400,true],"mailpoet_newsletter_max":["https:\/\/photographer.lu\/wp-content\/uploads\/2022\/10\/8399-W-VIO-8905-Sunrise-Grund-Luxembourg-city-PhotoDudau-copy.webp",1200,800,false],"woocommerce_thumbnail":["https:\/\/photographer.lu\/wp-content\/uploads\/2022\/10\/8399-W-VIO-8905-Sunrise-Grund-Luxembourg-city-PhotoDudau-copy-600x400.webp",600,400,true],"woocommerce_single":["https:\/\/photographer.lu\/wp-content\/uploads\/2022\/10\/8399-W-VIO-8905-Sunrise-Grund-Luxembourg-city-PhotoDudau-copy.webp",1200,800,false],"woocommerce_gallery_thumbnail":["https:\/\/photographer.lu\/wp-content\/uploads\/2022\/10\/8399-W-VIO-8905-Sunrise-Grund-Luxembourg-city-PhotoDudau-copy-120x120.webp",120,120,true],"jetpack-portfolio-admin-thumb":["https:\/\/photographer.lu\/wp-content\/uploads\/2022\/10\/8399-W-VIO-8905-Sunrise-Grund-Luxembourg-city-PhotoDudau-copy-50x50.webp",50,50,true]},"post_excerpt_stackable_v2":"<p>Paysage de la ville de Luxembourg sur le quartier du Grund au lever du soleil<\/p>\n","category_list_v2":"","author_info_v2":{"name":"","url":""},"comments_num_v2":"0 commentaire","acf":[],"jetpack_sharing_enabled":true,"_links":{"self":[{"href":"https:\/\/photographer.lu\/fr\/wp-json\/wp\/v2\/product\/20469","targetHints":{"allow":["GET"]}}],"collection":[{"href":"https:\/\/photographer.lu\/fr\/wp-json\/wp\/v2\/product"}],"about":[{"href":"https:\/\/photographer.lu\/fr\/wp-json\/wp\/v2\/types\/product"}],"replies":[{"embeddable":true,"href":"https:\/\/photographer.lu\/fr\/wp-json\/wp\/v2\/comments?post=20469"}],"wp:featuredmedia":[{"embeddable":true,"href":"https:\/\/photographer.lu\/fr\/wp-json\/wp\/v2\/media\/20493"}],"wp:attachment":[{"href":"https:\/\/photographer.lu\/fr\/wp-json\/wp\/v2\/media?parent=20469"}],"wp:term":[{"taxonomy":"product_brand","embeddable":true,"href":"https:\/\/photographer.lu\/fr\/wp-json\/wp\/v2\/product_brand?post=20469"},{"taxonomy":"product_cat","embeddable":true,"href":"https:\/\/photographer.lu\/fr\/wp-json\/wp\/v2\/product_cat?post=20469"},{"taxonomy":"product_tag","embeddable":true,"href":"https:\/\/photographer.lu\/fr\/wp-json\/wp\/v2\/product_tag?post=20469"}],"curies":[{"name":"wp","href":"https:\/\/api.w.org\/{rel}","templated":true}]}}