{"id":21121,"date":"2022-10-20T13:25:12","date_gmt":"2022-10-20T13:25:12","guid":{"rendered":"https:\/\/photographer.lu\/?post_type=product&#038;p=21121"},"modified":"2023-09-27T19:26:09","modified_gmt":"2023-09-27T19:26:09","slug":"ville-dettelbruck","status":"publish","type":"product","link":"https:\/\/photographer.lu\/fr\/photo\/ville-dettelbruck\/","title":{"rendered":"Ville d&rsquo;Ettelbruck"},"content":{"rendered":"<p>Photo <span style=\"color: #008000;\">commerciale<\/span> de la ville d&rsquo;Ettelbruck au Luxembourg, vue d&rsquo;en haut pendant l&rsquo;\u00e9t\u00e9.<\/p>\n<p>Cette image est disponible sous licence en t\u00e9l\u00e9chargement num\u00e9rique.<\/p>\n<p>Des tirages limit\u00e9s et des tirages libres sont disponibles.<\/p>\n","protected":false},"excerpt":{"rendered":"<p>La ville d&rsquo;Ettelbruck au Luxembourg, vue d&rsquo;en haut<\/p>\n<p><img decoding=\"async\" class=\"alignnone size-full wp-image-22578\" src=\"https:\/\/photographer.lu\/wp-content\/uploads\/2022\/10\/payment-methods-luxembourg.webp\" alt=\"les m\u00e9thodes de paiement\" width=\"581\" height=\"40\" srcset=\"https:\/\/photographer.lu\/wp-content\/uploads\/2022\/10\/payment-methods-luxembourg.webp 581w, https:\/\/photographer.lu\/wp-content\/uploads\/2022\/10\/payment-methods-luxembourg-300x21.webp 300w, https:\/\/photographer.lu\/wp-content\/uploads\/2022\/10\/payment-methods-luxembourg-550x38.webp 550w\" sizes=\"(max-width: 581px) 100vw, 581px\" \/><\/p>\n","protected":false},"featured_media":20907,"comment_status":"closed","ping_status":"closed","template":"","meta":{"pgc_sgb_lightbox_settings":""},"product_brand":[],"product_cat":[703,702],"product_tag":[881,1105,714,709,715,717,737,713,1061],"class_list":{"0":"post-21121","1":"product","2":"type-product","3":"status-publish","4":"has-post-thumbnail","6":"product_cat-luxembourg-images-fr","7":"product_cat-tirages-dart","8":"product_tag-ete","9":"product_tag-ettelbruck-fr","10":"product_tag-images-du-luxembourg","11":"product_tag-le-grand-duche-de-luxembourg","12":"product_tag-letzebuerg-fr","13":"product_tag-photoen","14":"product_tag-photographie-du-luxembourg","15":"product_tag-photos-du-luxembourg","16":"product_tag-villes","17":"product_shipping_class-imprimes","19":"first","20":"instock","21":"taxable","22":"shipping-taxable","23":"purchasable","24":"product-type-variable"},"featured_image_urls_v2":{"full":["https:\/\/photographer.lu\/wp-content\/uploads\/2022\/10\/8550-L-VIO-1869-Ettelbruck.webp",1200,800,false],"thumbnail":["https:\/\/photographer.lu\/wp-content\/uploads\/2022\/10\/8550-L-VIO-1869-Ettelbruck-550x367.webp",550,367,true],"medium":["https:\/\/photographer.lu\/wp-content\/uploads\/2022\/10\/8550-L-VIO-1869-Ettelbruck-300x200.webp",300,200,true],"medium_large":["https:\/\/photographer.lu\/wp-content\/uploads\/2022\/10\/8550-L-VIO-1869-Ettelbruck-768x512.webp",768,512,true],"large":["https:\/\/photographer.lu\/wp-content\/uploads\/2022\/10\/8550-L-VIO-1869-Ettelbruck.webp",1200,800,false],"1536x1536":["https:\/\/photographer.lu\/wp-content\/uploads\/2022\/10\/8550-L-VIO-1869-Ettelbruck.webp",1200,800,false],"2048x2048":["https:\/\/photographer.lu\/wp-content\/uploads\/2022\/10\/8550-L-VIO-1869-Ettelbruck.webp",1200,800,false],"woocommerce_archive_thumbnail":["https:\/\/photographer.lu\/wp-content\/uploads\/2022\/10\/8550-L-VIO-1869-Ettelbruck-600x400.webp",600,400,true],"mailpoet_newsletter_max":["https:\/\/photographer.lu\/wp-content\/uploads\/2022\/10\/8550-L-VIO-1869-Ettelbruck.webp",1200,800,false],"woocommerce_thumbnail":["https:\/\/photographer.lu\/wp-content\/uploads\/2022\/10\/8550-L-VIO-1869-Ettelbruck-600x400.webp",600,400,true],"woocommerce_single":["https:\/\/photographer.lu\/wp-content\/uploads\/2022\/10\/8550-L-VIO-1869-Ettelbruck.webp",1200,800,false],"woocommerce_gallery_thumbnail":["https:\/\/photographer.lu\/wp-content\/uploads\/2022\/10\/8550-L-VIO-1869-Ettelbruck-120x120.webp",120,120,true],"jetpack-portfolio-admin-thumb":["https:\/\/photographer.lu\/wp-content\/uploads\/2022\/10\/8550-L-VIO-1869-Ettelbruck-50x50.webp",50,50,true]},"post_excerpt_stackable_v2":"<p>La ville d&rsquo;Ettelbruck au Luxembourg, vue d&rsquo;en haut<\/p>\n<p><img decoding=\"async\" class=\"alignnone size-full wp-image-22578\" src=\"https:\/\/photographer.lu\/wp-content\/uploads\/2022\/10\/payment-methods-luxembourg.webp\" alt=\"les m\u00e9thodes de paiement\" width=\"581\" height=\"40\" srcset=\"https:\/\/photographer.lu\/wp-content\/uploads\/2022\/10\/payment-methods-luxembourg.webp 581w, https:\/\/photographer.lu\/wp-content\/uploads\/2022\/10\/payment-methods-luxembourg-300x21.webp 300w, https:\/\/photographer.lu\/wp-content\/uploads\/2022\/10\/payment-methods-luxembourg-550x38.webp 550w\" sizes=\"(max-width: 581px) 100vw, 581px\" \/><\/p>\n","category_list_v2":"","author_info_v2":{"name":"","url":""},"comments_num_v2":"0 commentaire","acf":[],"jetpack_sharing_enabled":true,"_links":{"self":[{"href":"https:\/\/photographer.lu\/fr\/wp-json\/wp\/v2\/product\/21121","targetHints":{"allow":["GET"]}}],"collection":[{"href":"https:\/\/photographer.lu\/fr\/wp-json\/wp\/v2\/product"}],"about":[{"href":"https:\/\/photographer.lu\/fr\/wp-json\/wp\/v2\/types\/product"}],"replies":[{"embeddable":true,"href":"https:\/\/photographer.lu\/fr\/wp-json\/wp\/v2\/comments?post=21121"}],"wp:featuredmedia":[{"embeddable":true,"href":"https:\/\/photographer.lu\/fr\/wp-json\/wp\/v2\/media\/20907"}],"wp:attachment":[{"href":"https:\/\/photographer.lu\/fr\/wp-json\/wp\/v2\/media?parent=21121"}],"wp:term":[{"taxonomy":"product_brand","embeddable":true,"href":"https:\/\/photographer.lu\/fr\/wp-json\/wp\/v2\/product_brand?post=21121"},{"taxonomy":"product_cat","embeddable":true,"href":"https:\/\/photographer.lu\/fr\/wp-json\/wp\/v2\/product_cat?post=21121"},{"taxonomy":"product_tag","embeddable":true,"href":"https:\/\/photographer.lu\/fr\/wp-json\/wp\/v2\/product_tag?post=21121"}],"curies":[{"name":"wp","href":"https:\/\/api.w.org\/{rel}","templated":true}]}}