{"id":21460,"date":"2022-10-20T19:04:34","date_gmt":"2022-10-20T19:04:34","guid":{"rendered":"https:\/\/photographer.lu\/?post_type=product&#038;p=21460"},"modified":"2023-09-27T00:21:05","modified_gmt":"2023-09-27T00:21:05","slug":"misty-morning-luxembourg-city","status":"publish","type":"product","link":"https:\/\/photographer.lu\/fr\/photo\/misty-morning-luxembourg-city\/","title":{"rendered":"Matin brumeux dans la ville de Luxembourg"},"content":{"rendered":"<p>Photo <span style=\"color: #008000;\">commerciale<\/span> d&rsquo;un lever de soleil brumeux dans la vieille ville de Luxembourg, montrant l&rsquo;abbaye de Neumunster dans le quartier du Grund couverte de brouillard.<\/p>\n<p>Cette image est disponible sous licence en t\u00e9l\u00e9chargement num\u00e9rique.<\/p>\n<p>Des tirages limit\u00e9s et des tirages libres sont disponibles.<\/p>\n","protected":false},"excerpt":{"rendered":"<p>Lever de soleil brumeux dans la vieille ville de Luxembourg &#8211; quartier du Grund<\/p>\n<p><img decoding=\"async\" class=\"alignnone size-full wp-image-22578\" src=\"https:\/\/photographer.lu\/wp-content\/uploads\/2022\/10\/payment-methods-luxembourg.webp\" alt=\"les m\u00e9thodes de paiement\" width=\"581\" height=\"40\" srcset=\"https:\/\/photographer.lu\/wp-content\/uploads\/2022\/10\/payment-methods-luxembourg.webp 581w, https:\/\/photographer.lu\/wp-content\/uploads\/2022\/10\/payment-methods-luxembourg-300x21.webp 300w, https:\/\/photographer.lu\/wp-content\/uploads\/2022\/10\/payment-methods-luxembourg-550x38.webp 550w\" sizes=\"(max-width: 581px) 100vw, 581px\" \/><\/p>\n","protected":false},"featured_media":20979,"comment_status":"closed","ping_status":"closed","template":"","meta":{"pgc_sgb_lightbox_settings":""},"product_brand":[],"product_cat":[703,702],"product_tag":[830,819,867,829,827,739,1099,1100,818,718,714,705,1025,715,736,742,732,733,717,744,737,713,711,916,996,719,741,712],"class_list":{"0":"post-21460","1":"product","2":"type-product","3":"status-publish","4":"has-post-thumbnail","6":"product_cat-luxembourg-images-fr","7":"product_cat-tirages-dart","8":"product_tag-abbaye-de-neumunster-fr-2","9":"product_tag-abbaye-de-neumunster-fr","10":"product_tag-automne","11":"product_tag-brouillard-fr","12":"product_tag-brouillard","13":"product_tag-capital-fr","14":"product_tag-casemates-bock","15":"product_tag-chemin-de-la-corniche-fr","16":"product_tag-grund-fr","17":"product_tag-iconique","18":"product_tag-images-du-luxembourg","19":"product_tag-imprime","20":"product_tag-kirchberg-fr","21":"product_tag-letzebuerg-fr","22":"product_tag-ligne-dhorizon","23":"product_tag-luxembourg-fr","24":"product_tag-paysage-urbain","25":"product_tag-paysages-urbains","26":"product_tag-photoen","27":"product_tag-photographe-luxembourg","28":"product_tag-photographie-du-luxembourg","29":"product_tag-photos-du-luxembourg","30":"product_tag-points-de-repere","31":"product_tag-pont-du-chateau","32":"product_tag-saison","33":"product_tag-saisons","34":"product_tag-ville","35":"product_tag-ville-de-luxembourg","36":"product_shipping_class-imprimes","38":"first","39":"instock","40":"taxable","41":"shipping-taxable","42":"purchasable","43":"product-type-variable"},"featured_image_urls_v2":{"full":["https:\/\/photographer.lu\/wp-content\/uploads\/2022\/10\/8574-L-IMG-4072-Misty-morning-Luxembourg-city-Grund.webp",1200,800,false],"thumbnail":["https:\/\/photographer.lu\/wp-content\/uploads\/2022\/10\/8574-L-IMG-4072-Misty-morning-Luxembourg-city-Grund.webp",550,367,false],"medium":["https:\/\/photographer.lu\/wp-content\/uploads\/2022\/10\/8574-L-IMG-4072-Misty-morning-Luxembourg-city-Grund.webp",300,200,false],"medium_large":["https:\/\/photographer.lu\/wp-content\/uploads\/2022\/10\/8574-L-IMG-4072-Misty-morning-Luxembourg-city-Grund.webp",768,512,false],"large":["https:\/\/photographer.lu\/wp-content\/uploads\/2022\/10\/8574-L-IMG-4072-Misty-morning-Luxembourg-city-Grund.webp",1200,800,false],"1536x1536":["https:\/\/photographer.lu\/wp-content\/uploads\/2022\/10\/8574-L-IMG-4072-Misty-morning-Luxembourg-city-Grund.webp",1200,800,false],"2048x2048":["https:\/\/photographer.lu\/wp-content\/uploads\/2022\/10\/8574-L-IMG-4072-Misty-morning-Luxembourg-city-Grund.webp",1200,800,false],"woocommerce_archive_thumbnail":["https:\/\/photographer.lu\/wp-content\/uploads\/2022\/10\/8574-L-IMG-4072-Misty-morning-Luxembourg-city-Grund-600x400.webp",600,400,true],"mailpoet_newsletter_max":["https:\/\/photographer.lu\/wp-content\/uploads\/2022\/10\/8574-L-IMG-4072-Misty-morning-Luxembourg-city-Grund.webp",1200,800,false],"woocommerce_thumbnail":["https:\/\/photographer.lu\/wp-content\/uploads\/2022\/10\/8574-L-IMG-4072-Misty-morning-Luxembourg-city-Grund-600x400.webp",600,400,true],"woocommerce_single":["https:\/\/photographer.lu\/wp-content\/uploads\/2022\/10\/8574-L-IMG-4072-Misty-morning-Luxembourg-city-Grund.webp",1200,800,false],"woocommerce_gallery_thumbnail":["https:\/\/photographer.lu\/wp-content\/uploads\/2022\/10\/8574-L-IMG-4072-Misty-morning-Luxembourg-city-Grund-120x120.webp",120,120,true],"jetpack-portfolio-admin-thumb":["https:\/\/photographer.lu\/wp-content\/uploads\/2022\/10\/8574-L-IMG-4072-Misty-morning-Luxembourg-city-Grund.webp",50,33,false]},"post_excerpt_stackable_v2":"<p>Lever de soleil brumeux dans la vieille ville de Luxembourg &#8211; quartier du Grund<\/p>\n<p><img decoding=\"async\" class=\"alignnone size-full wp-image-22578\" src=\"https:\/\/photographer.lu\/wp-content\/uploads\/2022\/10\/payment-methods-luxembourg.webp\" alt=\"les m\u00e9thodes de paiement\" width=\"581\" height=\"40\" srcset=\"https:\/\/photographer.lu\/wp-content\/uploads\/2022\/10\/payment-methods-luxembourg.webp 581w, https:\/\/photographer.lu\/wp-content\/uploads\/2022\/10\/payment-methods-luxembourg-300x21.webp 300w, https:\/\/photographer.lu\/wp-content\/uploads\/2022\/10\/payment-methods-luxembourg-550x38.webp 550w\" sizes=\"(max-width: 581px) 100vw, 581px\" \/><\/p>\n","category_list_v2":"","author_info_v2":{"name":"","url":""},"comments_num_v2":"0 commentaire","acf":[],"jetpack_sharing_enabled":true,"_links":{"self":[{"href":"https:\/\/photographer.lu\/fr\/wp-json\/wp\/v2\/product\/21460","targetHints":{"allow":["GET"]}}],"collection":[{"href":"https:\/\/photographer.lu\/fr\/wp-json\/wp\/v2\/product"}],"about":[{"href":"https:\/\/photographer.lu\/fr\/wp-json\/wp\/v2\/types\/product"}],"replies":[{"embeddable":true,"href":"https:\/\/photographer.lu\/fr\/wp-json\/wp\/v2\/comments?post=21460"}],"wp:featuredmedia":[{"embeddable":true,"href":"https:\/\/photographer.lu\/fr\/wp-json\/wp\/v2\/media\/20979"}],"wp:attachment":[{"href":"https:\/\/photographer.lu\/fr\/wp-json\/wp\/v2\/media?parent=21460"}],"wp:term":[{"taxonomy":"product_brand","embeddable":true,"href":"https:\/\/photographer.lu\/fr\/wp-json\/wp\/v2\/product_brand?post=21460"},{"taxonomy":"product_cat","embeddable":true,"href":"https:\/\/photographer.lu\/fr\/wp-json\/wp\/v2\/product_cat?post=21460"},{"taxonomy":"product_tag","embeddable":true,"href":"https:\/\/photographer.lu\/fr\/wp-json\/wp\/v2\/product_tag?post=21460"}],"curies":[{"name":"wp","href":"https:\/\/api.w.org\/{rel}","templated":true}]}}