{"id":21646,"date":"2022-10-21T14:22:16","date_gmt":"2022-10-21T14:22:16","guid":{"rendered":"https:\/\/photographer.lu\/?post_type=product&#038;p=21646"},"modified":"2023-09-28T04:57:02","modified_gmt":"2023-09-28T04:57:02","slug":"grand-ducal-palace-luxembourg-ville","status":"publish","type":"product","link":"https:\/\/photographer.lu\/fr\/photo\/grand-ducal-palace-luxembourg-ville\/","title":{"rendered":"Palais grand-ducal \u00e0 Luxembourg-ville"},"content":{"rendered":"<p>Photo <span style=\"color: #008000;\">commerciale<\/span> du Palais Grand Ducal dans le centre de la ville de Luxembourg lors d&rsquo;une journ\u00e9e ensoleill\u00e9e.<\/p>\n<p>Cette image est disponible sous licence en t\u00e9l\u00e9chargement num\u00e9rique.<\/p>\n<p>Des tirages limit\u00e9s et des tirages libres sont disponibles.<\/p>\n","protected":false},"excerpt":{"rendered":"<p>Palais grand-ducal au centre de la ville de Luxembourg<\/p>\n<p><img decoding=\"async\" class=\"alignnone size-full wp-image-22578\" src=\"https:\/\/photographer.lu\/wp-content\/uploads\/2022\/10\/payment-methods-luxembourg.webp\" alt=\"les m\u00e9thodes de paiement\" width=\"581\" height=\"40\" srcset=\"https:\/\/photographer.lu\/wp-content\/uploads\/2022\/10\/payment-methods-luxembourg.webp 581w, https:\/\/photographer.lu\/wp-content\/uploads\/2022\/10\/payment-methods-luxembourg-300x21.webp 300w, https:\/\/photographer.lu\/wp-content\/uploads\/2022\/10\/payment-methods-luxembourg-550x38.webp 550w\" sizes=\"(max-width: 581px) 100vw, 581px\" \/><\/p>\n","protected":false},"featured_media":21541,"comment_status":"closed","ping_status":"closed","template":"","meta":{"pgc_sgb_lightbox_settings":""},"product_brand":[],"product_cat":[703,702],"product_tag":[817,739,833,1120,1124,881,1122,1121,710,718,714,705,715,742,1123,717,744,737,713,711,741,712],"class_list":{"0":"post-21646","1":"product","2":"type-product","3":"status-publish","4":"has-post-thumbnail","6":"product_cat-luxembourg-images-fr","7":"product_cat-tirages-dart","8":"product_tag-architecture-fr","9":"product_tag-capital-fr","10":"product_tag-centre-ville","11":"product_tag-chambre-des-deputes-fr","12":"product_tag-ensoleille","13":"product_tag-ete","14":"product_tag-grand-palais-ducal","15":"product_tag-grand-ducal-fr","16":"product_tag-grand-duche","17":"product_tag-iconique","18":"product_tag-images-du-luxembourg","19":"product_tag-imprime","20":"product_tag-letzebuerg-fr","21":"product_tag-luxembourg-fr","22":"product_tag-palais-grand-ducal-fr","23":"product_tag-photoen","24":"product_tag-photographe-luxembourg","25":"product_tag-photographie-du-luxembourg","26":"product_tag-photos-du-luxembourg","27":"product_tag-points-de-repere","28":"product_tag-ville","29":"product_tag-ville-de-luxembourg","30":"product_shipping_class-imprimes","32":"first","33":"instock","34":"taxable","35":"shipping-taxable","36":"purchasable","37":"product-type-variable"},"featured_image_urls_v2":{"full":["https:\/\/photographer.lu\/wp-content\/uploads\/2022\/10\/8575-L-VIO-8255-Palais-Grand-Ducal-Luxembourg.webp",1200,800,false],"thumbnail":["https:\/\/photographer.lu\/wp-content\/uploads\/2022\/10\/8575-L-VIO-8255-Palais-Grand-Ducal-Luxembourg.webp",550,367,false],"medium":["https:\/\/photographer.lu\/wp-content\/uploads\/2022\/10\/8575-L-VIO-8255-Palais-Grand-Ducal-Luxembourg.webp",300,200,false],"medium_large":["https:\/\/photographer.lu\/wp-content\/uploads\/2022\/10\/8575-L-VIO-8255-Palais-Grand-Ducal-Luxembourg.webp",768,512,false],"large":["https:\/\/photographer.lu\/wp-content\/uploads\/2022\/10\/8575-L-VIO-8255-Palais-Grand-Ducal-Luxembourg.webp",1200,800,false],"1536x1536":["https:\/\/photographer.lu\/wp-content\/uploads\/2022\/10\/8575-L-VIO-8255-Palais-Grand-Ducal-Luxembourg.webp",1200,800,false],"2048x2048":["https:\/\/photographer.lu\/wp-content\/uploads\/2022\/10\/8575-L-VIO-8255-Palais-Grand-Ducal-Luxembourg.webp",1200,800,false],"woocommerce_archive_thumbnail":["https:\/\/photographer.lu\/wp-content\/uploads\/2022\/10\/8575-L-VIO-8255-Palais-Grand-Ducal-Luxembourg-600x400.webp",600,400,true],"mailpoet_newsletter_max":["https:\/\/photographer.lu\/wp-content\/uploads\/2022\/10\/8575-L-VIO-8255-Palais-Grand-Ducal-Luxembourg.webp",1200,800,false],"woocommerce_thumbnail":["https:\/\/photographer.lu\/wp-content\/uploads\/2022\/10\/8575-L-VIO-8255-Palais-Grand-Ducal-Luxembourg-600x400.webp",600,400,true],"woocommerce_single":["https:\/\/photographer.lu\/wp-content\/uploads\/2022\/10\/8575-L-VIO-8255-Palais-Grand-Ducal-Luxembourg.webp",1200,800,false],"woocommerce_gallery_thumbnail":["https:\/\/photographer.lu\/wp-content\/uploads\/2022\/10\/8575-L-VIO-8255-Palais-Grand-Ducal-Luxembourg-120x120.webp",120,120,true],"jetpack-portfolio-admin-thumb":["https:\/\/photographer.lu\/wp-content\/uploads\/2022\/10\/8575-L-VIO-8255-Palais-Grand-Ducal-Luxembourg.webp",50,33,false]},"post_excerpt_stackable_v2":"<p>Palais grand-ducal au centre de la ville de Luxembourg<\/p>\n<p><img decoding=\"async\" class=\"alignnone size-full wp-image-22578\" src=\"https:\/\/photographer.lu\/wp-content\/uploads\/2022\/10\/payment-methods-luxembourg.webp\" alt=\"les m\u00e9thodes de paiement\" width=\"581\" height=\"40\" srcset=\"https:\/\/photographer.lu\/wp-content\/uploads\/2022\/10\/payment-methods-luxembourg.webp 581w, https:\/\/photographer.lu\/wp-content\/uploads\/2022\/10\/payment-methods-luxembourg-300x21.webp 300w, https:\/\/photographer.lu\/wp-content\/uploads\/2022\/10\/payment-methods-luxembourg-550x38.webp 550w\" sizes=\"(max-width: 581px) 100vw, 581px\" \/><\/p>\n","category_list_v2":"","author_info_v2":{"name":"","url":""},"comments_num_v2":"0 commentaire","acf":[],"jetpack_sharing_enabled":true,"_links":{"self":[{"href":"https:\/\/photographer.lu\/fr\/wp-json\/wp\/v2\/product\/21646","targetHints":{"allow":["GET"]}}],"collection":[{"href":"https:\/\/photographer.lu\/fr\/wp-json\/wp\/v2\/product"}],"about":[{"href":"https:\/\/photographer.lu\/fr\/wp-json\/wp\/v2\/types\/product"}],"replies":[{"embeddable":true,"href":"https:\/\/photographer.lu\/fr\/wp-json\/wp\/v2\/comments?post=21646"}],"wp:featuredmedia":[{"embeddable":true,"href":"https:\/\/photographer.lu\/fr\/wp-json\/wp\/v2\/media\/21541"}],"wp:attachment":[{"href":"https:\/\/photographer.lu\/fr\/wp-json\/wp\/v2\/media?parent=21646"}],"wp:term":[{"taxonomy":"product_brand","embeddable":true,"href":"https:\/\/photographer.lu\/fr\/wp-json\/wp\/v2\/product_brand?post=21646"},{"taxonomy":"product_cat","embeddable":true,"href":"https:\/\/photographer.lu\/fr\/wp-json\/wp\/v2\/product_cat?post=21646"},{"taxonomy":"product_tag","embeddable":true,"href":"https:\/\/photographer.lu\/fr\/wp-json\/wp\/v2\/product_tag?post=21646"}],"curies":[{"name":"wp","href":"https:\/\/api.w.org\/{rel}","templated":true}]}}