{"id":21759,"date":"2022-10-21T15:16:06","date_gmt":"2022-10-21T15:16:06","guid":{"rendered":"https:\/\/photographer.lu\/?post_type=product&#038;p=21759"},"modified":"2023-09-27T08:38:52","modified_gmt":"2023-09-27T08:38:52","slug":"institutions-europeennes-a-kirchberg-luxembourg","status":"publish","type":"product","link":"https:\/\/photographer.lu\/fr\/photo\/institutions-europeennes-a-kirchberg-luxembourg\/","title":{"rendered":"Institutions europ\u00e9ennes au Kirchberg Luxembourg"},"content":{"rendered":"<p>Photo a\u00e9rienne <span style=\"color: #008000;\">commerciale<\/span> des institutions europ\u00e9ennes au Kirchberg, ville de Luxembourg, vue du ciel : Banque europ\u00e9enne d&rsquo;investissement, Cour europ\u00e9enne de justice, Parlement europ\u00e9en, Centre europ\u00e9en de convention, immeubles de bureaux et Philharmonie.<\/p>\n<p>Cette image est disponible sous licence en t\u00e9l\u00e9chargement num\u00e9rique.<\/p>\n<p>Des tirages limit\u00e9s et des tirages libres sont disponibles.<\/p>\n","protected":false},"excerpt":{"rendered":"<p>Institutions europ\u00e9ennes au Kirchberg, ville de Luxembourg<\/p>\n<p><img decoding=\"async\" class=\"alignnone size-full wp-image-22578\" src=\"https:\/\/photographer.lu\/wp-content\/uploads\/2022\/10\/payment-methods-luxembourg.webp\" alt=\"les m\u00e9thodes de paiement\" width=\"581\" height=\"40\" srcset=\"https:\/\/photographer.lu\/wp-content\/uploads\/2022\/10\/payment-methods-luxembourg.webp 581w, https:\/\/photographer.lu\/wp-content\/uploads\/2022\/10\/payment-methods-luxembourg-300x21.webp 300w, https:\/\/photographer.lu\/wp-content\/uploads\/2022\/10\/payment-methods-luxembourg-550x38.webp 550w\" sizes=\"(max-width: 581px) 100vw, 581px\" \/><\/p>\n","protected":false},"featured_media":21565,"comment_status":"closed","ping_status":"closed","template":"","meta":{"pgc_sgb_lightbox_settings":""},"product_brand":[],"product_cat":[703],"product_tag":[899,817,1135,739,1134,1023,1133,1022,710,714,1027,705,1025,1024,715,1028,717,737,713,741,712],"class_list":{"0":"post-21759","1":"product","2":"type-product","3":"status-publish","4":"has-post-thumbnail","6":"product_cat-luxembourg-images-fr","7":"product_tag-aerien","8":"product_tag-architecture-fr","9":"product_tag-banque-europeenne-dinvestissement","10":"product_tag-capital-fr","11":"product_tag-centre-europeen-de-convention","12":"product_tag-cour-de-justice-europeenne","13":"product_tag-eib-fr","14":"product_tag-entreprise","15":"product_tag-grand-duche","16":"product_tag-images-du-luxembourg","17":"product_tag-immeubles-de-bureaux","18":"product_tag-imprime","19":"product_tag-kirchberg-fr","20":"product_tag-les-institutions-europeennes","21":"product_tag-letzebuerg-fr","22":"product_tag-philharmonie-fr","23":"product_tag-photoen","24":"product_tag-photographie-du-luxembourg","25":"product_tag-photos-du-luxembourg","26":"product_tag-ville","27":"product_tag-ville-de-luxembourg","28":"product_shipping_class-imprimes","30":"first","31":"instock","32":"taxable","33":"shipping-taxable","34":"purchasable","35":"product-type-variable"},"featured_image_urls_v2":{"full":["https:\/\/photographer.lu\/wp-content\/uploads\/2022\/10\/8577-L-VIO-5872-European-Institutions-Luxembourg-city-aerial.webp",1200,800,false],"thumbnail":["https:\/\/photographer.lu\/wp-content\/uploads\/2022\/10\/8577-L-VIO-5872-European-Institutions-Luxembourg-city-aerial-550x367.webp",550,367,true],"medium":["https:\/\/photographer.lu\/wp-content\/uploads\/2022\/10\/8577-L-VIO-5872-European-Institutions-Luxembourg-city-aerial-300x200.webp",300,200,true],"medium_large":["https:\/\/photographer.lu\/wp-content\/uploads\/2022\/10\/8577-L-VIO-5872-European-Institutions-Luxembourg-city-aerial-768x512.webp",768,512,true],"large":["https:\/\/photographer.lu\/wp-content\/uploads\/2022\/10\/8577-L-VIO-5872-European-Institutions-Luxembourg-city-aerial.webp",1200,800,false],"1536x1536":["https:\/\/photographer.lu\/wp-content\/uploads\/2022\/10\/8577-L-VIO-5872-European-Institutions-Luxembourg-city-aerial.webp",1200,800,false],"2048x2048":["https:\/\/photographer.lu\/wp-content\/uploads\/2022\/10\/8577-L-VIO-5872-European-Institutions-Luxembourg-city-aerial.webp",1200,800,false],"woocommerce_archive_thumbnail":["https:\/\/photographer.lu\/wp-content\/uploads\/2022\/10\/8577-L-VIO-5872-European-Institutions-Luxembourg-city-aerial-600x400.webp",600,400,true],"mailpoet_newsletter_max":["https:\/\/photographer.lu\/wp-content\/uploads\/2022\/10\/8577-L-VIO-5872-European-Institutions-Luxembourg-city-aerial.webp",1200,800,false],"woocommerce_thumbnail":["https:\/\/photographer.lu\/wp-content\/uploads\/2022\/10\/8577-L-VIO-5872-European-Institutions-Luxembourg-city-aerial-600x400.webp",600,400,true],"woocommerce_single":["https:\/\/photographer.lu\/wp-content\/uploads\/2022\/10\/8577-L-VIO-5872-European-Institutions-Luxembourg-city-aerial.webp",1200,800,false],"woocommerce_gallery_thumbnail":["https:\/\/photographer.lu\/wp-content\/uploads\/2022\/10\/8577-L-VIO-5872-European-Institutions-Luxembourg-city-aerial-120x120.webp",120,120,true],"jetpack-portfolio-admin-thumb":["https:\/\/photographer.lu\/wp-content\/uploads\/2022\/10\/8577-L-VIO-5872-European-Institutions-Luxembourg-city-aerial-50x50.webp",50,50,true]},"post_excerpt_stackable_v2":"<p>Institutions europ\u00e9ennes au Kirchberg, ville de Luxembourg<\/p>\n<p><img decoding=\"async\" class=\"alignnone size-full wp-image-22578\" src=\"https:\/\/photographer.lu\/wp-content\/uploads\/2022\/10\/payment-methods-luxembourg.webp\" alt=\"les m\u00e9thodes de paiement\" width=\"581\" height=\"40\" srcset=\"https:\/\/photographer.lu\/wp-content\/uploads\/2022\/10\/payment-methods-luxembourg.webp 581w, https:\/\/photographer.lu\/wp-content\/uploads\/2022\/10\/payment-methods-luxembourg-300x21.webp 300w, https:\/\/photographer.lu\/wp-content\/uploads\/2022\/10\/payment-methods-luxembourg-550x38.webp 550w\" sizes=\"(max-width: 581px) 100vw, 581px\" \/><\/p>\n","category_list_v2":"","author_info_v2":{"name":"","url":""},"comments_num_v2":"0 commentaire","acf":[],"jetpack_sharing_enabled":true,"_links":{"self":[{"href":"https:\/\/photographer.lu\/fr\/wp-json\/wp\/v2\/product\/21759","targetHints":{"allow":["GET"]}}],"collection":[{"href":"https:\/\/photographer.lu\/fr\/wp-json\/wp\/v2\/product"}],"about":[{"href":"https:\/\/photographer.lu\/fr\/wp-json\/wp\/v2\/types\/product"}],"replies":[{"embeddable":true,"href":"https:\/\/photographer.lu\/fr\/wp-json\/wp\/v2\/comments?post=21759"}],"wp:featuredmedia":[{"embeddable":true,"href":"https:\/\/photographer.lu\/fr\/wp-json\/wp\/v2\/media\/21565"}],"wp:attachment":[{"href":"https:\/\/photographer.lu\/fr\/wp-json\/wp\/v2\/media?parent=21759"}],"wp:term":[{"taxonomy":"product_brand","embeddable":true,"href":"https:\/\/photographer.lu\/fr\/wp-json\/wp\/v2\/product_brand?post=21759"},{"taxonomy":"product_cat","embeddable":true,"href":"https:\/\/photographer.lu\/fr\/wp-json\/wp\/v2\/product_cat?post=21759"},{"taxonomy":"product_tag","embeddable":true,"href":"https:\/\/photographer.lu\/fr\/wp-json\/wp\/v2\/product_tag?post=21759"}],"curies":[{"name":"wp","href":"https:\/\/api.w.org\/{rel}","templated":true}]}}