{"id":21872,"date":"2022-10-21T15:24:11","date_gmt":"2022-10-21T15:24:11","guid":{"rendered":"https:\/\/photographer.lu\/?post_type=product&#038;p=21872"},"modified":"2023-09-27T23:09:54","modified_gmt":"2023-09-27T23:09:54","slug":"luxembourg-city-foggy-skyline-kirchberg-landmarks","status":"publish","type":"product","link":"https:\/\/photographer.lu\/fr\/photo\/luxembourg-city-foggy-skyline-kirchberg-landmarks\/","title":{"rendered":"Ligne d&rsquo;horizon brumeuse de la ville de Luxembourg avec le Kirchberg et des points de rep\u00e8re"},"content":{"rendered":"<p>Photo <span style=\"color: #008000;\">commerciale<\/span> de b\u00e2timents modernes au Kirchberg, ville de Luxembourg : Cour de justice europ\u00e9enne, Parlement europ\u00e9en et cath\u00e9drale Notre Dame avec la tour de la Spuerkeess Bank en premier plan, lors d&rsquo;un matin brumeux au lever du soleil.<\/p>\n<p>Cette image est disponible sous licence en t\u00e9l\u00e9chargement num\u00e9rique.<\/p>\n<p>Des tirages limit\u00e9s et des tirages libres sont disponibles.<\/p>\n","protected":false},"excerpt":{"rendered":"<p>B\u00e2timents anciens et nouveaux dans la ville de Luxembourg pendant un lever de soleil brumeux.<\/p>\n<p><img decoding=\"async\" class=\"alignnone size-full wp-image-22578\" src=\"https:\/\/photographer.lu\/wp-content\/uploads\/2022\/10\/payment-methods-luxembourg.webp\" alt=\"les m\u00e9thodes de paiement\" width=\"581\" height=\"40\" srcset=\"https:\/\/photographer.lu\/wp-content\/uploads\/2022\/10\/payment-methods-luxembourg.webp 581w, https:\/\/photographer.lu\/wp-content\/uploads\/2022\/10\/payment-methods-luxembourg-300x21.webp 300w, https:\/\/photographer.lu\/wp-content\/uploads\/2022\/10\/payment-methods-luxembourg-550x38.webp 550w\" sizes=\"(max-width: 581px) 100vw, 581px\" \/><\/p>\n","protected":false},"featured_media":21589,"comment_status":"closed","ping_status":"closed","template":"","meta":{"pgc_sgb_lightbox_settings":""},"product_brand":[],"product_cat":[703,702],"product_tag":[1146,817,1144,827,829,1145,739,740,1022,710,714,1027,705,1025,1024,715,736,1143,1026,743,732,733,717,744,737,713,711,729,741,712],"class_list":{"0":"post-21872","1":"product","2":"type-product","3":"status-publish","4":"has-post-thumbnail","6":"product_cat-luxembourg-images-fr","7":"product_cat-tirages-dart","8":"product_tag-ancien-et-nouveau","9":"product_tag-architecture-fr","10":"product_tag-brouillard-fr-2","11":"product_tag-brouillard","12":"product_tag-brouillard-fr","13":"product_tag-brumeux","14":"product_tag-capital-fr","15":"product_tag-cathedrale","16":"product_tag-entreprise","17":"product_tag-grand-duche","18":"product_tag-images-du-luxembourg","19":"product_tag-immeubles-de-bureaux","20":"product_tag-imprime","21":"product_tag-kirchberg-fr","22":"product_tag-les-institutions-europeennes","23":"product_tag-letzebuerg-fr","24":"product_tag-ligne-dhorizon","25":"product_tag-luxembourg-ville-fr","26":"product_tag-moderne","27":"product_tag-notre-dame-fr","28":"product_tag-paysage-urbain","29":"product_tag-paysages-urbains","30":"product_tag-photoen","31":"product_tag-photographe-luxembourg","32":"product_tag-photographie-du-luxembourg","33":"product_tag-photos-du-luxembourg","34":"product_tag-points-de-repere","35":"product_tag-spuerkeess-fr","36":"product_tag-ville","37":"product_tag-ville-de-luxembourg","38":"product_shipping_class-imprimes","40":"first","41":"instock","42":"taxable","43":"shipping-taxable","44":"purchasable","45":"product-type-variable"},"featured_image_urls_v2":{"full":["https:\/\/photographer.lu\/wp-content\/uploads\/2022\/10\/8585-L-VIO-6623-Luxembourg-skyline-foggy-morning-sunrise.webp",1200,801,false],"thumbnail":["https:\/\/photographer.lu\/wp-content\/uploads\/2022\/10\/8585-L-VIO-6623-Luxembourg-skyline-foggy-morning-sunrise-550x367.webp",550,367,true],"medium":["https:\/\/photographer.lu\/wp-content\/uploads\/2022\/10\/8585-L-VIO-6623-Luxembourg-skyline-foggy-morning-sunrise-300x200.webp",300,200,true],"medium_large":["https:\/\/photographer.lu\/wp-content\/uploads\/2022\/10\/8585-L-VIO-6623-Luxembourg-skyline-foggy-morning-sunrise-768x513.webp",768,513,true],"large":["https:\/\/photographer.lu\/wp-content\/uploads\/2022\/10\/8585-L-VIO-6623-Luxembourg-skyline-foggy-morning-sunrise.webp",1200,801,false],"1536x1536":["https:\/\/photographer.lu\/wp-content\/uploads\/2022\/10\/8585-L-VIO-6623-Luxembourg-skyline-foggy-morning-sunrise.webp",1200,801,false],"2048x2048":["https:\/\/photographer.lu\/wp-content\/uploads\/2022\/10\/8585-L-VIO-6623-Luxembourg-skyline-foggy-morning-sunrise.webp",1200,801,false],"woocommerce_archive_thumbnail":["https:\/\/photographer.lu\/wp-content\/uploads\/2022\/10\/8585-L-VIO-6623-Luxembourg-skyline-foggy-morning-sunrise-600x401.webp",600,401,true],"mailpoet_newsletter_max":["https:\/\/photographer.lu\/wp-content\/uploads\/2022\/10\/8585-L-VIO-6623-Luxembourg-skyline-foggy-morning-sunrise.webp",1200,801,false],"woocommerce_thumbnail":["https:\/\/photographer.lu\/wp-content\/uploads\/2022\/10\/8585-L-VIO-6623-Luxembourg-skyline-foggy-morning-sunrise-600x401.webp",600,401,true],"woocommerce_single":["https:\/\/photographer.lu\/wp-content\/uploads\/2022\/10\/8585-L-VIO-6623-Luxembourg-skyline-foggy-morning-sunrise.webp",1200,801,false],"woocommerce_gallery_thumbnail":["https:\/\/photographer.lu\/wp-content\/uploads\/2022\/10\/8585-L-VIO-6623-Luxembourg-skyline-foggy-morning-sunrise-120x120.webp",120,120,true],"jetpack-portfolio-admin-thumb":["https:\/\/photographer.lu\/wp-content\/uploads\/2022\/10\/8585-L-VIO-6623-Luxembourg-skyline-foggy-morning-sunrise-50x50.webp",50,50,true]},"post_excerpt_stackable_v2":"<p>B\u00e2timents anciens et nouveaux dans la ville de Luxembourg pendant un lever de soleil brumeux.<\/p>\n<p><img decoding=\"async\" class=\"alignnone size-full wp-image-22578\" src=\"https:\/\/photographer.lu\/wp-content\/uploads\/2022\/10\/payment-methods-luxembourg.webp\" alt=\"les m\u00e9thodes de paiement\" width=\"581\" height=\"40\" srcset=\"https:\/\/photographer.lu\/wp-content\/uploads\/2022\/10\/payment-methods-luxembourg.webp 581w, https:\/\/photographer.lu\/wp-content\/uploads\/2022\/10\/payment-methods-luxembourg-300x21.webp 300w, https:\/\/photographer.lu\/wp-content\/uploads\/2022\/10\/payment-methods-luxembourg-550x38.webp 550w\" sizes=\"(max-width: 581px) 100vw, 581px\" \/><\/p>\n","category_list_v2":"","author_info_v2":{"name":"","url":""},"comments_num_v2":"0 commentaire","acf":[],"jetpack_sharing_enabled":true,"_links":{"self":[{"href":"https:\/\/photographer.lu\/fr\/wp-json\/wp\/v2\/product\/21872","targetHints":{"allow":["GET"]}}],"collection":[{"href":"https:\/\/photographer.lu\/fr\/wp-json\/wp\/v2\/product"}],"about":[{"href":"https:\/\/photographer.lu\/fr\/wp-json\/wp\/v2\/types\/product"}],"replies":[{"embeddable":true,"href":"https:\/\/photographer.lu\/fr\/wp-json\/wp\/v2\/comments?post=21872"}],"wp:featuredmedia":[{"embeddable":true,"href":"https:\/\/photographer.lu\/fr\/wp-json\/wp\/v2\/media\/21589"}],"wp:attachment":[{"href":"https:\/\/photographer.lu\/fr\/wp-json\/wp\/v2\/media?parent=21872"}],"wp:term":[{"taxonomy":"product_brand","embeddable":true,"href":"https:\/\/photographer.lu\/fr\/wp-json\/wp\/v2\/product_brand?post=21872"},{"taxonomy":"product_cat","embeddable":true,"href":"https:\/\/photographer.lu\/fr\/wp-json\/wp\/v2\/product_cat?post=21872"},{"taxonomy":"product_tag","embeddable":true,"href":"https:\/\/photographer.lu\/fr\/wp-json\/wp\/v2\/product_tag?post=21872"}],"curies":[{"name":"wp","href":"https:\/\/api.w.org\/{rel}","templated":true}]}}