{"id":22397,"date":"2022-10-31T19:37:35","date_gmt":"2022-10-31T19:37:35","guid":{"rendered":"https:\/\/photographer.lu\/?post_type=product&#038;p=22397"},"modified":"2023-09-26T22:38:28","modified_gmt":"2023-09-26T22:38:28","slug":"pont-adolphe-couleurs-darc-en-ciel","status":"publish","type":"product","link":"https:\/\/photographer.lu\/fr\/photo\/pont-adolphe-couleurs-darc-en-ciel\/","title":{"rendered":"Pont Adolphe aux couleurs de l&rsquo;arc-en-ciel"},"content":{"rendered":"<p>Photo <span style=\"color: #008000;\">commerciale<\/span> d&rsquo;un tramway passant sur le pont Adolphe avec des lumi\u00e8res arc-en-ciel dans la ville de Luxembourg la nuit, pour c\u00e9l\u00e9brer la semaine des fiert\u00e9s au Luxembourg.<\/p>\n<p>Cette image est disponible sous licence en t\u00e9l\u00e9chargement num\u00e9rique.<\/p>\n<p>Des tirages limit\u00e9s et des tirages libres sont disponibles.<\/p>\n","protected":false},"excerpt":{"rendered":"<p>Le pont Adolphe illumin\u00e9 de lumi\u00e8res arc-en-ciel pour c\u00e9l\u00e9brer la Semaine des Fiert\u00e9s au Luxembourg<\/p>\n<p><img decoding=\"async\" class=\"alignnone size-full wp-image-22578\" src=\"https:\/\/photographer.lu\/wp-content\/uploads\/2022\/10\/payment-methods-luxembourg.webp\" alt=\"les m\u00e9thodes de paiement\" width=\"581\" height=\"40\" srcset=\"https:\/\/photographer.lu\/wp-content\/uploads\/2022\/10\/payment-methods-luxembourg.webp 581w, https:\/\/photographer.lu\/wp-content\/uploads\/2022\/10\/payment-methods-luxembourg-300x21.webp 300w, https:\/\/photographer.lu\/wp-content\/uploads\/2022\/10\/payment-methods-luxembourg-550x38.webp 550w\" sizes=\"(max-width: 581px) 100vw, 581px\" \/><\/p>\n","protected":false},"featured_media":22089,"comment_status":"closed","ping_status":"closed","template":"","meta":{"pgc_sgb_lightbox_settings":""},"product_brand":[],"product_cat":[703,702],"product_tag":[1169,817,1166,1168,837,714,705,715,838,742,717,737,713,711,1167,1170,1171,712],"class_list":{"0":"post-22397","1":"product","2":"type-product","3":"status-publish","4":"has-post-thumbnail","6":"product_cat-luxembourg-images-fr","7":"product_cat-tirages-dart","8":"product_tag-arc-en-ciel","9":"product_tag-architecture-fr","10":"product_tag-couleurs","11":"product_tag-fierte","12":"product_tag-illumine","13":"product_tag-images-du-luxembourg","14":"product_tag-imprime","15":"product_tag-letzebuerg-fr","16":"product_tag-lumieres","17":"product_tag-luxembourg-fr","18":"product_tag-photoen","19":"product_tag-photographie-du-luxembourg","20":"product_tag-photos-du-luxembourg","21":"product_tag-points-de-repere","22":"product_tag-pont-adolphe-fr","23":"product_tag-tramway-fr","24":"product_tag-tramway-fr-2","25":"product_tag-ville-de-luxembourg","26":"product_shipping_class-imprimes","28":"first","29":"instock","30":"taxable","31":"shipping-taxable","32":"purchasable","33":"product-type-variable"},"featured_image_urls_v2":{"full":["https:\/\/photographer.lu\/wp-content\/uploads\/2022\/10\/8586-L-VIO-9235-Pont-Adolphe-rainbow-lights-Luxembourg-city.webp",1200,801,false],"thumbnail":["https:\/\/photographer.lu\/wp-content\/uploads\/2022\/10\/8586-L-VIO-9235-Pont-Adolphe-rainbow-lights-Luxembourg-city-550x367.webp",550,367,true],"medium":["https:\/\/photographer.lu\/wp-content\/uploads\/2022\/10\/8586-L-VIO-9235-Pont-Adolphe-rainbow-lights-Luxembourg-city-300x200.webp",300,200,true],"medium_large":["https:\/\/photographer.lu\/wp-content\/uploads\/2022\/10\/8586-L-VIO-9235-Pont-Adolphe-rainbow-lights-Luxembourg-city-768x513.webp",768,513,true],"large":["https:\/\/photographer.lu\/wp-content\/uploads\/2022\/10\/8586-L-VIO-9235-Pont-Adolphe-rainbow-lights-Luxembourg-city.webp",1200,801,false],"1536x1536":["https:\/\/photographer.lu\/wp-content\/uploads\/2022\/10\/8586-L-VIO-9235-Pont-Adolphe-rainbow-lights-Luxembourg-city.webp",1200,801,false],"2048x2048":["https:\/\/photographer.lu\/wp-content\/uploads\/2022\/10\/8586-L-VIO-9235-Pont-Adolphe-rainbow-lights-Luxembourg-city.webp",1200,801,false],"woocommerce_archive_thumbnail":["https:\/\/photographer.lu\/wp-content\/uploads\/2022\/10\/8586-L-VIO-9235-Pont-Adolphe-rainbow-lights-Luxembourg-city-600x401.webp",600,401,true],"mailpoet_newsletter_max":["https:\/\/photographer.lu\/wp-content\/uploads\/2022\/10\/8586-L-VIO-9235-Pont-Adolphe-rainbow-lights-Luxembourg-city.webp",1200,801,false],"woocommerce_thumbnail":["https:\/\/photographer.lu\/wp-content\/uploads\/2022\/10\/8586-L-VIO-9235-Pont-Adolphe-rainbow-lights-Luxembourg-city-600x401.webp",600,401,true],"woocommerce_single":["https:\/\/photographer.lu\/wp-content\/uploads\/2022\/10\/8586-L-VIO-9235-Pont-Adolphe-rainbow-lights-Luxembourg-city.webp",1200,801,false],"woocommerce_gallery_thumbnail":["https:\/\/photographer.lu\/wp-content\/uploads\/2022\/10\/8586-L-VIO-9235-Pont-Adolphe-rainbow-lights-Luxembourg-city-120x120.webp",120,120,true],"jetpack-portfolio-admin-thumb":["https:\/\/photographer.lu\/wp-content\/uploads\/2022\/10\/8586-L-VIO-9235-Pont-Adolphe-rainbow-lights-Luxembourg-city-50x50.webp",50,50,true]},"post_excerpt_stackable_v2":"<p>Le pont Adolphe illumin\u00e9 de lumi\u00e8res arc-en-ciel pour c\u00e9l\u00e9brer la Semaine des Fiert\u00e9s au Luxembourg<\/p>\n<p><img decoding=\"async\" class=\"alignnone size-full wp-image-22578\" src=\"https:\/\/photographer.lu\/wp-content\/uploads\/2022\/10\/payment-methods-luxembourg.webp\" alt=\"les m\u00e9thodes de paiement\" width=\"581\" height=\"40\" srcset=\"https:\/\/photographer.lu\/wp-content\/uploads\/2022\/10\/payment-methods-luxembourg.webp 581w, https:\/\/photographer.lu\/wp-content\/uploads\/2022\/10\/payment-methods-luxembourg-300x21.webp 300w, https:\/\/photographer.lu\/wp-content\/uploads\/2022\/10\/payment-methods-luxembourg-550x38.webp 550w\" sizes=\"(max-width: 581px) 100vw, 581px\" \/><\/p>\n","category_list_v2":"","author_info_v2":{"name":"","url":""},"comments_num_v2":"0 commentaire","acf":[],"jetpack_sharing_enabled":true,"_links":{"self":[{"href":"https:\/\/photographer.lu\/fr\/wp-json\/wp\/v2\/product\/22397","targetHints":{"allow":["GET"]}}],"collection":[{"href":"https:\/\/photographer.lu\/fr\/wp-json\/wp\/v2\/product"}],"about":[{"href":"https:\/\/photographer.lu\/fr\/wp-json\/wp\/v2\/types\/product"}],"replies":[{"embeddable":true,"href":"https:\/\/photographer.lu\/fr\/wp-json\/wp\/v2\/comments?post=22397"}],"wp:featuredmedia":[{"embeddable":true,"href":"https:\/\/photographer.lu\/fr\/wp-json\/wp\/v2\/media\/22089"}],"wp:attachment":[{"href":"https:\/\/photographer.lu\/fr\/wp-json\/wp\/v2\/media?parent=22397"}],"wp:term":[{"taxonomy":"product_brand","embeddable":true,"href":"https:\/\/photographer.lu\/fr\/wp-json\/wp\/v2\/product_brand?post=22397"},{"taxonomy":"product_cat","embeddable":true,"href":"https:\/\/photographer.lu\/fr\/wp-json\/wp\/v2\/product_cat?post=22397"},{"taxonomy":"product_tag","embeddable":true,"href":"https:\/\/photographer.lu\/fr\/wp-json\/wp\/v2\/product_tag?post=22397"}],"curies":[{"name":"wp","href":"https:\/\/api.w.org\/{rel}","templated":true}]}}