{"id":22510,"date":"2022-10-31T21:12:38","date_gmt":"2022-10-31T21:12:38","guid":{"rendered":"https:\/\/photographer.lu\/?post_type=product&#038;p=22510"},"modified":"2023-09-28T11:35:39","modified_gmt":"2023-09-28T11:35:39","slug":"pont-adolphe-notre-dame-luxembourg-ville","status":"publish","type":"product","link":"https:\/\/photographer.lu\/fr\/photo\/pont-adolphe-notre-dame-luxembourg-ville\/","title":{"rendered":"Pont Adolphe et Notre Dame \u00e0 Luxembourg-ville"},"content":{"rendered":"<p>Photo <span style=\"color: #008000;\">commerciale<\/span> des points de rep\u00e8re du Luxembourg : tramway passant sur le pont Adolphe et cath\u00e9drale Notre Dame dans la ville de Luxembourg en \u00e9t\u00e9.<\/p>\n<p>Cette image est disponible sous licence en t\u00e9l\u00e9chargement num\u00e9rique.<\/p>\n<p>Des tirages limit\u00e9s et des tirages libres sont disponibles.<\/p>\n","protected":false},"excerpt":{"rendered":"<p>Pont Adolphe et cath\u00e9drale Notre Dame \u00e0 Luxembourg.<\/p>\n<p><img decoding=\"async\" class=\"alignnone wp-image-21939 size-full\" src=\"https:\/\/photographer.lu\/wp-content\/uploads\/2022\/09\/payment-methods.webp\" alt=\"\" width=\"420\" height=\"40\" srcset=\"https:\/\/photographer.lu\/wp-content\/uploads\/2022\/09\/payment-methods.webp 420w, https:\/\/photographer.lu\/wp-content\/uploads\/2022\/09\/payment-methods-300x29.webp 300w\" sizes=\"(max-width: 420px) 100vw, 420px\" \/><\/p>\n","protected":false},"featured_media":22137,"comment_status":"closed","ping_status":"closed","template":"","meta":{"pgc_sgb_lightbox_settings":""},"product_brand":[],"product_cat":[703,702],"product_tag":[817,740,1166,881,714,705,715,736,742,1143,1180,743,732,733,717,737,713,711,1167,721,1171,1170,712],"class_list":{"0":"post-22510","1":"product","2":"type-product","3":"status-publish","4":"has-post-thumbnail","6":"product_cat-luxembourg-images-fr","7":"product_cat-tirages-dart","8":"product_tag-architecture-fr","9":"product_tag-cathedrale","10":"product_tag-couleurs","11":"product_tag-ete","12":"product_tag-images-du-luxembourg","13":"product_tag-imprime","14":"product_tag-letzebuerg-fr","15":"product_tag-ligne-dhorizon","16":"product_tag-luxembourg-fr","17":"product_tag-luxembourg-ville-fr","18":"product_tag-luxtram-fr","19":"product_tag-notre-dame-fr","20":"product_tag-paysage-urbain","21":"product_tag-paysages-urbains","22":"product_tag-photoen","23":"product_tag-photographie-du-luxembourg","24":"product_tag-photos-du-luxembourg","25":"product_tag-points-de-repere","26":"product_tag-pont-adolphe-fr","27":"product_tag-symboles","28":"product_tag-tramway-fr-2","29":"product_tag-tramway-fr","30":"product_tag-ville-de-luxembourg","31":"product_shipping_class-imprimes","33":"first","34":"instock","35":"taxable","36":"shipping-taxable","37":"purchasable","38":"product-type-variable"},"featured_image_urls_v2":{"full":["https:\/\/photographer.lu\/wp-content\/uploads\/2022\/10\/8592-L-VIO-0615-Pont-Adolphe-Notre-Dame-tram-Luxembourg.webp",1200,800,false],"thumbnail":["https:\/\/photographer.lu\/wp-content\/uploads\/2022\/10\/8592-L-VIO-0615-Pont-Adolphe-Notre-Dame-tram-Luxembourg-550x367.webp",550,367,true],"medium":["https:\/\/photographer.lu\/wp-content\/uploads\/2022\/10\/8592-L-VIO-0615-Pont-Adolphe-Notre-Dame-tram-Luxembourg-300x200.webp",300,200,true],"medium_large":["https:\/\/photographer.lu\/wp-content\/uploads\/2022\/10\/8592-L-VIO-0615-Pont-Adolphe-Notre-Dame-tram-Luxembourg-768x512.webp",768,512,true],"large":["https:\/\/photographer.lu\/wp-content\/uploads\/2022\/10\/8592-L-VIO-0615-Pont-Adolphe-Notre-Dame-tram-Luxembourg.webp",1200,800,false],"1536x1536":["https:\/\/photographer.lu\/wp-content\/uploads\/2022\/10\/8592-L-VIO-0615-Pont-Adolphe-Notre-Dame-tram-Luxembourg.webp",1200,800,false],"2048x2048":["https:\/\/photographer.lu\/wp-content\/uploads\/2022\/10\/8592-L-VIO-0615-Pont-Adolphe-Notre-Dame-tram-Luxembourg.webp",1200,800,false],"woocommerce_archive_thumbnail":["https:\/\/photographer.lu\/wp-content\/uploads\/2022\/10\/8592-L-VIO-0615-Pont-Adolphe-Notre-Dame-tram-Luxembourg-600x400.webp",600,400,true],"mailpoet_newsletter_max":["https:\/\/photographer.lu\/wp-content\/uploads\/2022\/10\/8592-L-VIO-0615-Pont-Adolphe-Notre-Dame-tram-Luxembourg.webp",1200,800,false],"woocommerce_thumbnail":["https:\/\/photographer.lu\/wp-content\/uploads\/2022\/10\/8592-L-VIO-0615-Pont-Adolphe-Notre-Dame-tram-Luxembourg-600x400.webp",600,400,true],"woocommerce_single":["https:\/\/photographer.lu\/wp-content\/uploads\/2022\/10\/8592-L-VIO-0615-Pont-Adolphe-Notre-Dame-tram-Luxembourg.webp",1200,800,false],"woocommerce_gallery_thumbnail":["https:\/\/photographer.lu\/wp-content\/uploads\/2022\/10\/8592-L-VIO-0615-Pont-Adolphe-Notre-Dame-tram-Luxembourg-120x120.webp",120,120,true],"jetpack-portfolio-admin-thumb":["https:\/\/photographer.lu\/wp-content\/uploads\/2022\/10\/8592-L-VIO-0615-Pont-Adolphe-Notre-Dame-tram-Luxembourg-50x50.webp",50,50,true]},"post_excerpt_stackable_v2":"<p>Pont Adolphe et cath\u00e9drale Notre Dame \u00e0 Luxembourg.<\/p>\n<p><img decoding=\"async\" class=\"alignnone wp-image-21939 size-full\" src=\"https:\/\/photographer.lu\/wp-content\/uploads\/2022\/09\/payment-methods.webp\" alt=\"\" width=\"420\" height=\"40\" srcset=\"https:\/\/photographer.lu\/wp-content\/uploads\/2022\/09\/payment-methods.webp 420w, https:\/\/photographer.lu\/wp-content\/uploads\/2022\/09\/payment-methods-300x29.webp 300w\" sizes=\"(max-width: 420px) 100vw, 420px\" \/><\/p>\n","category_list_v2":"","author_info_v2":{"name":"","url":""},"comments_num_v2":"0 commentaire","acf":[],"jetpack_sharing_enabled":true,"_links":{"self":[{"href":"https:\/\/photographer.lu\/fr\/wp-json\/wp\/v2\/product\/22510","targetHints":{"allow":["GET"]}}],"collection":[{"href":"https:\/\/photographer.lu\/fr\/wp-json\/wp\/v2\/product"}],"about":[{"href":"https:\/\/photographer.lu\/fr\/wp-json\/wp\/v2\/types\/product"}],"replies":[{"embeddable":true,"href":"https:\/\/photographer.lu\/fr\/wp-json\/wp\/v2\/comments?post=22510"}],"wp:featuredmedia":[{"embeddable":true,"href":"https:\/\/photographer.lu\/fr\/wp-json\/wp\/v2\/media\/22137"}],"wp:attachment":[{"href":"https:\/\/photographer.lu\/fr\/wp-json\/wp\/v2\/media?parent=22510"}],"wp:term":[{"taxonomy":"product_brand","embeddable":true,"href":"https:\/\/photographer.lu\/fr\/wp-json\/wp\/v2\/product_brand?post=22510"},{"taxonomy":"product_cat","embeddable":true,"href":"https:\/\/photographer.lu\/fr\/wp-json\/wp\/v2\/product_cat?post=22510"},{"taxonomy":"product_tag","embeddable":true,"href":"https:\/\/photographer.lu\/fr\/wp-json\/wp\/v2\/product_tag?post=22510"}],"curies":[{"name":"wp","href":"https:\/\/api.w.org\/{rel}","templated":true}]}}