{"id":22632,"date":"2022-08-31T23:32:38","date_gmt":"2022-08-31T23:32:38","guid":{"rendered":"https:\/\/photographer.lu\/?post_type=product&#038;p=22632"},"modified":"2023-09-26T23:01:45","modified_gmt":"2023-09-26T23:01:45","slug":"foggy-sunrise-larochette-town","status":"publish","type":"product","link":"https:\/\/photographer.lu\/fr\/photo\/foggy-sunrise-larochette-town\/","title":{"rendered":"Lever de soleil brumeux dans la ville de Larochette"},"content":{"rendered":"<p>Photo <span style=\"color: #008000;\">commerciale<\/span> du lever du soleil dans le village de Larochette couvert de brouillard, Luxembourg.<\/p>\n<p>Cette image est disponible sous licence en t\u00e9l\u00e9chargement num\u00e9rique.<\/p>\n<p>Des tirages limit\u00e9s et des tirages libres sont disponibles.<\/p>\n","protected":false},"excerpt":{"rendered":"<p>Village de Larochette couvert de brouillard, Luxembourg<\/p>\n<p><img decoding=\"async\" class=\"alignnone wp-image-21939 size-full\" src=\"https:\/\/photographer.lu\/wp-content\/uploads\/2022\/09\/payment-methods.webp\" alt=\"\" width=\"420\" height=\"40\" srcset=\"https:\/\/photographer.lu\/wp-content\/uploads\/2022\/09\/payment-methods.webp 420w, https:\/\/photographer.lu\/wp-content\/uploads\/2022\/09\/payment-methods-300x29.webp 300w\" sizes=\"(max-width: 420px) 100vw, 420px\" \/><\/p>\n","protected":false},"featured_media":22161,"comment_status":"closed","ping_status":"closed","template":"","meta":{"pgc_sgb_lightbox_settings":""},"product_brand":[],"product_cat":[703,702],"product_tag":[827,829,714,705,1158,709,715,888,736,717,737,713,1061],"class_list":{"0":"post-22632","1":"product","2":"type-product","3":"status-publish","4":"has-post-thumbnail","6":"product_cat-luxembourg-images-fr","7":"product_cat-tirages-dart","8":"product_tag-brouillard","9":"product_tag-brouillard-fr","10":"product_tag-images-du-luxembourg","11":"product_tag-imprime","12":"product_tag-larochette-fr","13":"product_tag-le-grand-duche-de-luxembourg","14":"product_tag-letzebuerg-fr","15":"product_tag-lever-du-soleil","16":"product_tag-ligne-dhorizon","17":"product_tag-photoen","18":"product_tag-photographie-du-luxembourg","19":"product_tag-photos-du-luxembourg","20":"product_tag-villes","21":"product_shipping_class-imprimes","23":"first","24":"instock","25":"taxable","26":"shipping-taxable","27":"purchasable","28":"product-type-variable"},"featured_image_urls_v2":{"full":["https:\/\/photographer.lu\/wp-content\/uploads\/2022\/10\/8593-L-VIO-2052-Larochette-town-sunrise-fog.webp",1200,800,false],"thumbnail":["https:\/\/photographer.lu\/wp-content\/uploads\/2022\/10\/8593-L-VIO-2052-Larochette-town-sunrise-fog-550x367.webp",550,367,true],"medium":["https:\/\/photographer.lu\/wp-content\/uploads\/2022\/10\/8593-L-VIO-2052-Larochette-town-sunrise-fog-300x200.webp",300,200,true],"medium_large":["https:\/\/photographer.lu\/wp-content\/uploads\/2022\/10\/8593-L-VIO-2052-Larochette-town-sunrise-fog-768x512.webp",768,512,true],"large":["https:\/\/photographer.lu\/wp-content\/uploads\/2022\/10\/8593-L-VIO-2052-Larochette-town-sunrise-fog.webp",1200,800,false],"1536x1536":["https:\/\/photographer.lu\/wp-content\/uploads\/2022\/10\/8593-L-VIO-2052-Larochette-town-sunrise-fog.webp",1200,800,false],"2048x2048":["https:\/\/photographer.lu\/wp-content\/uploads\/2022\/10\/8593-L-VIO-2052-Larochette-town-sunrise-fog.webp",1200,800,false],"woocommerce_archive_thumbnail":["https:\/\/photographer.lu\/wp-content\/uploads\/2022\/10\/8593-L-VIO-2052-Larochette-town-sunrise-fog-600x400.webp",600,400,true],"mailpoet_newsletter_max":["https:\/\/photographer.lu\/wp-content\/uploads\/2022\/10\/8593-L-VIO-2052-Larochette-town-sunrise-fog.webp",1200,800,false],"woocommerce_thumbnail":["https:\/\/photographer.lu\/wp-content\/uploads\/2022\/10\/8593-L-VIO-2052-Larochette-town-sunrise-fog-600x400.webp",600,400,true],"woocommerce_single":["https:\/\/photographer.lu\/wp-content\/uploads\/2022\/10\/8593-L-VIO-2052-Larochette-town-sunrise-fog.webp",1200,800,false],"woocommerce_gallery_thumbnail":["https:\/\/photographer.lu\/wp-content\/uploads\/2022\/10\/8593-L-VIO-2052-Larochette-town-sunrise-fog-120x120.webp",120,120,true],"jetpack-portfolio-admin-thumb":["https:\/\/photographer.lu\/wp-content\/uploads\/2022\/10\/8593-L-VIO-2052-Larochette-town-sunrise-fog-50x50.webp",50,50,true]},"post_excerpt_stackable_v2":"<p>Village de Larochette couvert de brouillard, Luxembourg<\/p>\n<p><img decoding=\"async\" class=\"alignnone wp-image-21939 size-full\" src=\"https:\/\/photographer.lu\/wp-content\/uploads\/2022\/09\/payment-methods.webp\" alt=\"\" width=\"420\" height=\"40\" srcset=\"https:\/\/photographer.lu\/wp-content\/uploads\/2022\/09\/payment-methods.webp 420w, https:\/\/photographer.lu\/wp-content\/uploads\/2022\/09\/payment-methods-300x29.webp 300w\" sizes=\"(max-width: 420px) 100vw, 420px\" \/><\/p>\n","category_list_v2":"","author_info_v2":{"name":"","url":""},"comments_num_v2":"0 commentaire","acf":[],"jetpack_sharing_enabled":true,"_links":{"self":[{"href":"https:\/\/photographer.lu\/fr\/wp-json\/wp\/v2\/product\/22632","targetHints":{"allow":["GET"]}}],"collection":[{"href":"https:\/\/photographer.lu\/fr\/wp-json\/wp\/v2\/product"}],"about":[{"href":"https:\/\/photographer.lu\/fr\/wp-json\/wp\/v2\/types\/product"}],"replies":[{"embeddable":true,"href":"https:\/\/photographer.lu\/fr\/wp-json\/wp\/v2\/comments?post=22632"}],"wp:featuredmedia":[{"embeddable":true,"href":"https:\/\/photographer.lu\/fr\/wp-json\/wp\/v2\/media\/22161"}],"wp:attachment":[{"href":"https:\/\/photographer.lu\/fr\/wp-json\/wp\/v2\/media?parent=22632"}],"wp:term":[{"taxonomy":"product_brand","embeddable":true,"href":"https:\/\/photographer.lu\/fr\/wp-json\/wp\/v2\/product_brand?post=22632"},{"taxonomy":"product_cat","embeddable":true,"href":"https:\/\/photographer.lu\/fr\/wp-json\/wp\/v2\/product_cat?post=22632"},{"taxonomy":"product_tag","embeddable":true,"href":"https:\/\/photographer.lu\/fr\/wp-json\/wp\/v2\/product_tag?post=22632"}],"curies":[{"name":"wp","href":"https:\/\/api.w.org\/{rel}","templated":true}]}}