{"id":22745,"date":"2022-11-01T00:12:17","date_gmt":"2022-11-01T00:12:17","guid":{"rendered":"https:\/\/photographer.lu\/?post_type=product&#038;p=22745"},"modified":"2023-09-28T15:13:02","modified_gmt":"2023-09-28T15:13:02","slug":"drapeau-luxembourgeois-luxembourg-ville","status":"publish","type":"product","link":"https:\/\/photographer.lu\/fr\/photo\/drapeau-luxembourgeois-luxembourg-ville\/","title":{"rendered":"Drapeau luxembourgeois dans la ville de Luxembourg"},"content":{"rendered":"<p>Photo <span style=\"color: #008000;\">commerciale<\/span> du drapeau luxembourgeois flottant dans le centre de la ville de Luxembourg, avec la cath\u00e9drale Notre Dame et la Gelle Fra (Monument de Souvenir ou Dame d&rsquo;Or) en \u00e9t\u00e9.<\/p>\n<p>Cette image est disponible sous licence en t\u00e9l\u00e9chargement num\u00e9rique.<\/p>\n<p>Des tirages limit\u00e9s et des tirages libres sont disponibles.<\/p>\n","protected":false},"excerpt":{"rendered":"<p>Drapeau luxembourgeois flottant dans le centre de la ville de Luxembourg<\/p>\n<p><img decoding=\"async\" class=\"alignnone wp-image-21939 size-full\" src=\"https:\/\/photographer.lu\/wp-content\/uploads\/2022\/09\/payment-methods.webp\" alt=\"\" width=\"420\" height=\"40\" srcset=\"https:\/\/photographer.lu\/wp-content\/uploads\/2022\/09\/payment-methods.webp 420w, https:\/\/photographer.lu\/wp-content\/uploads\/2022\/09\/payment-methods-300x29.webp 300w\" sizes=\"(max-width: 420px) 100vw, 420px\" \/><\/p>\n","protected":false},"featured_media":22185,"comment_status":"closed","ping_status":"closed","template":"","meta":{"pgc_sgb_lightbox_settings":""},"product_brand":[],"product_cat":[703,702],"product_tag":[896,817,740,856,1195,1196,1193,881,855,714,705,715,736,1143,1197,743,733,717,737,713,711,719,1198,1194,730,712],"class_list":{"0":"post-22745","1":"product","2":"type-product","3":"status-publish","4":"has-post-thumbnail","6":"product_cat-luxembourg-images-fr","7":"product_cat-tirages-dart","8":"product_tag-arbres","9":"product_tag-architecture-fr","10":"product_tag-cathedrale","11":"product_tag-dame-dor","12":"product_tag-drapeau-luxembourgeois","13":"product_tag-drapeau-luxembourgeois-fr","14":"product_tag-drapeaux","15":"product_tag-ete","16":"product_tag-gelle-fra-fr","17":"product_tag-images-du-luxembourg","18":"product_tag-imprime","19":"product_tag-letzebuerg-fr","20":"product_tag-ligne-dhorizon","21":"product_tag-luxembourg-ville-fr","22":"product_tag-monument-de-souvenir-fr","23":"product_tag-notre-dame-fr","24":"product_tag-paysages-urbains","25":"product_tag-photoen","26":"product_tag-photographie-du-luxembourg","27":"product_tag-photos-du-luxembourg","28":"product_tag-points-de-repere","29":"product_tag-saisons","30":"product_tag-unesco-fr","31":"product_tag-vert","32":"product_tag-vieille-ville","33":"product_tag-ville-de-luxembourg","34":"product_shipping_class-imprimes","36":"first","37":"instock","38":"taxable","39":"shipping-taxable","40":"purchasable","41":"product-type-variable"},"featured_image_urls_v2":{"full":["https:\/\/photographer.lu\/wp-content\/uploads\/2022\/10\/8595-L-IMG-7002-Luxembourg-city-flag-landmarks.webp",1200,800,false],"thumbnail":["https:\/\/photographer.lu\/wp-content\/uploads\/2022\/10\/8595-L-IMG-7002-Luxembourg-city-flag-landmarks-550x367.webp",550,367,true],"medium":["https:\/\/photographer.lu\/wp-content\/uploads\/2022\/10\/8595-L-IMG-7002-Luxembourg-city-flag-landmarks-300x200.webp",300,200,true],"medium_large":["https:\/\/photographer.lu\/wp-content\/uploads\/2022\/10\/8595-L-IMG-7002-Luxembourg-city-flag-landmarks-768x512.webp",768,512,true],"large":["https:\/\/photographer.lu\/wp-content\/uploads\/2022\/10\/8595-L-IMG-7002-Luxembourg-city-flag-landmarks.webp",1200,800,false],"1536x1536":["https:\/\/photographer.lu\/wp-content\/uploads\/2022\/10\/8595-L-IMG-7002-Luxembourg-city-flag-landmarks.webp",1200,800,false],"2048x2048":["https:\/\/photographer.lu\/wp-content\/uploads\/2022\/10\/8595-L-IMG-7002-Luxembourg-city-flag-landmarks.webp",1200,800,false],"woocommerce_archive_thumbnail":["https:\/\/photographer.lu\/wp-content\/uploads\/2022\/10\/8595-L-IMG-7002-Luxembourg-city-flag-landmarks-600x400.webp",600,400,true],"mailpoet_newsletter_max":["https:\/\/photographer.lu\/wp-content\/uploads\/2022\/10\/8595-L-IMG-7002-Luxembourg-city-flag-landmarks.webp",1200,800,false],"woocommerce_thumbnail":["https:\/\/photographer.lu\/wp-content\/uploads\/2022\/10\/8595-L-IMG-7002-Luxembourg-city-flag-landmarks-600x400.webp",600,400,true],"woocommerce_single":["https:\/\/photographer.lu\/wp-content\/uploads\/2022\/10\/8595-L-IMG-7002-Luxembourg-city-flag-landmarks.webp",1200,800,false],"woocommerce_gallery_thumbnail":["https:\/\/photographer.lu\/wp-content\/uploads\/2022\/10\/8595-L-IMG-7002-Luxembourg-city-flag-landmarks-120x120.webp",120,120,true],"jetpack-portfolio-admin-thumb":["https:\/\/photographer.lu\/wp-content\/uploads\/2022\/10\/8595-L-IMG-7002-Luxembourg-city-flag-landmarks-50x50.webp",50,50,true]},"post_excerpt_stackable_v2":"<p>Drapeau luxembourgeois flottant dans le centre de la ville de Luxembourg<\/p>\n<p><img decoding=\"async\" class=\"alignnone wp-image-21939 size-full\" src=\"https:\/\/photographer.lu\/wp-content\/uploads\/2022\/09\/payment-methods.webp\" alt=\"\" width=\"420\" height=\"40\" srcset=\"https:\/\/photographer.lu\/wp-content\/uploads\/2022\/09\/payment-methods.webp 420w, https:\/\/photographer.lu\/wp-content\/uploads\/2022\/09\/payment-methods-300x29.webp 300w\" sizes=\"(max-width: 420px) 100vw, 420px\" \/><\/p>\n","category_list_v2":"","author_info_v2":{"name":"","url":""},"comments_num_v2":"0 commentaire","acf":[],"jetpack_sharing_enabled":true,"_links":{"self":[{"href":"https:\/\/photographer.lu\/fr\/wp-json\/wp\/v2\/product\/22745","targetHints":{"allow":["GET"]}}],"collection":[{"href":"https:\/\/photographer.lu\/fr\/wp-json\/wp\/v2\/product"}],"about":[{"href":"https:\/\/photographer.lu\/fr\/wp-json\/wp\/v2\/types\/product"}],"replies":[{"embeddable":true,"href":"https:\/\/photographer.lu\/fr\/wp-json\/wp\/v2\/comments?post=22745"}],"wp:featuredmedia":[{"embeddable":true,"href":"https:\/\/photographer.lu\/fr\/wp-json\/wp\/v2\/media\/22185"}],"wp:attachment":[{"href":"https:\/\/photographer.lu\/fr\/wp-json\/wp\/v2\/media?parent=22745"}],"wp:term":[{"taxonomy":"product_brand","embeddable":true,"href":"https:\/\/photographer.lu\/fr\/wp-json\/wp\/v2\/product_brand?post=22745"},{"taxonomy":"product_cat","embeddable":true,"href":"https:\/\/photographer.lu\/fr\/wp-json\/wp\/v2\/product_cat?post=22745"},{"taxonomy":"product_tag","embeddable":true,"href":"https:\/\/photographer.lu\/fr\/wp-json\/wp\/v2\/product_tag?post=22745"}],"curies":[{"name":"wp","href":"https:\/\/api.w.org\/{rel}","templated":true}]}}