{"id":22858,"date":"2022-09-01T00:20:48","date_gmt":"2022-09-01T00:20:48","guid":{"rendered":"https:\/\/photographer.lu\/?post_type=product&#038;p=22858"},"modified":"2023-09-26T11:27:37","modified_gmt":"2023-09-26T11:27:37","slug":"ville-de-luxembourg-tunnel-soleil","status":"publish","type":"product","link":"https:\/\/photographer.lu\/fr\/photo\/ville-de-luxembourg-tunnel-soleil\/","title":{"rendered":"Ville de Luxembourg au coucher du soleil vue du tunnel"},"content":{"rendered":"<p>Photo <span style=\"color: #008000;\">commerciale<\/span> du coucher de soleil de la ligne d&rsquo;horizon de la ville de Luxembourg montrant le Chemin de la Corniche et l&rsquo;\u00e9glise Saint Michel vus depuis un tunnel.<\/p>\n<p>Cette image est disponible sous licence en t\u00e9l\u00e9chargement num\u00e9rique.<\/p>\n<p>Des tirages limit\u00e9s et des tirages libres sont disponibles.<\/p>\n","protected":false},"excerpt":{"rendered":"<p>Ligne d&rsquo;horizon de la ville de Luxembourg vue depuis un tunnel au coucher du soleil<\/p>\n<p><img decoding=\"async\" class=\"alignnone wp-image-21939 size-full\" src=\"https:\/\/photographer.lu\/wp-content\/uploads\/2022\/09\/payment-methods.webp\" alt=\"\" width=\"420\" height=\"40\" srcset=\"https:\/\/photographer.lu\/wp-content\/uploads\/2022\/09\/payment-methods.webp 420w, https:\/\/photographer.lu\/wp-content\/uploads\/2022\/09\/payment-methods-300x29.webp 300w\" sizes=\"(max-width: 420px) 100vw, 420px\" \/><\/p>\n","protected":false},"featured_media":22212,"comment_status":"closed","ping_status":"closed","template":"","meta":{"pgc_sgb_lightbox_settings":""},"product_brand":[],"product_cat":[703,702],"product_tag":[714,705,715,717,737,713],"class_list":{"0":"post-22858","1":"product","2":"type-product","3":"status-publish","4":"has-post-thumbnail","6":"product_cat-luxembourg-images-fr","7":"product_cat-tirages-dart","8":"product_tag-images-du-luxembourg","9":"product_tag-imprime","10":"product_tag-letzebuerg-fr","11":"product_tag-photoen","12":"product_tag-photographie-du-luxembourg","13":"product_tag-photos-du-luxembourg","14":"product_shipping_class-imprimes","16":"first","17":"instock","18":"taxable","19":"shipping-taxable","20":"purchasable","21":"product-type-variable"},"featured_image_urls_v2":{"full":["https:\/\/photographer.lu\/wp-content\/uploads\/2022\/10\/8596-L-VIO-1269-Luxembourg-city-tunnel-cityscape-sunset.webp",1200,800,false],"thumbnail":["https:\/\/photographer.lu\/wp-content\/uploads\/2022\/10\/8596-L-VIO-1269-Luxembourg-city-tunnel-cityscape-sunset-550x367.webp",550,367,true],"medium":["https:\/\/photographer.lu\/wp-content\/uploads\/2022\/10\/8596-L-VIO-1269-Luxembourg-city-tunnel-cityscape-sunset-300x200.webp",300,200,true],"medium_large":["https:\/\/photographer.lu\/wp-content\/uploads\/2022\/10\/8596-L-VIO-1269-Luxembourg-city-tunnel-cityscape-sunset-768x512.webp",768,512,true],"large":["https:\/\/photographer.lu\/wp-content\/uploads\/2022\/10\/8596-L-VIO-1269-Luxembourg-city-tunnel-cityscape-sunset.webp",1200,800,false],"1536x1536":["https:\/\/photographer.lu\/wp-content\/uploads\/2022\/10\/8596-L-VIO-1269-Luxembourg-city-tunnel-cityscape-sunset.webp",1200,800,false],"2048x2048":["https:\/\/photographer.lu\/wp-content\/uploads\/2022\/10\/8596-L-VIO-1269-Luxembourg-city-tunnel-cityscape-sunset.webp",1200,800,false],"woocommerce_archive_thumbnail":["https:\/\/photographer.lu\/wp-content\/uploads\/2022\/10\/8596-L-VIO-1269-Luxembourg-city-tunnel-cityscape-sunset-600x400.webp",600,400,true],"mailpoet_newsletter_max":["https:\/\/photographer.lu\/wp-content\/uploads\/2022\/10\/8596-L-VIO-1269-Luxembourg-city-tunnel-cityscape-sunset.webp",1200,800,false],"woocommerce_thumbnail":["https:\/\/photographer.lu\/wp-content\/uploads\/2022\/10\/8596-L-VIO-1269-Luxembourg-city-tunnel-cityscape-sunset-600x400.webp",600,400,true],"woocommerce_single":["https:\/\/photographer.lu\/wp-content\/uploads\/2022\/10\/8596-L-VIO-1269-Luxembourg-city-tunnel-cityscape-sunset.webp",1200,800,false],"woocommerce_gallery_thumbnail":["https:\/\/photographer.lu\/wp-content\/uploads\/2022\/10\/8596-L-VIO-1269-Luxembourg-city-tunnel-cityscape-sunset-120x120.webp",120,120,true],"jetpack-portfolio-admin-thumb":["https:\/\/photographer.lu\/wp-content\/uploads\/2022\/10\/8596-L-VIO-1269-Luxembourg-city-tunnel-cityscape-sunset-50x50.webp",50,50,true]},"post_excerpt_stackable_v2":"<p>Ligne d&rsquo;horizon de la ville de Luxembourg vue depuis un tunnel au coucher du soleil<\/p>\n<p><img decoding=\"async\" class=\"alignnone wp-image-21939 size-full\" src=\"https:\/\/photographer.lu\/wp-content\/uploads\/2022\/09\/payment-methods.webp\" alt=\"\" width=\"420\" height=\"40\" srcset=\"https:\/\/photographer.lu\/wp-content\/uploads\/2022\/09\/payment-methods.webp 420w, https:\/\/photographer.lu\/wp-content\/uploads\/2022\/09\/payment-methods-300x29.webp 300w\" sizes=\"(max-width: 420px) 100vw, 420px\" \/><\/p>\n","category_list_v2":"","author_info_v2":{"name":"","url":""},"comments_num_v2":"0 commentaire","acf":[],"jetpack_sharing_enabled":true,"_links":{"self":[{"href":"https:\/\/photographer.lu\/fr\/wp-json\/wp\/v2\/product\/22858","targetHints":{"allow":["GET"]}}],"collection":[{"href":"https:\/\/photographer.lu\/fr\/wp-json\/wp\/v2\/product"}],"about":[{"href":"https:\/\/photographer.lu\/fr\/wp-json\/wp\/v2\/types\/product"}],"replies":[{"embeddable":true,"href":"https:\/\/photographer.lu\/fr\/wp-json\/wp\/v2\/comments?post=22858"}],"wp:featuredmedia":[{"embeddable":true,"href":"https:\/\/photographer.lu\/fr\/wp-json\/wp\/v2\/media\/22212"}],"wp:attachment":[{"href":"https:\/\/photographer.lu\/fr\/wp-json\/wp\/v2\/media?parent=22858"}],"wp:term":[{"taxonomy":"product_brand","embeddable":true,"href":"https:\/\/photographer.lu\/fr\/wp-json\/wp\/v2\/product_brand?post=22858"},{"taxonomy":"product_cat","embeddable":true,"href":"https:\/\/photographer.lu\/fr\/wp-json\/wp\/v2\/product_cat?post=22858"},{"taxonomy":"product_tag","embeddable":true,"href":"https:\/\/photographer.lu\/fr\/wp-json\/wp\/v2\/product_tag?post=22858"}],"curies":[{"name":"wp","href":"https:\/\/api.w.org\/{rel}","templated":true}]}}