{"id":22972,"date":"2022-03-23T00:30:14","date_gmt":"2022-03-23T00:30:14","guid":{"rendered":"https:\/\/photographer.lu\/?post_type=product&#038;p=22972"},"modified":"2023-09-28T00:00:58","modified_gmt":"2023-09-28T00:00:58","slug":"matin-lumiere-brouillard-ville-de-luxembourg","status":"publish","type":"product","link":"https:\/\/photographer.lu\/fr\/photo\/matin-lumiere-brouillard-ville-de-luxembourg\/","title":{"rendered":"Lumi\u00e8re du matin dans la ville brumeuse de Luxembourg"},"content":{"rendered":"<p>Photo <span style=\"color: #008000;\">commerciale<\/span> des points de rep\u00e8re du Luxembourg : Le pont Adolphe et la cath\u00e9drale Notre Dame dans la ville de Luxembourg pendant un lever de soleil brumeux avec une lumi\u00e8re matinale chaude.<\/p>\n<p>Cette image est disponible sous licence en t\u00e9l\u00e9chargement num\u00e9rique.<\/p>\n<p>Des tirages limit\u00e9s et des tirages libres sont disponibles.<\/p>\n","protected":false},"excerpt":{"rendered":"<p>Pont Adolphe et Notre Dame \u00e0 Luxembourg pendant un lever de soleil brumeux.<\/p>\n<p><img decoding=\"async\" class=\"alignnone wp-image-21939 size-full\" src=\"https:\/\/photographer.lu\/wp-content\/uploads\/2022\/09\/payment-methods.webp\" alt=\"\" width=\"420\" height=\"40\" srcset=\"https:\/\/photographer.lu\/wp-content\/uploads\/2022\/09\/payment-methods.webp 420w, https:\/\/photographer.lu\/wp-content\/uploads\/2022\/09\/payment-methods-300x29.webp 300w\" sizes=\"(max-width: 420px) 100vw, 420px\" \/><\/p>\n","protected":false},"featured_media":22113,"comment_status":"closed","ping_status":"closed","template":"","meta":{"pgc_sgb_lightbox_settings":""},"product_brand":[],"product_cat":[627,703,702],"product_tag":[817,1035,740,881,714,705,715,736,1143,743,732,733,717,737,713,711,1167,721,712],"class_list":{"0":"post-22972","1":"product","2":"type-product","3":"status-publish","4":"has-post-thumbnail","6":"product_cat-cadeaux-luxembourgeois","7":"product_cat-luxembourg-images-fr","8":"product_cat-tirages-dart","9":"product_tag-architecture-fr","10":"product_tag-cadeaux","11":"product_tag-cathedrale","12":"product_tag-ete","13":"product_tag-images-du-luxembourg","14":"product_tag-imprime","15":"product_tag-letzebuerg-fr","16":"product_tag-ligne-dhorizon","17":"product_tag-luxembourg-ville-fr","18":"product_tag-notre-dame-fr","19":"product_tag-paysage-urbain","20":"product_tag-paysages-urbains","21":"product_tag-photoen","22":"product_tag-photographie-du-luxembourg","23":"product_tag-photos-du-luxembourg","24":"product_tag-points-de-repere","25":"product_tag-pont-adolphe-fr","26":"product_tag-symboles","27":"product_tag-ville-de-luxembourg","28":"product_shipping_class-imprimes","30":"first","31":"instock","32":"taxable","33":"shipping-taxable","34":"purchasable","35":"product-type-variable"},"featured_image_urls_v2":{"full":["https:\/\/photographer.lu\/wp-content\/uploads\/2022\/10\/8588-L-VIO-7000-Pont-Adolphe-Notre-Dame-Luxembourg-city-fog.webp",1200,800,false],"thumbnail":["https:\/\/photographer.lu\/wp-content\/uploads\/2022\/10\/8588-L-VIO-7000-Pont-Adolphe-Notre-Dame-Luxembourg-city-fog.webp",550,367,false],"medium":["https:\/\/photographer.lu\/wp-content\/uploads\/2022\/10\/8588-L-VIO-7000-Pont-Adolphe-Notre-Dame-Luxembourg-city-fog.webp",300,200,false],"medium_large":["https:\/\/photographer.lu\/wp-content\/uploads\/2022\/10\/8588-L-VIO-7000-Pont-Adolphe-Notre-Dame-Luxembourg-city-fog.webp",768,512,false],"large":["https:\/\/photographer.lu\/wp-content\/uploads\/2022\/10\/8588-L-VIO-7000-Pont-Adolphe-Notre-Dame-Luxembourg-city-fog.webp",1200,800,false],"1536x1536":["https:\/\/photographer.lu\/wp-content\/uploads\/2022\/10\/8588-L-VIO-7000-Pont-Adolphe-Notre-Dame-Luxembourg-city-fog.webp",1200,800,false],"2048x2048":["https:\/\/photographer.lu\/wp-content\/uploads\/2022\/10\/8588-L-VIO-7000-Pont-Adolphe-Notre-Dame-Luxembourg-city-fog.webp",1200,800,false],"woocommerce_archive_thumbnail":["https:\/\/photographer.lu\/wp-content\/uploads\/2022\/10\/8588-L-VIO-7000-Pont-Adolphe-Notre-Dame-Luxembourg-city-fog-600x400.webp",600,400,true],"mailpoet_newsletter_max":["https:\/\/photographer.lu\/wp-content\/uploads\/2022\/10\/8588-L-VIO-7000-Pont-Adolphe-Notre-Dame-Luxembourg-city-fog.webp",1200,800,false],"woocommerce_thumbnail":["https:\/\/photographer.lu\/wp-content\/uploads\/2022\/10\/8588-L-VIO-7000-Pont-Adolphe-Notre-Dame-Luxembourg-city-fog-600x400.webp",600,400,true],"woocommerce_single":["https:\/\/photographer.lu\/wp-content\/uploads\/2022\/10\/8588-L-VIO-7000-Pont-Adolphe-Notre-Dame-Luxembourg-city-fog.webp",1200,800,false],"woocommerce_gallery_thumbnail":["https:\/\/photographer.lu\/wp-content\/uploads\/2022\/10\/8588-L-VIO-7000-Pont-Adolphe-Notre-Dame-Luxembourg-city-fog-120x120.webp",120,120,true],"jetpack-portfolio-admin-thumb":["https:\/\/photographer.lu\/wp-content\/uploads\/2022\/10\/8588-L-VIO-7000-Pont-Adolphe-Notre-Dame-Luxembourg-city-fog.webp",50,33,false]},"post_excerpt_stackable_v2":"<p>Pont Adolphe et Notre Dame \u00e0 Luxembourg pendant un lever de soleil brumeux.<\/p>\n<p><img decoding=\"async\" class=\"alignnone wp-image-21939 size-full\" src=\"https:\/\/photographer.lu\/wp-content\/uploads\/2022\/09\/payment-methods.webp\" alt=\"\" width=\"420\" height=\"40\" srcset=\"https:\/\/photographer.lu\/wp-content\/uploads\/2022\/09\/payment-methods.webp 420w, https:\/\/photographer.lu\/wp-content\/uploads\/2022\/09\/payment-methods-300x29.webp 300w\" sizes=\"(max-width: 420px) 100vw, 420px\" \/><\/p>\n","category_list_v2":"","author_info_v2":{"name":"","url":""},"comments_num_v2":"0 commentaire","acf":[],"jetpack_sharing_enabled":true,"_links":{"self":[{"href":"https:\/\/photographer.lu\/fr\/wp-json\/wp\/v2\/product\/22972","targetHints":{"allow":["GET"]}}],"collection":[{"href":"https:\/\/photographer.lu\/fr\/wp-json\/wp\/v2\/product"}],"about":[{"href":"https:\/\/photographer.lu\/fr\/wp-json\/wp\/v2\/types\/product"}],"replies":[{"embeddable":true,"href":"https:\/\/photographer.lu\/fr\/wp-json\/wp\/v2\/comments?post=22972"}],"wp:featuredmedia":[{"embeddable":true,"href":"https:\/\/photographer.lu\/fr\/wp-json\/wp\/v2\/media\/22113"}],"wp:attachment":[{"href":"https:\/\/photographer.lu\/fr\/wp-json\/wp\/v2\/media?parent=22972"}],"wp:term":[{"taxonomy":"product_brand","embeddable":true,"href":"https:\/\/photographer.lu\/fr\/wp-json\/wp\/v2\/product_brand?post=22972"},{"taxonomy":"product_cat","embeddable":true,"href":"https:\/\/photographer.lu\/fr\/wp-json\/wp\/v2\/product_cat?post=22972"},{"taxonomy":"product_tag","embeddable":true,"href":"https:\/\/photographer.lu\/fr\/wp-json\/wp\/v2\/product_tag?post=22972"}],"curies":[{"name":"wp","href":"https:\/\/api.w.org\/{rel}","templated":true}]}}