{"id":23045,"date":"2022-07-01T09:52:42","date_gmt":"2022-07-01T09:52:42","guid":{"rendered":"https:\/\/photographer.lu\/photo\/puzzle-kirchberg-1000-pieces\/"},"modified":"2022-11-01T10:02:58","modified_gmt":"2022-11-01T10:02:58","slug":"casse-tete-kirchberg-1000-pieces","status":"publish","type":"product","link":"https:\/\/photographer.lu\/fr\/photo\/casse-tete-kirchberg-1000-pieces\/","title":{"rendered":"Puzzle Kirchberg 1000 pi\u00e8ces"},"content":{"rendered":"<p>Puzzle de 1000 pi\u00e8ces sur la ville de Kirchberg au Luxembourg. Un cadeau parfait pour quelqu&rsquo;un qui aime (ou vient d&rsquo;arriver au) Luxembourg, de tout \u00e2ge (5-99) ! Taille de l&rsquo;image assembl\u00e9e : 48 x 68 cm. Livr\u00e9 d\u00e9mont\u00e9, dans une bo\u00eete bleue.  <a href=\"https:\/\/photographer.lu\/de\/photo\/europaische-institutionen-in-kirchberg-luxembourg\/\" target=\"_blank\" rel=\"noopener\">R\u00e9alis\u00e9 \u00e0 partir de mon image des institutions europ\u00e9ennes \u00e0 Luxembourg.<\/a><\/p>\n","protected":false},"excerpt":{"rendered":"<p>Puzzle de 1000 pi\u00e8ces sur la ville de Kirchberg au Luxembourg. Un cadeau parfait pour quelqu&rsquo;un qui aime le Luxembourg !<\/p>\n<p><img decoding=\"async\" class=\"alignnone size-full wp-image-22578\" src=\"https:\/\/photographer.lu\/wp-content\/uploads\/2022\/10\/payment-methods-luxembourg.webp\" alt=\"les m\u00e9thodes de paiement\" width=\"581\" height=\"40\" srcset=\"https:\/\/photographer.lu\/wp-content\/uploads\/2022\/10\/payment-methods-luxembourg.webp 581w, https:\/\/photographer.lu\/wp-content\/uploads\/2022\/10\/payment-methods-luxembourg-300x21.webp 300w, https:\/\/photographer.lu\/wp-content\/uploads\/2022\/10\/payment-methods-luxembourg-550x38.webp 550w\" sizes=\"(max-width: 581px) 100vw, 581px\" \/><\/p>\n","protected":false},"featured_media":23042,"comment_status":"closed","ping_status":"closed","template":"","meta":{"pgc_sgb_lightbox_settings":""},"product_brand":[],"product_cat":[627],"product_tag":[1035,1025,1201],"class_list":{"0":"post-23045","1":"product","2":"type-product","3":"status-publish","4":"has-post-thumbnail","6":"product_cat-cadeaux-luxembourgeois","7":"product_tag-cadeaux","8":"product_tag-kirchberg-fr","9":"product_tag-puzzle-fr","10":"product_shipping_class-cadeaux","12":"first","13":"outofstock","14":"taxable","15":"shipping-taxable","16":"purchasable","17":"product-type-simple"},"featured_image_urls_v2":{"full":["https:\/\/photographer.lu\/wp-content\/uploads\/2022\/11\/kirchberg-luxembourg-puzzle-1000pieces.jpg",1200,800,false],"thumbnail":["https:\/\/photographer.lu\/wp-content\/uploads\/2022\/11\/kirchberg-luxembourg-puzzle-1000pieces.jpg",550,367,false],"medium":["https:\/\/photographer.lu\/wp-content\/uploads\/2022\/11\/kirchberg-luxembourg-puzzle-1000pieces.jpg",300,200,false],"medium_large":["https:\/\/photographer.lu\/wp-content\/uploads\/2022\/11\/kirchberg-luxembourg-puzzle-1000pieces.jpg",768,512,false],"large":["https:\/\/photographer.lu\/wp-content\/uploads\/2022\/11\/kirchberg-luxembourg-puzzle-1000pieces.jpg",1200,800,false],"1536x1536":["https:\/\/photographer.lu\/wp-content\/uploads\/2022\/11\/kirchberg-luxembourg-puzzle-1000pieces.jpg",1200,800,false],"2048x2048":["https:\/\/photographer.lu\/wp-content\/uploads\/2022\/11\/kirchberg-luxembourg-puzzle-1000pieces.jpg",1200,800,false],"woocommerce_archive_thumbnail":["https:\/\/photographer.lu\/wp-content\/uploads\/2022\/11\/kirchberg-luxembourg-puzzle-1000pieces-600x400.jpg",600,400,true],"mailpoet_newsletter_max":["https:\/\/photographer.lu\/wp-content\/uploads\/2022\/11\/kirchberg-luxembourg-puzzle-1000pieces.jpg",1200,800,false],"woocommerce_thumbnail":["https:\/\/photographer.lu\/wp-content\/uploads\/2022\/11\/kirchberg-luxembourg-puzzle-1000pieces-600x400.jpg",600,400,true],"woocommerce_single":["https:\/\/photographer.lu\/wp-content\/uploads\/2022\/11\/kirchberg-luxembourg-puzzle-1000pieces.jpg",1200,800,false],"woocommerce_gallery_thumbnail":["https:\/\/photographer.lu\/wp-content\/uploads\/2022\/11\/kirchberg-luxembourg-puzzle-1000pieces-120x120.jpg",120,120,true],"jetpack-portfolio-admin-thumb":["https:\/\/photographer.lu\/wp-content\/uploads\/2022\/11\/kirchberg-luxembourg-puzzle-1000pieces.jpg",50,33,false]},"post_excerpt_stackable_v2":"<p>Puzzle de 1000 pi\u00e8ces sur la ville de Kirchberg au Luxembourg. Un cadeau parfait pour quelqu&rsquo;un qui aime le Luxembourg !<\/p>\n<p><img decoding=\"async\" class=\"alignnone size-full wp-image-22578\" src=\"https:\/\/photographer.lu\/wp-content\/uploads\/2022\/10\/payment-methods-luxembourg.webp\" alt=\"les m\u00e9thodes de paiement\" width=\"581\" height=\"40\" srcset=\"https:\/\/photographer.lu\/wp-content\/uploads\/2022\/10\/payment-methods-luxembourg.webp 581w, https:\/\/photographer.lu\/wp-content\/uploads\/2022\/10\/payment-methods-luxembourg-300x21.webp 300w, https:\/\/photographer.lu\/wp-content\/uploads\/2022\/10\/payment-methods-luxembourg-550x38.webp 550w\" sizes=\"(max-width: 581px) 100vw, 581px\" \/><\/p>\n","category_list_v2":"","author_info_v2":{"name":"","url":""},"comments_num_v2":"0 commentaire","acf":[],"jetpack_sharing_enabled":true,"_links":{"self":[{"href":"https:\/\/photographer.lu\/fr\/wp-json\/wp\/v2\/product\/23045","targetHints":{"allow":["GET"]}}],"collection":[{"href":"https:\/\/photographer.lu\/fr\/wp-json\/wp\/v2\/product"}],"about":[{"href":"https:\/\/photographer.lu\/fr\/wp-json\/wp\/v2\/types\/product"}],"replies":[{"embeddable":true,"href":"https:\/\/photographer.lu\/fr\/wp-json\/wp\/v2\/comments?post=23045"}],"wp:featuredmedia":[{"embeddable":true,"href":"https:\/\/photographer.lu\/fr\/wp-json\/wp\/v2\/media\/23042"}],"wp:attachment":[{"href":"https:\/\/photographer.lu\/fr\/wp-json\/wp\/v2\/media?parent=23045"}],"wp:term":[{"taxonomy":"product_brand","embeddable":true,"href":"https:\/\/photographer.lu\/fr\/wp-json\/wp\/v2\/product_brand?post=23045"},{"taxonomy":"product_cat","embeddable":true,"href":"https:\/\/photographer.lu\/fr\/wp-json\/wp\/v2\/product_cat?post=23045"},{"taxonomy":"product_tag","embeddable":true,"href":"https:\/\/photographer.lu\/fr\/wp-json\/wp\/v2\/product_tag?post=23045"}],"curies":[{"name":"wp","href":"https:\/\/api.w.org\/{rel}","templated":true}]}}