{"id":23093,"date":"2021-11-01T11:56:25","date_gmt":"2021-11-01T11:56:25","guid":{"rendered":"https:\/\/photographer.lu\/?post_type=product&#038;p=23093"},"modified":"2023-09-27T03:56:15","modified_gmt":"2023-09-27T03:56:15","slug":"bourscheid-castle-luxembourg","status":"publish","type":"product","link":"https:\/\/photographer.lu\/fr\/photo\/bourscheid-castle-luxembourg\/","title":{"rendered":"Ch\u00e2teau de Bourscheid au Luxembourg"},"content":{"rendered":"<p>Photo <span style=\"color: #008000;\">commerciale<\/span> du ch\u00e2teau de Bourscheid entour\u00e9 de brouillard au sommet d&rsquo;une colline, par un matin brumeux, au Grand-Duch\u00e9 de Luxembourg.<\/p>\n<p>Cette image est disponible sous licence en t\u00e9l\u00e9chargement num\u00e9rique.<\/p>\n<p>Des tirages limit\u00e9s et des tirages libres sont disponibles.<\/p>\n","protected":false},"excerpt":{"rendered":"<p>Ch\u00e2teau de Bourscheid entour\u00e9 de brouillard lors d&rsquo;un matin brumeux<\/p>\n<p><img decoding=\"async\" class=\"alignnone wp-image-22578 size-full\" src=\"https:\/\/photographer.lu\/wp-content\/uploads\/2022\/10\/payment-methods-luxembourg.webp\" alt=\"les m\u00e9thodes de paiement\" width=\"581\" height=\"40\" srcset=\"https:\/\/photographer.lu\/wp-content\/uploads\/2022\/10\/payment-methods-luxembourg.webp 581w, https:\/\/photographer.lu\/wp-content\/uploads\/2022\/10\/payment-methods-luxembourg-300x21.webp 300w, https:\/\/photographer.lu\/wp-content\/uploads\/2022\/10\/payment-methods-luxembourg-550x38.webp 550w\" sizes=\"(max-width: 581px) 100vw, 581px\" \/><\/p>\n","protected":false},"featured_media":23121,"comment_status":"closed","ping_status":"closed","template":"","meta":{"pgc_sgb_lightbox_settings":""},"product_brand":[],"product_cat":[627,703,702],"product_tag":[817,1111,1144,827,829,1145,1035,1157,1112,1036,707,710,714,705,709,715,742,865,1159,717,744,737,713,711,866,1061],"class_list":{"0":"post-23093","1":"product","2":"type-product","3":"status-publish","4":"has-post-thumbnail","6":"product_cat-cadeaux-luxembourgeois","7":"product_cat-luxembourg-images-fr","8":"product_cat-tirages-dart","9":"product_tag-architecture-fr","10":"product_tag-bourscheid-fr","11":"product_tag-brouillard-fr-2","12":"product_tag-brouillard","13":"product_tag-brouillard-fr","14":"product_tag-brumeux","15":"product_tag-cadeaux","16":"product_tag-chateau","17":"product_tag-chateau-de-bourscheid","18":"product_tag-chateaux","19":"product_tag-chateaux-du-luxembourg","20":"product_tag-grand-duche","21":"product_tag-images-du-luxembourg","22":"product_tag-imprime","23":"product_tag-le-grand-duche-de-luxembourg","24":"product_tag-letzebuerg-fr","25":"product_tag-luxembourg-fr","26":"product_tag-matin","27":"product_tag-medieval-fr","28":"product_tag-photoen","29":"product_tag-photographe-luxembourg","30":"product_tag-photographie-du-luxembourg","31":"product_tag-photos-du-luxembourg","32":"product_tag-points-de-repere","33":"product_tag-ruines","34":"product_tag-villes","35":"product_shipping_class-imprimes","37":"first","38":"instock","39":"taxable","40":"shipping-taxable","41":"purchasable","42":"product-type-variable"},"featured_image_urls_v2":{"full":["https:\/\/photographer.lu\/wp-content\/uploads\/2022\/11\/8398-W-VIO-9795-Bourscheid-castle-Luxembourg-fog-photodudau.webp",1200,800,false],"thumbnail":["https:\/\/photographer.lu\/wp-content\/uploads\/2022\/11\/8398-W-VIO-9795-Bourscheid-castle-Luxembourg-fog-photodudau.webp",550,367,false],"medium":["https:\/\/photographer.lu\/wp-content\/uploads\/2022\/11\/8398-W-VIO-9795-Bourscheid-castle-Luxembourg-fog-photodudau.webp",300,200,false],"medium_large":["https:\/\/photographer.lu\/wp-content\/uploads\/2022\/11\/8398-W-VIO-9795-Bourscheid-castle-Luxembourg-fog-photodudau.webp",768,512,false],"large":["https:\/\/photographer.lu\/wp-content\/uploads\/2022\/11\/8398-W-VIO-9795-Bourscheid-castle-Luxembourg-fog-photodudau.webp",1200,800,false],"1536x1536":["https:\/\/photographer.lu\/wp-content\/uploads\/2022\/11\/8398-W-VIO-9795-Bourscheid-castle-Luxembourg-fog-photodudau.webp",1200,800,false],"2048x2048":["https:\/\/photographer.lu\/wp-content\/uploads\/2022\/11\/8398-W-VIO-9795-Bourscheid-castle-Luxembourg-fog-photodudau.webp",1200,800,false],"woocommerce_archive_thumbnail":["https:\/\/photographer.lu\/wp-content\/uploads\/2022\/11\/8398-W-VIO-9795-Bourscheid-castle-Luxembourg-fog-photodudau-600x400.webp",600,400,true],"mailpoet_newsletter_max":["https:\/\/photographer.lu\/wp-content\/uploads\/2022\/11\/8398-W-VIO-9795-Bourscheid-castle-Luxembourg-fog-photodudau.webp",1200,800,false],"woocommerce_thumbnail":["https:\/\/photographer.lu\/wp-content\/uploads\/2022\/11\/8398-W-VIO-9795-Bourscheid-castle-Luxembourg-fog-photodudau-600x400.webp",600,400,true],"woocommerce_single":["https:\/\/photographer.lu\/wp-content\/uploads\/2022\/11\/8398-W-VIO-9795-Bourscheid-castle-Luxembourg-fog-photodudau.webp",1200,800,false],"woocommerce_gallery_thumbnail":["https:\/\/photographer.lu\/wp-content\/uploads\/2022\/11\/8398-W-VIO-9795-Bourscheid-castle-Luxembourg-fog-photodudau-120x120.webp",120,120,true],"jetpack-portfolio-admin-thumb":["https:\/\/photographer.lu\/wp-content\/uploads\/2022\/11\/8398-W-VIO-9795-Bourscheid-castle-Luxembourg-fog-photodudau.webp",50,33,false]},"post_excerpt_stackable_v2":"<p>Ch\u00e2teau de Bourscheid entour\u00e9 de brouillard lors d&rsquo;un matin brumeux<\/p>\n<p><img decoding=\"async\" class=\"alignnone wp-image-22578 size-full\" src=\"https:\/\/photographer.lu\/wp-content\/uploads\/2022\/10\/payment-methods-luxembourg.webp\" alt=\"les m\u00e9thodes de paiement\" width=\"581\" height=\"40\" srcset=\"https:\/\/photographer.lu\/wp-content\/uploads\/2022\/10\/payment-methods-luxembourg.webp 581w, https:\/\/photographer.lu\/wp-content\/uploads\/2022\/10\/payment-methods-luxembourg-300x21.webp 300w, https:\/\/photographer.lu\/wp-content\/uploads\/2022\/10\/payment-methods-luxembourg-550x38.webp 550w\" sizes=\"(max-width: 581px) 100vw, 581px\" \/><\/p>\n","category_list_v2":"","author_info_v2":{"name":"","url":""},"comments_num_v2":"0 commentaire","acf":[],"jetpack_sharing_enabled":true,"_links":{"self":[{"href":"https:\/\/photographer.lu\/fr\/wp-json\/wp\/v2\/product\/23093","targetHints":{"allow":["GET"]}}],"collection":[{"href":"https:\/\/photographer.lu\/fr\/wp-json\/wp\/v2\/product"}],"about":[{"href":"https:\/\/photographer.lu\/fr\/wp-json\/wp\/v2\/types\/product"}],"replies":[{"embeddable":true,"href":"https:\/\/photographer.lu\/fr\/wp-json\/wp\/v2\/comments?post=23093"}],"wp:featuredmedia":[{"embeddable":true,"href":"https:\/\/photographer.lu\/fr\/wp-json\/wp\/v2\/media\/23121"}],"wp:attachment":[{"href":"https:\/\/photographer.lu\/fr\/wp-json\/wp\/v2\/media?parent=23093"}],"wp:term":[{"taxonomy":"product_brand","embeddable":true,"href":"https:\/\/photographer.lu\/fr\/wp-json\/wp\/v2\/product_brand?post=23093"},{"taxonomy":"product_cat","embeddable":true,"href":"https:\/\/photographer.lu\/fr\/wp-json\/wp\/v2\/product_cat?post=23093"},{"taxonomy":"product_tag","embeddable":true,"href":"https:\/\/photographer.lu\/fr\/wp-json\/wp\/v2\/product_tag?post=23093"}],"curies":[{"name":"wp","href":"https:\/\/api.w.org\/{rel}","templated":true}]}}