{"id":23939,"date":"2022-11-12T13:50:52","date_gmt":"2022-11-12T13:50:52","guid":{"rendered":"https:\/\/photographer.lu\/?post_type=product&#038;p=23939"},"modified":"2023-09-28T04:33:26","modified_gmt":"2023-09-28T04:33:26","slug":"luxembourg-night-cityscape-kirchberg-landmarks","status":"publish","type":"product","link":"https:\/\/photographer.lu\/fr\/photo\/luxembourg-night-cityscape-kirchberg-landmarks\/","title":{"rendered":"Paysage urbain nocturne du Kirchberg et des points de rep\u00e8re au Luxembourg"},"content":{"rendered":"<p>Photo <span style=\"color: #008000;\">commerciale<\/span> de b\u00e2timents modernes au Kirchberg, ville de Luxembourg : La Cour de justice europ\u00e9enne, le Parlement europ\u00e9en et la cath\u00e9drale Notre Dame avec la tour de la Spuerkeess Bank en premier plan, illumin\u00e9e la nuit.<\/p>\n<p>Cette image est disponible sous licence en t\u00e9l\u00e9chargement num\u00e9rique.<\/p>\n<p>Des tirages limit\u00e9s et des tirages libres sont disponibles.<\/p>\n","protected":false},"excerpt":{"rendered":"<p>B\u00e2timents modernes au Kirchberg, ville de Luxembourg et points de rep\u00e8re illumin\u00e9s pendant la nuit<\/p>\n","protected":false},"featured_media":23276,"comment_status":"closed","ping_status":"closed","template":"","meta":{"pgc_sgb_lightbox_settings":""},"product_brand":[],"product_cat":[703,702],"product_tag":[722,739,740,731,718,714,1027,705,1025,715,736,742,1026,743,824,732,733,717,744,826,737,713,711,729,741,712],"class_list":{"0":"post-23939","1":"product","2":"type-product","3":"status-publish","4":"has-post-thumbnail","6":"product_cat-luxembourg-images-fr","7":"product_cat-tirages-dart","8":"product_tag-bcee-fr","9":"product_tag-capital-fr","10":"product_tag-cathedrale","11":"product_tag-eglises","12":"product_tag-iconique","13":"product_tag-images-du-luxembourg","14":"product_tag-immeubles-de-bureaux","15":"product_tag-imprime","16":"product_tag-kirchberg-fr","17":"product_tag-letzebuerg-fr","18":"product_tag-ligne-dhorizon","19":"product_tag-luxembourg-fr","20":"product_tag-moderne","21":"product_tag-notre-dame-fr","22":"product_tag-nuit","23":"product_tag-paysage-urbain","24":"product_tag-paysages-urbains","25":"product_tag-photoen","26":"product_tag-photographe-luxembourg","27":"product_tag-photographie-de-nuit","28":"product_tag-photographie-du-luxembourg","29":"product_tag-photos-du-luxembourg","30":"product_tag-points-de-repere","31":"product_tag-spuerkeess-fr","32":"product_tag-ville","33":"product_tag-ville-de-luxembourg","34":"product_shipping_class-imprimes","36":"first","37":"instock","38":"taxable","39":"shipping-taxable","40":"purchasable","41":"product-type-variable"},"featured_image_urls_v2":{"full":["https:\/\/photographer.lu\/wp-content\/uploads\/2022\/11\/8599-L-VIO-9727-Kirchberg-Luxembourg-landmarks-night.webp",1200,800,false],"thumbnail":["https:\/\/photographer.lu\/wp-content\/uploads\/2022\/11\/8599-L-VIO-9727-Kirchberg-Luxembourg-landmarks-night-550x367.webp",550,367,true],"medium":["https:\/\/photographer.lu\/wp-content\/uploads\/2022\/11\/8599-L-VIO-9727-Kirchberg-Luxembourg-landmarks-night-300x200.webp",300,200,true],"medium_large":["https:\/\/photographer.lu\/wp-content\/uploads\/2022\/11\/8599-L-VIO-9727-Kirchberg-Luxembourg-landmarks-night-768x512.webp",768,512,true],"large":["https:\/\/photographer.lu\/wp-content\/uploads\/2022\/11\/8599-L-VIO-9727-Kirchberg-Luxembourg-landmarks-night.webp",1200,800,false],"1536x1536":["https:\/\/photographer.lu\/wp-content\/uploads\/2022\/11\/8599-L-VIO-9727-Kirchberg-Luxembourg-landmarks-night.webp",1200,800,false],"2048x2048":["https:\/\/photographer.lu\/wp-content\/uploads\/2022\/11\/8599-L-VIO-9727-Kirchberg-Luxembourg-landmarks-night.webp",1200,800,false],"woocommerce_archive_thumbnail":["https:\/\/photographer.lu\/wp-content\/uploads\/2022\/11\/8599-L-VIO-9727-Kirchberg-Luxembourg-landmarks-night-600x400.webp",600,400,true],"mailpoet_newsletter_max":["https:\/\/photographer.lu\/wp-content\/uploads\/2022\/11\/8599-L-VIO-9727-Kirchberg-Luxembourg-landmarks-night.webp",1200,800,false],"woocommerce_thumbnail":["https:\/\/photographer.lu\/wp-content\/uploads\/2022\/11\/8599-L-VIO-9727-Kirchberg-Luxembourg-landmarks-night-600x400.webp",600,400,true],"woocommerce_single":["https:\/\/photographer.lu\/wp-content\/uploads\/2022\/11\/8599-L-VIO-9727-Kirchberg-Luxembourg-landmarks-night.webp",1200,800,false],"woocommerce_gallery_thumbnail":["https:\/\/photographer.lu\/wp-content\/uploads\/2022\/11\/8599-L-VIO-9727-Kirchberg-Luxembourg-landmarks-night-120x120.webp",120,120,true],"jetpack-portfolio-admin-thumb":["https:\/\/photographer.lu\/wp-content\/uploads\/2022\/11\/8599-L-VIO-9727-Kirchberg-Luxembourg-landmarks-night-50x50.webp",50,50,true]},"post_excerpt_stackable_v2":"<p>B\u00e2timents modernes au Kirchberg, ville de Luxembourg et points de rep\u00e8re illumin\u00e9s pendant la nuit<\/p>\n","category_list_v2":"","author_info_v2":{"name":"","url":""},"comments_num_v2":"0 commentaire","acf":[],"jetpack_sharing_enabled":true,"_links":{"self":[{"href":"https:\/\/photographer.lu\/fr\/wp-json\/wp\/v2\/product\/23939","targetHints":{"allow":["GET"]}}],"collection":[{"href":"https:\/\/photographer.lu\/fr\/wp-json\/wp\/v2\/product"}],"about":[{"href":"https:\/\/photographer.lu\/fr\/wp-json\/wp\/v2\/types\/product"}],"replies":[{"embeddable":true,"href":"https:\/\/photographer.lu\/fr\/wp-json\/wp\/v2\/comments?post=23939"}],"wp:featuredmedia":[{"embeddable":true,"href":"https:\/\/photographer.lu\/fr\/wp-json\/wp\/v2\/media\/23276"}],"wp:attachment":[{"href":"https:\/\/photographer.lu\/fr\/wp-json\/wp\/v2\/media?parent=23939"}],"wp:term":[{"taxonomy":"product_brand","embeddable":true,"href":"https:\/\/photographer.lu\/fr\/wp-json\/wp\/v2\/product_brand?post=23939"},{"taxonomy":"product_cat","embeddable":true,"href":"https:\/\/photographer.lu\/fr\/wp-json\/wp\/v2\/product_cat?post=23939"},{"taxonomy":"product_tag","embeddable":true,"href":"https:\/\/photographer.lu\/fr\/wp-json\/wp\/v2\/product_tag?post=23939"}],"curies":[{"name":"wp","href":"https:\/\/api.w.org\/{rel}","templated":true}]}}