{"id":24056,"date":"2022-08-14T21:38:11","date_gmt":"2022-08-14T21:38:11","guid":{"rendered":"https:\/\/photographer.lu\/?post_type=product&#038;p=24056"},"modified":"2023-09-28T13:58:45","modified_gmt":"2023-09-28T13:58:45","slug":"notre-dame-luxembourg-vue-aerienne","status":"publish","type":"product","link":"https:\/\/photographer.lu\/fr\/photo\/notre-dame-luxembourg-vue-aerienne\/","title":{"rendered":"Notre Dame au Luxembourg vue a\u00e9rienne"},"content":{"rendered":"<p>Photo <span style=\"color: #008000;\">commerciale<\/span> de la ville de Luxembourg vue a\u00e9rienne du centre-ville montrant la cath\u00e9drale Notre Dame et le Boulevard Franklin D Roosvelt.<\/p>\n<p>Cette image est disponible sous licence en t\u00e9l\u00e9chargement num\u00e9rique.<\/p>\n<p>Des tirages limit\u00e9s et des tirages libres sont disponibles.<\/p>\n","protected":false},"excerpt":{"rendered":"<p>Vue a\u00e9rienne du centre-ville de la ville de Luxembourg montrant la cath\u00e9drale Notre Dame<\/p>\n","protected":false},"featured_media":23348,"comment_status":"closed","ping_status":"closed","template":"","meta":{"pgc_sgb_lightbox_settings":""},"product_brand":[],"product_cat":[703],"product_tag":[899,817,739,740,1207,1209,833,731,718,714,1211,705,715,736,742,743,732,733,717,744,737,713,711,1212,741,712],"class_list":{"0":"post-24056","1":"product","2":"type-product","3":"status-publish","4":"has-post-thumbnail","6":"product_cat-luxembourg-images-fr","7":"product_tag-aerien","8":"product_tag-architecture-fr","9":"product_tag-capital-fr","10":"product_tag-cathedrale","11":"product_tag-center-fr","12":"product_tag-centre-fr","13":"product_tag-centre-ville","14":"product_tag-eglises","15":"product_tag-iconique","16":"product_tag-images-du-luxembourg","17":"product_tag-impressions-de-bureau","18":"product_tag-imprime","19":"product_tag-letzebuerg-fr","20":"product_tag-ligne-dhorizon","21":"product_tag-luxembourg-fr","22":"product_tag-notre-dame-fr","23":"product_tag-paysage-urbain","24":"product_tag-paysages-urbains","25":"product_tag-photoen","26":"product_tag-photographe-luxembourg","27":"product_tag-photographie-du-luxembourg","28":"product_tag-photos-du-luxembourg","29":"product_tag-points-de-repere","30":"product_tag-soiree","31":"product_tag-ville","32":"product_tag-ville-de-luxembourg","33":"product_shipping_class-imprimes","35":"first","36":"instock","37":"taxable","38":"shipping-taxable","39":"purchasable","40":"product-type-variable"},"featured_image_urls_v2":{"full":["https:\/\/photographer.lu\/wp-content\/uploads\/2022\/11\/8612-L-IMG-2634-Notre-Dame-Luxembourg-aerial.webp",1200,800,false],"thumbnail":["https:\/\/photographer.lu\/wp-content\/uploads\/2022\/11\/8612-L-IMG-2634-Notre-Dame-Luxembourg-aerial-550x367.webp",550,367,true],"medium":["https:\/\/photographer.lu\/wp-content\/uploads\/2022\/11\/8612-L-IMG-2634-Notre-Dame-Luxembourg-aerial-300x200.webp",300,200,true],"medium_large":["https:\/\/photographer.lu\/wp-content\/uploads\/2022\/11\/8612-L-IMG-2634-Notre-Dame-Luxembourg-aerial-768x512.webp",768,512,true],"large":["https:\/\/photographer.lu\/wp-content\/uploads\/2022\/11\/8612-L-IMG-2634-Notre-Dame-Luxembourg-aerial.webp",1200,800,false],"1536x1536":["https:\/\/photographer.lu\/wp-content\/uploads\/2022\/11\/8612-L-IMG-2634-Notre-Dame-Luxembourg-aerial.webp",1200,800,false],"2048x2048":["https:\/\/photographer.lu\/wp-content\/uploads\/2022\/11\/8612-L-IMG-2634-Notre-Dame-Luxembourg-aerial.webp",1200,800,false],"woocommerce_archive_thumbnail":["https:\/\/photographer.lu\/wp-content\/uploads\/2022\/11\/8612-L-IMG-2634-Notre-Dame-Luxembourg-aerial-600x400.webp",600,400,true],"mailpoet_newsletter_max":["https:\/\/photographer.lu\/wp-content\/uploads\/2022\/11\/8612-L-IMG-2634-Notre-Dame-Luxembourg-aerial.webp",1200,800,false],"woocommerce_thumbnail":["https:\/\/photographer.lu\/wp-content\/uploads\/2022\/11\/8612-L-IMG-2634-Notre-Dame-Luxembourg-aerial-600x400.webp",600,400,true],"woocommerce_single":["https:\/\/photographer.lu\/wp-content\/uploads\/2022\/11\/8612-L-IMG-2634-Notre-Dame-Luxembourg-aerial.webp",1200,800,false],"woocommerce_gallery_thumbnail":["https:\/\/photographer.lu\/wp-content\/uploads\/2022\/11\/8612-L-IMG-2634-Notre-Dame-Luxembourg-aerial-120x120.webp",120,120,true],"jetpack-portfolio-admin-thumb":["https:\/\/photographer.lu\/wp-content\/uploads\/2022\/11\/8612-L-IMG-2634-Notre-Dame-Luxembourg-aerial-50x50.webp",50,50,true]},"post_excerpt_stackable_v2":"<p>Vue a\u00e9rienne du centre-ville de la ville de Luxembourg montrant la cath\u00e9drale Notre Dame<\/p>\n","category_list_v2":"","author_info_v2":{"name":"","url":""},"comments_num_v2":"0 commentaire","acf":[],"jetpack_sharing_enabled":true,"_links":{"self":[{"href":"https:\/\/photographer.lu\/fr\/wp-json\/wp\/v2\/product\/24056","targetHints":{"allow":["GET"]}}],"collection":[{"href":"https:\/\/photographer.lu\/fr\/wp-json\/wp\/v2\/product"}],"about":[{"href":"https:\/\/photographer.lu\/fr\/wp-json\/wp\/v2\/types\/product"}],"replies":[{"embeddable":true,"href":"https:\/\/photographer.lu\/fr\/wp-json\/wp\/v2\/comments?post=24056"}],"wp:featuredmedia":[{"embeddable":true,"href":"https:\/\/photographer.lu\/fr\/wp-json\/wp\/v2\/media\/23348"}],"wp:attachment":[{"href":"https:\/\/photographer.lu\/fr\/wp-json\/wp\/v2\/media?parent=24056"}],"wp:term":[{"taxonomy":"product_brand","embeddable":true,"href":"https:\/\/photographer.lu\/fr\/wp-json\/wp\/v2\/product_brand?post=24056"},{"taxonomy":"product_cat","embeddable":true,"href":"https:\/\/photographer.lu\/fr\/wp-json\/wp\/v2\/product_cat?post=24056"},{"taxonomy":"product_tag","embeddable":true,"href":"https:\/\/photographer.lu\/fr\/wp-json\/wp\/v2\/product_tag?post=24056"}],"curies":[{"name":"wp","href":"https:\/\/api.w.org\/{rel}","templated":true}]}}