{"id":24282,"date":"2022-08-15T15:56:53","date_gmt":"2022-08-15T15:56:53","guid":{"rendered":"https:\/\/photographer.lu\/?post_type=product&#038;p=24282"},"modified":"2023-09-26T19:22:13","modified_gmt":"2023-09-26T19:22:13","slug":"upper-sure-lake-sunrise","status":"publish","type":"product","link":"https:\/\/photographer.lu\/fr\/photo\/upper-sure-lake-sunrise\/","title":{"rendered":"Lac de la Haute-S\u00fbre au lever du soleil"},"content":{"rendered":"<p>Photo <span style=\"color: #008000;\">commerciale<\/span> du lever du soleil sur le lac de la Haute-S\u00fbre au Luxembourg.<\/p>\n<p>Cette image est disponible sous licence en t\u00e9l\u00e9chargement num\u00e9rique.<\/p>\n<p>Des tirages limit\u00e9s et des tirages libres sont disponibles.<\/p>\n","protected":false},"excerpt":{"rendered":"<p>Le lac de la Haute-S\u00fbre au lever du soleil au Luxembourg.<\/p>\n","protected":false},"featured_media":23396,"comment_status":"closed","ping_status":"closed","template":"","meta":{"pgc_sgb_lightbox_settings":""},"product_brand":[],"product_cat":[703,702],"product_tag":[1030,994,714,705,995,709,715,888,882,708,717,744,737,713,998,997],"class_list":{"0":"post-24282","1":"product","2":"type-product","3":"status-publish","4":"has-post-thumbnail","6":"product_cat-luxembourg-images-fr","7":"product_cat-tirages-dart","8":"product_tag-eau","9":"product_tag-haut-sur","10":"product_tag-images-du-luxembourg","11":"product_tag-imprime","12":"product_tag-lac","13":"product_tag-le-grand-duche-de-luxembourg","14":"product_tag-letzebuerg-fr","15":"product_tag-lever-du-soleil","16":"product_tag-nature-fr","17":"product_tag-paysages","18":"product_tag-photoen","19":"product_tag-photographe-luxembourg","20":"product_tag-photographie-du-luxembourg","21":"product_tag-photos-du-luxembourg","22":"product_tag-superieur-sur","23":"product_tag-sur","24":"product_shipping_class-imprimes","26":"first","27":"instock","28":"taxable","29":"shipping-taxable","30":"purchasable","31":"product-type-variable"},"featured_image_urls_v2":{"full":["https:\/\/photographer.lu\/wp-content\/uploads\/2022\/11\/8617-L-VIO-0189-Lac-Haute-Sure-Luxembourg-sunrise.webp",1200,799,false],"thumbnail":["https:\/\/photographer.lu\/wp-content\/uploads\/2022\/11\/8617-L-VIO-0189-Lac-Haute-Sure-Luxembourg-sunrise-550x366.webp",550,366,true],"medium":["https:\/\/photographer.lu\/wp-content\/uploads\/2022\/11\/8617-L-VIO-0189-Lac-Haute-Sure-Luxembourg-sunrise-300x200.webp",300,200,true],"medium_large":["https:\/\/photographer.lu\/wp-content\/uploads\/2022\/11\/8617-L-VIO-0189-Lac-Haute-Sure-Luxembourg-sunrise-768x511.webp",768,511,true],"large":["https:\/\/photographer.lu\/wp-content\/uploads\/2022\/11\/8617-L-VIO-0189-Lac-Haute-Sure-Luxembourg-sunrise.webp",1200,799,false],"1536x1536":["https:\/\/photographer.lu\/wp-content\/uploads\/2022\/11\/8617-L-VIO-0189-Lac-Haute-Sure-Luxembourg-sunrise.webp",1200,799,false],"2048x2048":["https:\/\/photographer.lu\/wp-content\/uploads\/2022\/11\/8617-L-VIO-0189-Lac-Haute-Sure-Luxembourg-sunrise.webp",1200,799,false],"woocommerce_archive_thumbnail":["https:\/\/photographer.lu\/wp-content\/uploads\/2022\/11\/8617-L-VIO-0189-Lac-Haute-Sure-Luxembourg-sunrise-600x400.webp",600,400,true],"mailpoet_newsletter_max":["https:\/\/photographer.lu\/wp-content\/uploads\/2022\/11\/8617-L-VIO-0189-Lac-Haute-Sure-Luxembourg-sunrise.webp",1200,799,false],"woocommerce_thumbnail":["https:\/\/photographer.lu\/wp-content\/uploads\/2022\/11\/8617-L-VIO-0189-Lac-Haute-Sure-Luxembourg-sunrise-600x400.webp",600,400,true],"woocommerce_single":["https:\/\/photographer.lu\/wp-content\/uploads\/2022\/11\/8617-L-VIO-0189-Lac-Haute-Sure-Luxembourg-sunrise.webp",1200,799,false],"woocommerce_gallery_thumbnail":["https:\/\/photographer.lu\/wp-content\/uploads\/2022\/11\/8617-L-VIO-0189-Lac-Haute-Sure-Luxembourg-sunrise-120x120.webp",120,120,true],"jetpack-portfolio-admin-thumb":["https:\/\/photographer.lu\/wp-content\/uploads\/2022\/11\/8617-L-VIO-0189-Lac-Haute-Sure-Luxembourg-sunrise-50x50.webp",50,50,true]},"post_excerpt_stackable_v2":"<p>Le lac de la Haute-S\u00fbre au lever du soleil au Luxembourg.<\/p>\n","category_list_v2":"","author_info_v2":{"name":"","url":""},"comments_num_v2":"0 commentaire","acf":[],"jetpack_sharing_enabled":true,"_links":{"self":[{"href":"https:\/\/photographer.lu\/fr\/wp-json\/wp\/v2\/product\/24282","targetHints":{"allow":["GET"]}}],"collection":[{"href":"https:\/\/photographer.lu\/fr\/wp-json\/wp\/v2\/product"}],"about":[{"href":"https:\/\/photographer.lu\/fr\/wp-json\/wp\/v2\/types\/product"}],"replies":[{"embeddable":true,"href":"https:\/\/photographer.lu\/fr\/wp-json\/wp\/v2\/comments?post=24282"}],"wp:featuredmedia":[{"embeddable":true,"href":"https:\/\/photographer.lu\/fr\/wp-json\/wp\/v2\/media\/23396"}],"wp:attachment":[{"href":"https:\/\/photographer.lu\/fr\/wp-json\/wp\/v2\/media?parent=24282"}],"wp:term":[{"taxonomy":"product_brand","embeddable":true,"href":"https:\/\/photographer.lu\/fr\/wp-json\/wp\/v2\/product_brand?post=24282"},{"taxonomy":"product_cat","embeddable":true,"href":"https:\/\/photographer.lu\/fr\/wp-json\/wp\/v2\/product_cat?post=24282"},{"taxonomy":"product_tag","embeddable":true,"href":"https:\/\/photographer.lu\/fr\/wp-json\/wp\/v2\/product_tag?post=24282"}],"curies":[{"name":"wp","href":"https:\/\/api.w.org\/{rel}","templated":true}]}}