{"id":24735,"date":"2022-11-17T23:51:03","date_gmt":"2022-11-17T23:51:03","guid":{"rendered":"https:\/\/photographer.lu\/?post_type=product&#038;p=24735"},"modified":"2023-09-27T21:49:46","modified_gmt":"2023-09-27T21:49:46","slug":"tour-vauban-luxembourg-nuit","status":"publish","type":"product","link":"https:\/\/photographer.lu\/fr\/photo\/tour-vauban-luxembourg-nuit\/","title":{"rendered":"Tour Vauban \u00e0 Luxembourg, la nuit"},"content":{"rendered":"<p>Photo <span style=\"color: #008000;\">commerciale<\/span> de nuit de la Tour Vauban dans le quartier Pfaffenthal de la ville de Luxembourg, avec des tra\u00een\u00e9es lumineuses provenant de voitures en mouvement.<\/p>\n<p>Cette image est disponible sous licence en t\u00e9l\u00e9chargement num\u00e9rique.<\/p>\n<p>Des tirages limit\u00e9s et des tirages libres sont disponibles.<\/p>\n","protected":false},"excerpt":{"rendered":"<p>Tour Vauban dans le quartier Pfaffenthal de la ville de Luxembourg<\/p>\n","protected":false},"featured_media":23492,"comment_status":"closed","ping_status":"closed","template":"","meta":{"pgc_sgb_lightbox_settings":""},"product_brand":[],"product_cat":[703,702],"product_tag":[817,714,705,715,742,824,717,826,737,713,711,1265,1264,712],"class_list":{"0":"post-24735","1":"product","2":"type-product","3":"status-publish","4":"has-post-thumbnail","6":"product_cat-luxembourg-images-fr","7":"product_cat-tirages-dart","8":"product_tag-architecture-fr","9":"product_tag-images-du-luxembourg","10":"product_tag-imprime","11":"product_tag-letzebuerg-fr","12":"product_tag-luxembourg-fr","13":"product_tag-nuit","14":"product_tag-photoen","15":"product_tag-photographie-de-nuit","16":"product_tag-photographie-du-luxembourg","17":"product_tag-photos-du-luxembourg","18":"product_tag-points-de-repere","19":"product_tag-tours-vauban","20":"product_tag-vauban-fr","21":"product_tag-ville-de-luxembourg","22":"product_shipping_class-imprimes","24":"first","25":"instock","26":"taxable","27":"shipping-taxable","28":"purchasable","29":"product-type-variable"},"featured_image_urls_v2":{"full":["https:\/\/photographer.lu\/wp-content\/uploads\/2022\/11\/8643-L-VIO-9895-Vauban-tower-Luxembourg-city-night.webp",1200,800,false],"thumbnail":["https:\/\/photographer.lu\/wp-content\/uploads\/2022\/11\/8643-L-VIO-9895-Vauban-tower-Luxembourg-city-night-550x367.webp",550,367,true],"medium":["https:\/\/photographer.lu\/wp-content\/uploads\/2022\/11\/8643-L-VIO-9895-Vauban-tower-Luxembourg-city-night-300x200.webp",300,200,true],"medium_large":["https:\/\/photographer.lu\/wp-content\/uploads\/2022\/11\/8643-L-VIO-9895-Vauban-tower-Luxembourg-city-night-768x512.webp",768,512,true],"large":["https:\/\/photographer.lu\/wp-content\/uploads\/2022\/11\/8643-L-VIO-9895-Vauban-tower-Luxembourg-city-night.webp",1200,800,false],"1536x1536":["https:\/\/photographer.lu\/wp-content\/uploads\/2022\/11\/8643-L-VIO-9895-Vauban-tower-Luxembourg-city-night.webp",1200,800,false],"2048x2048":["https:\/\/photographer.lu\/wp-content\/uploads\/2022\/11\/8643-L-VIO-9895-Vauban-tower-Luxembourg-city-night.webp",1200,800,false],"woocommerce_archive_thumbnail":["https:\/\/photographer.lu\/wp-content\/uploads\/2022\/11\/8643-L-VIO-9895-Vauban-tower-Luxembourg-city-night-600x400.webp",600,400,true],"mailpoet_newsletter_max":["https:\/\/photographer.lu\/wp-content\/uploads\/2022\/11\/8643-L-VIO-9895-Vauban-tower-Luxembourg-city-night.webp",1200,800,false],"woocommerce_thumbnail":["https:\/\/photographer.lu\/wp-content\/uploads\/2022\/11\/8643-L-VIO-9895-Vauban-tower-Luxembourg-city-night-600x400.webp",600,400,true],"woocommerce_single":["https:\/\/photographer.lu\/wp-content\/uploads\/2022\/11\/8643-L-VIO-9895-Vauban-tower-Luxembourg-city-night.webp",1200,800,false],"woocommerce_gallery_thumbnail":["https:\/\/photographer.lu\/wp-content\/uploads\/2022\/11\/8643-L-VIO-9895-Vauban-tower-Luxembourg-city-night-120x120.webp",120,120,true],"jetpack-portfolio-admin-thumb":["https:\/\/photographer.lu\/wp-content\/uploads\/2022\/11\/8643-L-VIO-9895-Vauban-tower-Luxembourg-city-night-50x50.webp",50,50,true]},"post_excerpt_stackable_v2":"<p>Tour Vauban dans le quartier Pfaffenthal de la ville de Luxembourg<\/p>\n","category_list_v2":"","author_info_v2":{"name":"","url":""},"comments_num_v2":"0 commentaire","acf":[],"jetpack_sharing_enabled":true,"_links":{"self":[{"href":"https:\/\/photographer.lu\/fr\/wp-json\/wp\/v2\/product\/24735","targetHints":{"allow":["GET"]}}],"collection":[{"href":"https:\/\/photographer.lu\/fr\/wp-json\/wp\/v2\/product"}],"about":[{"href":"https:\/\/photographer.lu\/fr\/wp-json\/wp\/v2\/types\/product"}],"replies":[{"embeddable":true,"href":"https:\/\/photographer.lu\/fr\/wp-json\/wp\/v2\/comments?post=24735"}],"wp:featuredmedia":[{"embeddable":true,"href":"https:\/\/photographer.lu\/fr\/wp-json\/wp\/v2\/media\/23492"}],"wp:attachment":[{"href":"https:\/\/photographer.lu\/fr\/wp-json\/wp\/v2\/media?parent=24735"}],"wp:term":[{"taxonomy":"product_brand","embeddable":true,"href":"https:\/\/photographer.lu\/fr\/wp-json\/wp\/v2\/product_brand?post=24735"},{"taxonomy":"product_cat","embeddable":true,"href":"https:\/\/photographer.lu\/fr\/wp-json\/wp\/v2\/product_cat?post=24735"},{"taxonomy":"product_tag","embeddable":true,"href":"https:\/\/photographer.lu\/fr\/wp-json\/wp\/v2\/product_tag?post=24735"}],"curies":[{"name":"wp","href":"https:\/\/api.w.org\/{rel}","templated":true}]}}