{"id":24961,"date":"2022-04-18T00:26:37","date_gmt":"2022-04-18T00:26:37","guid":{"rendered":"https:\/\/photographer.lu\/?post_type=product&#038;p=24961"},"modified":"2023-09-26T20:56:22","modified_gmt":"2023-09-26T20:56:22","slug":"photographie-de-rue-luxembourg-ville","status":"publish","type":"product","link":"https:\/\/photographer.lu\/fr\/photo\/photographie-de-rue-luxembourg-ville\/","title":{"rendered":"Photographie de rue dans la ville de Luxembourg"},"content":{"rendered":"<p>Photo <span style=\"color: #008000;\">commerciale<\/span> de rue d&rsquo;un homme non identifiable marchant avec un parapluie pendant un jour de pluie dans la ville de Luxembourg, avec la tour Spuerkeess Bank dans le plan arri\u00e8re.<\/p>\n<p>Cette image est disponible sous licence en t\u00e9l\u00e9chargement num\u00e9rique.<\/p>\n<p>Des tirages limit\u00e9s et des tirages libres sont disponibles.<\/p>\n","protected":false},"excerpt":{"rendered":"<p>Homme marchant dans la rue dans la ville de Luxembourg<\/p>\n","protected":false},"featured_media":23540,"comment_status":"closed","ping_status":"closed","template":"","meta":{"pgc_sgb_lightbox_settings":""},"product_brand":[],"product_cat":[627,703,702],"product_tag":[1035,1270,714,705,715,742,1230,717,744,904,737,713,1029,711,1231,729,1271,712],"class_list":{"0":"post-24961","1":"product","2":"type-product","3":"status-publish","4":"has-post-thumbnail","6":"product_cat-cadeaux-luxembourgeois","7":"product_cat-luxembourg-images-fr","8":"product_cat-tirages-dart","9":"product_tag-cadeaux","10":"product_tag-homme","11":"product_tag-images-du-luxembourg","12":"product_tag-imprime","13":"product_tag-letzebuerg-fr","14":"product_tag-luxembourg-fr","15":"product_tag-personnes","16":"product_tag-photoen","17":"product_tag-photographe-luxembourg","18":"product_tag-photographie-de-rue","19":"product_tag-photographie-du-luxembourg","20":"product_tag-photos-du-luxembourg","21":"product_tag-pluie","22":"product_tag-points-de-repere","23":"product_tag-rue","24":"product_tag-spuerkeess-fr","25":"product_tag-urbain","26":"product_tag-ville-de-luxembourg","27":"product_shipping_class-imprimes","29":"first","30":"instock","31":"taxable","32":"shipping-taxable","33":"purchasable","34":"product-type-variable"},"featured_image_urls_v2":{"full":["https:\/\/photographer.lu\/wp-content\/uploads\/2022\/11\/8649-L-VIO-3448-Street-photography-Luxembourg-city.webp",1200,800,false],"thumbnail":["https:\/\/photographer.lu\/wp-content\/uploads\/2022\/11\/8649-L-VIO-3448-Street-photography-Luxembourg-city.webp",550,367,false],"medium":["https:\/\/photographer.lu\/wp-content\/uploads\/2022\/11\/8649-L-VIO-3448-Street-photography-Luxembourg-city.webp",300,200,false],"medium_large":["https:\/\/photographer.lu\/wp-content\/uploads\/2022\/11\/8649-L-VIO-3448-Street-photography-Luxembourg-city.webp",768,512,false],"large":["https:\/\/photographer.lu\/wp-content\/uploads\/2022\/11\/8649-L-VIO-3448-Street-photography-Luxembourg-city.webp",1200,800,false],"1536x1536":["https:\/\/photographer.lu\/wp-content\/uploads\/2022\/11\/8649-L-VIO-3448-Street-photography-Luxembourg-city.webp",1200,800,false],"2048x2048":["https:\/\/photographer.lu\/wp-content\/uploads\/2022\/11\/8649-L-VIO-3448-Street-photography-Luxembourg-city.webp",1200,800,false],"woocommerce_archive_thumbnail":["https:\/\/photographer.lu\/wp-content\/uploads\/2022\/11\/8649-L-VIO-3448-Street-photography-Luxembourg-city-600x400.webp",600,400,true],"mailpoet_newsletter_max":["https:\/\/photographer.lu\/wp-content\/uploads\/2022\/11\/8649-L-VIO-3448-Street-photography-Luxembourg-city.webp",1200,800,false],"woocommerce_thumbnail":["https:\/\/photographer.lu\/wp-content\/uploads\/2022\/11\/8649-L-VIO-3448-Street-photography-Luxembourg-city-600x400.webp",600,400,true],"woocommerce_single":["https:\/\/photographer.lu\/wp-content\/uploads\/2022\/11\/8649-L-VIO-3448-Street-photography-Luxembourg-city.webp",1200,800,false],"woocommerce_gallery_thumbnail":["https:\/\/photographer.lu\/wp-content\/uploads\/2022\/11\/8649-L-VIO-3448-Street-photography-Luxembourg-city-120x120.webp",120,120,true],"jetpack-portfolio-admin-thumb":["https:\/\/photographer.lu\/wp-content\/uploads\/2022\/11\/8649-L-VIO-3448-Street-photography-Luxembourg-city.webp",50,33,false]},"post_excerpt_stackable_v2":"<p>Homme marchant dans la rue dans la ville de Luxembourg<\/p>\n","category_list_v2":"","author_info_v2":{"name":"","url":""},"comments_num_v2":"0 commentaire","acf":[],"jetpack_sharing_enabled":true,"_links":{"self":[{"href":"https:\/\/photographer.lu\/fr\/wp-json\/wp\/v2\/product\/24961","targetHints":{"allow":["GET"]}}],"collection":[{"href":"https:\/\/photographer.lu\/fr\/wp-json\/wp\/v2\/product"}],"about":[{"href":"https:\/\/photographer.lu\/fr\/wp-json\/wp\/v2\/types\/product"}],"replies":[{"embeddable":true,"href":"https:\/\/photographer.lu\/fr\/wp-json\/wp\/v2\/comments?post=24961"}],"wp:featuredmedia":[{"embeddable":true,"href":"https:\/\/photographer.lu\/fr\/wp-json\/wp\/v2\/media\/23540"}],"wp:attachment":[{"href":"https:\/\/photographer.lu\/fr\/wp-json\/wp\/v2\/media?parent=24961"}],"wp:term":[{"taxonomy":"product_brand","embeddable":true,"href":"https:\/\/photographer.lu\/fr\/wp-json\/wp\/v2\/product_brand?post=24961"},{"taxonomy":"product_cat","embeddable":true,"href":"https:\/\/photographer.lu\/fr\/wp-json\/wp\/v2\/product_cat?post=24961"},{"taxonomy":"product_tag","embeddable":true,"href":"https:\/\/photographer.lu\/fr\/wp-json\/wp\/v2\/product_tag?post=24961"}],"curies":[{"name":"wp","href":"https:\/\/api.w.org\/{rel}","templated":true}]}}