{"id":25074,"date":"2022-07-18T00:37:31","date_gmt":"2022-07-18T00:37:31","guid":{"rendered":"https:\/\/photographer.lu\/?post_type=product&#038;p=25074"},"modified":"2023-09-27T19:50:01","modified_gmt":"2023-09-27T19:50:01","slug":"jour-de-pluie-rue-du-luxembourg","status":"publish","type":"product","link":"https:\/\/photographer.lu\/fr\/photo\/jour-de-pluie-rue-du-luxembourg\/","title":{"rendered":"Jour de pluie dans la rue du Luxembourg"},"content":{"rendered":"<p>Photographie <span style=\"color: #008000;\">commerciale<\/span> de rue d&rsquo;une femme marchant dans une rue pav\u00e9e de la ville de Luxembourg avec un parapluie par un jour de pluie.<\/p>\n<p>Cette image est disponible sous licence en t\u00e9l\u00e9chargement num\u00e9rique.<\/p>\n<p>Des tirages limit\u00e9s et des tirages libres sont disponibles.<\/p>\n","protected":false},"excerpt":{"rendered":"<p>Femme marchant dans la rue au Luxembourg avec un parapluie<\/p>\n","protected":false},"featured_media":23564,"comment_status":"closed","ping_status":"closed","template":"","meta":{"pgc_sgb_lightbox_settings":""},"product_brand":[],"product_cat":[703,702],"product_tag":[714,705,715,1230,717,904,737,713,1029,1231,1271,712],"class_list":{"0":"post-25074","1":"product","2":"type-product","3":"status-publish","4":"has-post-thumbnail","6":"product_cat-luxembourg-images-fr","7":"product_cat-tirages-dart","8":"product_tag-images-du-luxembourg","9":"product_tag-imprime","10":"product_tag-letzebuerg-fr","11":"product_tag-personnes","12":"product_tag-photoen","13":"product_tag-photographie-de-rue","14":"product_tag-photographie-du-luxembourg","15":"product_tag-photos-du-luxembourg","16":"product_tag-pluie","17":"product_tag-rue","18":"product_tag-urbain","19":"product_tag-ville-de-luxembourg","20":"product_shipping_class-imprimes","22":"first","23":"instock","24":"taxable","25":"shipping-taxable","26":"purchasable","27":"product-type-variable"},"featured_image_urls_v2":{"full":["https:\/\/photographer.lu\/wp-content\/uploads\/2022\/11\/8654-L-IMG-4163-Street-Luxembourg-city-rain.webp",1200,849,false],"thumbnail":["https:\/\/photographer.lu\/wp-content\/uploads\/2022\/11\/8654-L-IMG-4163-Street-Luxembourg-city-rain-550x389.webp",550,389,true],"medium":["https:\/\/photographer.lu\/wp-content\/uploads\/2022\/11\/8654-L-IMG-4163-Street-Luxembourg-city-rain-300x212.webp",300,212,true],"medium_large":["https:\/\/photographer.lu\/wp-content\/uploads\/2022\/11\/8654-L-IMG-4163-Street-Luxembourg-city-rain-768x543.webp",768,543,true],"large":["https:\/\/photographer.lu\/wp-content\/uploads\/2022\/11\/8654-L-IMG-4163-Street-Luxembourg-city-rain.webp",1200,849,false],"1536x1536":["https:\/\/photographer.lu\/wp-content\/uploads\/2022\/11\/8654-L-IMG-4163-Street-Luxembourg-city-rain.webp",1200,849,false],"2048x2048":["https:\/\/photographer.lu\/wp-content\/uploads\/2022\/11\/8654-L-IMG-4163-Street-Luxembourg-city-rain.webp",1200,849,false],"woocommerce_archive_thumbnail":["https:\/\/photographer.lu\/wp-content\/uploads\/2022\/11\/8654-L-IMG-4163-Street-Luxembourg-city-rain-600x425.webp",600,425,true],"mailpoet_newsletter_max":["https:\/\/photographer.lu\/wp-content\/uploads\/2022\/11\/8654-L-IMG-4163-Street-Luxembourg-city-rain.webp",1200,849,false],"woocommerce_thumbnail":["https:\/\/photographer.lu\/wp-content\/uploads\/2022\/11\/8654-L-IMG-4163-Street-Luxembourg-city-rain-600x425.webp",600,425,true],"woocommerce_single":["https:\/\/photographer.lu\/wp-content\/uploads\/2022\/11\/8654-L-IMG-4163-Street-Luxembourg-city-rain.webp",1200,849,false],"woocommerce_gallery_thumbnail":["https:\/\/photographer.lu\/wp-content\/uploads\/2022\/11\/8654-L-IMG-4163-Street-Luxembourg-city-rain-120x120.webp",120,120,true],"jetpack-portfolio-admin-thumb":["https:\/\/photographer.lu\/wp-content\/uploads\/2022\/11\/8654-L-IMG-4163-Street-Luxembourg-city-rain-50x50.webp",50,50,true]},"post_excerpt_stackable_v2":"<p>Femme marchant dans la rue au Luxembourg avec un parapluie<\/p>\n","category_list_v2":"","author_info_v2":{"name":"","url":""},"comments_num_v2":"0 commentaire","acf":[],"jetpack_sharing_enabled":true,"_links":{"self":[{"href":"https:\/\/photographer.lu\/fr\/wp-json\/wp\/v2\/product\/25074","targetHints":{"allow":["GET"]}}],"collection":[{"href":"https:\/\/photographer.lu\/fr\/wp-json\/wp\/v2\/product"}],"about":[{"href":"https:\/\/photographer.lu\/fr\/wp-json\/wp\/v2\/types\/product"}],"replies":[{"embeddable":true,"href":"https:\/\/photographer.lu\/fr\/wp-json\/wp\/v2\/comments?post=25074"}],"wp:featuredmedia":[{"embeddable":true,"href":"https:\/\/photographer.lu\/fr\/wp-json\/wp\/v2\/media\/23564"}],"wp:attachment":[{"href":"https:\/\/photographer.lu\/fr\/wp-json\/wp\/v2\/media?parent=25074"}],"wp:term":[{"taxonomy":"product_brand","embeddable":true,"href":"https:\/\/photographer.lu\/fr\/wp-json\/wp\/v2\/product_brand?post=25074"},{"taxonomy":"product_cat","embeddable":true,"href":"https:\/\/photographer.lu\/fr\/wp-json\/wp\/v2\/product_cat?post=25074"},{"taxonomy":"product_tag","embeddable":true,"href":"https:\/\/photographer.lu\/fr\/wp-json\/wp\/v2\/product_tag?post=25074"}],"curies":[{"name":"wp","href":"https:\/\/api.w.org\/{rel}","templated":true}]}}