{"id":25187,"date":"2022-07-18T00:52:06","date_gmt":"2022-07-18T00:52:06","guid":{"rendered":"https:\/\/photographer.lu\/?post_type=product&#038;p=25187"},"modified":"2023-09-28T11:17:11","modified_gmt":"2023-09-28T11:17:11","slug":"riding-bike-luxembourg-night","status":"publish","type":"product","link":"https:\/\/photographer.lu\/fr\/photo\/riding-bike-luxembourg-night\/","title":{"rendered":"Faire du v\u00e9lo au Luxembourg la nuit"},"content":{"rendered":"<p>Photo de rue <span style=\"color: #ff0000;\">\u00e9ditoriale<\/span> d&rsquo;une femme faisant du v\u00e9lo dans le centre-ville de Luxembourg la nuit &#8211; effet panoramique.<\/p>\n<p>Cette image est disponible sous licence en t\u00e9l\u00e9chargement num\u00e9rique.<\/p>\n<p>Des tirages limit\u00e9s et des tirages libres sont disponibles.<\/p>\n","protected":false},"excerpt":{"rendered":"<p>Femme \u00e0 v\u00e9lo dans le centre-ville de Luxembourg<\/p>\n","protected":false},"featured_media":23588,"comment_status":"closed","ping_status":"closed","template":"","meta":{"pgc_sgb_lightbox_settings":""},"product_brand":[],"product_cat":[702],"product_tag":[714,705,715,824,1230,717,826,904,737,713,1231,1271,1225,1280,1227,1281,1282,712],"class_list":{"0":"post-25187","1":"product","2":"type-product","3":"status-publish","4":"has-post-thumbnail","6":"product_cat-tirages-dart","7":"product_tag-images-du-luxembourg","8":"product_tag-imprime","9":"product_tag-letzebuerg-fr","10":"product_tag-nuit","11":"product_tag-personnes","12":"product_tag-photoen","13":"product_tag-photographie-de-nuit","14":"product_tag-photographie-de-rue","15":"product_tag-photographie-du-luxembourg","16":"product_tag-photos-du-luxembourg","17":"product_tag-rue","18":"product_tag-urbain","19":"product_tag-velo","20":"product_tag-velo-fr-2","21":"product_tag-velo-fr","22":"product_tag-velo-fr-3","23":"product_tag-vie-de-la-rue","24":"product_tag-ville-de-luxembourg","25":"product_shipping_class-imprimes","27":"first","28":"instock","29":"taxable","30":"shipping-taxable","31":"purchasable","32":"product-type-variable"},"featured_image_urls_v2":{"full":["https:\/\/photographer.lu\/wp-content\/uploads\/2022\/11\/8659-L-VIO-9337-street-bicycle-night-luxembourg.webp",1200,800,false],"thumbnail":["https:\/\/photographer.lu\/wp-content\/uploads\/2022\/11\/8659-L-VIO-9337-street-bicycle-night-luxembourg-550x367.webp",550,367,true],"medium":["https:\/\/photographer.lu\/wp-content\/uploads\/2022\/11\/8659-L-VIO-9337-street-bicycle-night-luxembourg-300x200.webp",300,200,true],"medium_large":["https:\/\/photographer.lu\/wp-content\/uploads\/2022\/11\/8659-L-VIO-9337-street-bicycle-night-luxembourg-768x512.webp",768,512,true],"large":["https:\/\/photographer.lu\/wp-content\/uploads\/2022\/11\/8659-L-VIO-9337-street-bicycle-night-luxembourg.webp",1200,800,false],"1536x1536":["https:\/\/photographer.lu\/wp-content\/uploads\/2022\/11\/8659-L-VIO-9337-street-bicycle-night-luxembourg.webp",1200,800,false],"2048x2048":["https:\/\/photographer.lu\/wp-content\/uploads\/2022\/11\/8659-L-VIO-9337-street-bicycle-night-luxembourg.webp",1200,800,false],"woocommerce_archive_thumbnail":["https:\/\/photographer.lu\/wp-content\/uploads\/2022\/11\/8659-L-VIO-9337-street-bicycle-night-luxembourg-600x400.webp",600,400,true],"mailpoet_newsletter_max":["https:\/\/photographer.lu\/wp-content\/uploads\/2022\/11\/8659-L-VIO-9337-street-bicycle-night-luxembourg.webp",1200,800,false],"woocommerce_thumbnail":["https:\/\/photographer.lu\/wp-content\/uploads\/2022\/11\/8659-L-VIO-9337-street-bicycle-night-luxembourg-600x400.webp",600,400,true],"woocommerce_single":["https:\/\/photographer.lu\/wp-content\/uploads\/2022\/11\/8659-L-VIO-9337-street-bicycle-night-luxembourg.webp",1200,800,false],"woocommerce_gallery_thumbnail":["https:\/\/photographer.lu\/wp-content\/uploads\/2022\/11\/8659-L-VIO-9337-street-bicycle-night-luxembourg-120x120.webp",120,120,true],"jetpack-portfolio-admin-thumb":["https:\/\/photographer.lu\/wp-content\/uploads\/2022\/11\/8659-L-VIO-9337-street-bicycle-night-luxembourg-50x50.webp",50,50,true]},"post_excerpt_stackable_v2":"<p>Femme \u00e0 v\u00e9lo dans le centre-ville de Luxembourg<\/p>\n","category_list_v2":"","author_info_v2":{"name":"","url":""},"comments_num_v2":"0 commentaire","acf":[],"jetpack_sharing_enabled":true,"_links":{"self":[{"href":"https:\/\/photographer.lu\/fr\/wp-json\/wp\/v2\/product\/25187","targetHints":{"allow":["GET"]}}],"collection":[{"href":"https:\/\/photographer.lu\/fr\/wp-json\/wp\/v2\/product"}],"about":[{"href":"https:\/\/photographer.lu\/fr\/wp-json\/wp\/v2\/types\/product"}],"replies":[{"embeddable":true,"href":"https:\/\/photographer.lu\/fr\/wp-json\/wp\/v2\/comments?post=25187"}],"wp:featuredmedia":[{"embeddable":true,"href":"https:\/\/photographer.lu\/fr\/wp-json\/wp\/v2\/media\/23588"}],"wp:attachment":[{"href":"https:\/\/photographer.lu\/fr\/wp-json\/wp\/v2\/media?parent=25187"}],"wp:term":[{"taxonomy":"product_brand","embeddable":true,"href":"https:\/\/photographer.lu\/fr\/wp-json\/wp\/v2\/product_brand?post=25187"},{"taxonomy":"product_cat","embeddable":true,"href":"https:\/\/photographer.lu\/fr\/wp-json\/wp\/v2\/product_cat?post=25187"},{"taxonomy":"product_tag","embeddable":true,"href":"https:\/\/photographer.lu\/fr\/wp-json\/wp\/v2\/product_tag?post=25187"}],"curies":[{"name":"wp","href":"https:\/\/api.w.org\/{rel}","templated":true}]}}