{"id":25300,"date":"2022-08-18T01:01:32","date_gmt":"2022-08-18T01:01:32","guid":{"rendered":"https:\/\/photographer.lu\/?post_type=product&#038;p=25300"},"modified":"2023-09-27T16:12:39","modified_gmt":"2023-09-27T16:12:39","slug":"belair-luxembourg-ville-snow","status":"publish","type":"product","link":"https:\/\/photographer.lu\/fr\/photo\/belair-luxembourg-ville-snow\/","title":{"rendered":"Le Belair de la ville de Luxembourg recouvert de neige"},"content":{"rendered":"<p>Photo <span style=\"color: #339966;\">commerciale<\/span> de la vue d&rsquo;une fen\u00eatre sur le quartier de Belair dans la ville de Luxembourg avec l&rsquo;\u00e9glise St Pius X couverte de neige en hiver.<\/p>\n<p>Cette image est disponible sous licence en t\u00e9l\u00e9chargement num\u00e9rique.<\/p>\n<p>Des tirages limit\u00e9s et des tirages libres sont disponibles.<\/p>\n","protected":false},"excerpt":{"rendered":"<p>Le quartier de Belair, \u00e0 Luxembourg, recouvert de neige en hiver.<\/p>\n","protected":false},"featured_media":23612,"comment_status":"closed","ping_status":"closed","template":"","meta":{"pgc_sgb_lightbox_settings":""},"product_brand":[],"product_cat":[703,702],"product_tag":[899,817,1291,832,1086,714,1085,715,836,1294,717,737,713,1292,1293,719,712],"class_list":{"0":"post-25300","1":"product","2":"type-product","3":"status-publish","4":"has-post-thumbnail","6":"product_cat-luxembourg-images-fr","7":"product_cat-tirages-dart","8":"product_tag-aerien","9":"product_tag-architecture-fr","10":"product_tag-belair-fr","11":"product_tag-eglise","12":"product_tag-hiver","13":"product_tag-images-du-luxembourg","14":"product_tag-la-neige-au-luxembourg","15":"product_tag-letzebuerg-fr","16":"product_tag-maisons","17":"product_tag-neige","18":"product_tag-photoen","19":"product_tag-photographie-du-luxembourg","20":"product_tag-photos-du-luxembourg","21":"product_tag-pius-x-fr","22":"product_tag-quartiers","23":"product_tag-saisons","24":"product_tag-ville-de-luxembourg","25":"product_shipping_class-imprimes","27":"first","28":"instock","29":"taxable","30":"shipping-taxable","31":"purchasable","32":"product-type-variable"},"featured_image_urls_v2":{"full":["https:\/\/photographer.lu\/wp-content\/uploads\/2022\/11\/8663-L-VIO-6061-Belair-Luxembourg-city-snow-winter.webp",1200,800,false],"thumbnail":["https:\/\/photographer.lu\/wp-content\/uploads\/2022\/11\/8663-L-VIO-6061-Belair-Luxembourg-city-snow-winter-550x367.webp",550,367,true],"medium":["https:\/\/photographer.lu\/wp-content\/uploads\/2022\/11\/8663-L-VIO-6061-Belair-Luxembourg-city-snow-winter-300x200.webp",300,200,true],"medium_large":["https:\/\/photographer.lu\/wp-content\/uploads\/2022\/11\/8663-L-VIO-6061-Belair-Luxembourg-city-snow-winter-768x512.webp",768,512,true],"large":["https:\/\/photographer.lu\/wp-content\/uploads\/2022\/11\/8663-L-VIO-6061-Belair-Luxembourg-city-snow-winter.webp",1200,800,false],"1536x1536":["https:\/\/photographer.lu\/wp-content\/uploads\/2022\/11\/8663-L-VIO-6061-Belair-Luxembourg-city-snow-winter.webp",1200,800,false],"2048x2048":["https:\/\/photographer.lu\/wp-content\/uploads\/2022\/11\/8663-L-VIO-6061-Belair-Luxembourg-city-snow-winter.webp",1200,800,false],"woocommerce_archive_thumbnail":["https:\/\/photographer.lu\/wp-content\/uploads\/2022\/11\/8663-L-VIO-6061-Belair-Luxembourg-city-snow-winter-600x400.webp",600,400,true],"mailpoet_newsletter_max":["https:\/\/photographer.lu\/wp-content\/uploads\/2022\/11\/8663-L-VIO-6061-Belair-Luxembourg-city-snow-winter.webp",1200,800,false],"woocommerce_thumbnail":["https:\/\/photographer.lu\/wp-content\/uploads\/2022\/11\/8663-L-VIO-6061-Belair-Luxembourg-city-snow-winter-600x400.webp",600,400,true],"woocommerce_single":["https:\/\/photographer.lu\/wp-content\/uploads\/2022\/11\/8663-L-VIO-6061-Belair-Luxembourg-city-snow-winter.webp",1200,800,false],"woocommerce_gallery_thumbnail":["https:\/\/photographer.lu\/wp-content\/uploads\/2022\/11\/8663-L-VIO-6061-Belair-Luxembourg-city-snow-winter-120x120.webp",120,120,true],"jetpack-portfolio-admin-thumb":["https:\/\/photographer.lu\/wp-content\/uploads\/2022\/11\/8663-L-VIO-6061-Belair-Luxembourg-city-snow-winter-50x50.webp",50,50,true]},"post_excerpt_stackable_v2":"<p>Le quartier de Belair, \u00e0 Luxembourg, recouvert de neige en hiver.<\/p>\n","category_list_v2":"","author_info_v2":{"name":"","url":""},"comments_num_v2":"0 commentaire","acf":[],"jetpack_sharing_enabled":true,"_links":{"self":[{"href":"https:\/\/photographer.lu\/fr\/wp-json\/wp\/v2\/product\/25300","targetHints":{"allow":["GET"]}}],"collection":[{"href":"https:\/\/photographer.lu\/fr\/wp-json\/wp\/v2\/product"}],"about":[{"href":"https:\/\/photographer.lu\/fr\/wp-json\/wp\/v2\/types\/product"}],"replies":[{"embeddable":true,"href":"https:\/\/photographer.lu\/fr\/wp-json\/wp\/v2\/comments?post=25300"}],"wp:featuredmedia":[{"embeddable":true,"href":"https:\/\/photographer.lu\/fr\/wp-json\/wp\/v2\/media\/23612"}],"wp:attachment":[{"href":"https:\/\/photographer.lu\/fr\/wp-json\/wp\/v2\/media?parent=25300"}],"wp:term":[{"taxonomy":"product_brand","embeddable":true,"href":"https:\/\/photographer.lu\/fr\/wp-json\/wp\/v2\/product_brand?post=25300"},{"taxonomy":"product_cat","embeddable":true,"href":"https:\/\/photographer.lu\/fr\/wp-json\/wp\/v2\/product_cat?post=25300"},{"taxonomy":"product_tag","embeddable":true,"href":"https:\/\/photographer.lu\/fr\/wp-json\/wp\/v2\/product_tag?post=25300"}],"curies":[{"name":"wp","href":"https:\/\/api.w.org\/{rel}","templated":true}]}}