{"id":25644,"date":"2022-11-20T11:46:54","date_gmt":"2022-11-20T11:46:54","guid":{"rendered":"https:\/\/photographer.lu\/?post_type=product&#038;p=25644"},"modified":"2023-09-27T01:25:22","modified_gmt":"2023-09-27T01:25:22","slug":"vianden-castle-luxembourg","status":"publish","type":"product","link":"https:\/\/photographer.lu\/fr\/photo\/vianden-castle-luxembourg\/","title":{"rendered":"Ch\u00e2teau de Vianden au Luxembourg"},"content":{"rendered":"<p>Photo <span style=\"color: #339966;\">commerciale<\/span> du ch\u00e2teau de Vianden dans la r\u00e9gion des Ardennes au Luxembourg, vu d&rsquo;en haut lors d&rsquo;un matin brumeux.<\/p>\n<p>Cette image est disponible sous licence en t\u00e9l\u00e9chargement num\u00e9rique.<\/p>\n<p>Des tirages limit\u00e9s et des tirages libres sont disponibles.<\/p>\n","protected":false},"excerpt":{"rendered":"<p>Ch\u00e2teau de Vianden au Luxembourg, vu d&rsquo;en haut<\/p>\n","protected":false},"featured_media":23684,"comment_status":"closed","ping_status":"closed","template":"","meta":{"pgc_sgb_lightbox_settings":""},"product_brand":[],"product_cat":[703,702],"product_tag":[817,1253,1157,1261,1036,1255,1257,714,705,709,715,742,1159,1258,717,737,713,711,1259,719,706,1061],"class_list":{"0":"post-25644","1":"product","2":"type-product","3":"status-publish","4":"has-post-thumbnail","6":"product_cat-luxembourg-images-fr","7":"product_cat-tirages-dart","8":"product_tag-architecture-fr","9":"product_tag-ardennes-fr","10":"product_tag-chateau","11":"product_tag-chateau-fr","12":"product_tag-chateaux","13":"product_tag-fortifications-fr","14":"product_tag-fortifie","15":"product_tag-images-du-luxembourg","16":"product_tag-imprime","17":"product_tag-le-grand-duche-de-luxembourg","18":"product_tag-letzebuerg-fr","19":"product_tag-luxembourg-fr","20":"product_tag-medieval-fr","21":"product_tag-notre-vallee","22":"product_tag-photoen","23":"product_tag-photographie-du-luxembourg","24":"product_tag-photos-du-luxembourg","25":"product_tag-points-de-repere","26":"product_tag-romanesque-fr","27":"product_tag-saisons","28":"product_tag-vianden-fr","29":"product_tag-villes","30":"product_shipping_class-imprimes","32":"first","33":"instock","34":"taxable","35":"shipping-taxable","36":"purchasable","37":"product-type-variable"},"featured_image_urls_v2":{"full":["https:\/\/photographer.lu\/wp-content\/uploads\/2022\/11\/8690-L-VIO-9869-Vianden-Castle-Luxembourg-aerial.webp",1200,800,false],"thumbnail":["https:\/\/photographer.lu\/wp-content\/uploads\/2022\/11\/8690-L-VIO-9869-Vianden-Castle-Luxembourg-aerial-550x367.webp",550,367,true],"medium":["https:\/\/photographer.lu\/wp-content\/uploads\/2022\/11\/8690-L-VIO-9869-Vianden-Castle-Luxembourg-aerial-300x200.webp",300,200,true],"medium_large":["https:\/\/photographer.lu\/wp-content\/uploads\/2022\/11\/8690-L-VIO-9869-Vianden-Castle-Luxembourg-aerial-768x512.webp",768,512,true],"large":["https:\/\/photographer.lu\/wp-content\/uploads\/2022\/11\/8690-L-VIO-9869-Vianden-Castle-Luxembourg-aerial.webp",1200,800,false],"1536x1536":["https:\/\/photographer.lu\/wp-content\/uploads\/2022\/11\/8690-L-VIO-9869-Vianden-Castle-Luxembourg-aerial.webp",1200,800,false],"2048x2048":["https:\/\/photographer.lu\/wp-content\/uploads\/2022\/11\/8690-L-VIO-9869-Vianden-Castle-Luxembourg-aerial.webp",1200,800,false],"woocommerce_archive_thumbnail":["https:\/\/photographer.lu\/wp-content\/uploads\/2022\/11\/8690-L-VIO-9869-Vianden-Castle-Luxembourg-aerial-600x400.webp",600,400,true],"mailpoet_newsletter_max":["https:\/\/photographer.lu\/wp-content\/uploads\/2022\/11\/8690-L-VIO-9869-Vianden-Castle-Luxembourg-aerial.webp",1200,800,false],"woocommerce_thumbnail":["https:\/\/photographer.lu\/wp-content\/uploads\/2022\/11\/8690-L-VIO-9869-Vianden-Castle-Luxembourg-aerial-600x400.webp",600,400,true],"woocommerce_single":["https:\/\/photographer.lu\/wp-content\/uploads\/2022\/11\/8690-L-VIO-9869-Vianden-Castle-Luxembourg-aerial.webp",1200,800,false],"woocommerce_gallery_thumbnail":["https:\/\/photographer.lu\/wp-content\/uploads\/2022\/11\/8690-L-VIO-9869-Vianden-Castle-Luxembourg-aerial-120x120.webp",120,120,true],"jetpack-portfolio-admin-thumb":["https:\/\/photographer.lu\/wp-content\/uploads\/2022\/11\/8690-L-VIO-9869-Vianden-Castle-Luxembourg-aerial-50x50.webp",50,50,true]},"post_excerpt_stackable_v2":"<p>Ch\u00e2teau de Vianden au Luxembourg, vu d&rsquo;en haut<\/p>\n","category_list_v2":"","author_info_v2":{"name":"","url":""},"comments_num_v2":"0 commentaire","acf":[],"jetpack_sharing_enabled":true,"_links":{"self":[{"href":"https:\/\/photographer.lu\/fr\/wp-json\/wp\/v2\/product\/25644","targetHints":{"allow":["GET"]}}],"collection":[{"href":"https:\/\/photographer.lu\/fr\/wp-json\/wp\/v2\/product"}],"about":[{"href":"https:\/\/photographer.lu\/fr\/wp-json\/wp\/v2\/types\/product"}],"replies":[{"embeddable":true,"href":"https:\/\/photographer.lu\/fr\/wp-json\/wp\/v2\/comments?post=25644"}],"wp:featuredmedia":[{"embeddable":true,"href":"https:\/\/photographer.lu\/fr\/wp-json\/wp\/v2\/media\/23684"}],"wp:attachment":[{"href":"https:\/\/photographer.lu\/fr\/wp-json\/wp\/v2\/media?parent=25644"}],"wp:term":[{"taxonomy":"product_brand","embeddable":true,"href":"https:\/\/photographer.lu\/fr\/wp-json\/wp\/v2\/product_brand?post=25644"},{"taxonomy":"product_cat","embeddable":true,"href":"https:\/\/photographer.lu\/fr\/wp-json\/wp\/v2\/product_cat?post=25644"},{"taxonomy":"product_tag","embeddable":true,"href":"https:\/\/photographer.lu\/fr\/wp-json\/wp\/v2\/product_tag?post=25644"}],"curies":[{"name":"wp","href":"https:\/\/api.w.org\/{rel}","templated":true}]}}