{"id":25757,"date":"2022-08-20T12:49:10","date_gmt":"2022-08-20T12:49:10","guid":{"rendered":"https:\/\/photographer.lu\/?post_type=product&#038;p=25757"},"modified":"2023-09-28T08:54:41","modified_gmt":"2023-09-28T08:54:41","slug":"belair-luxembourg-ville","status":"publish","type":"product","link":"https:\/\/photographer.lu\/fr\/photo\/belair-luxembourg-ville\/","title":{"rendered":"Belair \u00e0 Luxembourg-ville"},"content":{"rendered":"<p>Image de stock <span style=\"color: #339966;\">commerciale<\/span> du quartier de Belair dans la ville de Luxembourg avec des oiseaux volant au-dessus de l&rsquo;\u00e9glise St Pius X.<\/p>\n<p>Cette image est disponible sous licence en t\u00e9l\u00e9chargement num\u00e9rique.<\/p>\n<p>Des tirages limit\u00e9s et des tirages libres sont disponibles.<\/p>\n","protected":false},"excerpt":{"rendered":"<p>Quartier Belair de la ville de Luxembourg avec des oiseaux<\/p>\n","protected":false},"featured_media":23708,"comment_status":"closed","ping_status":"closed","template":"","meta":{"pgc_sgb_lightbox_settings":""},"product_brand":[],"product_cat":[703],"product_tag":[817,1291,832,714,705,715,742,836,717,737,713,1292,1293,712],"class_list":{"0":"post-25757","1":"product","2":"type-product","3":"status-publish","4":"has-post-thumbnail","6":"product_cat-luxembourg-images-fr","7":"product_tag-architecture-fr","8":"product_tag-belair-fr","9":"product_tag-eglise","10":"product_tag-images-du-luxembourg","11":"product_tag-imprime","12":"product_tag-letzebuerg-fr","13":"product_tag-luxembourg-fr","14":"product_tag-maisons","15":"product_tag-photoen","16":"product_tag-photographie-du-luxembourg","17":"product_tag-photos-du-luxembourg","18":"product_tag-pius-x-fr","19":"product_tag-quartiers","20":"product_tag-ville-de-luxembourg","21":"product_shipping_class-imprimes","23":"first","24":"instock","25":"taxable","26":"shipping-taxable","27":"purchasable","28":"product-type-variable"},"featured_image_urls_v2":{"full":["https:\/\/photographer.lu\/wp-content\/uploads\/2022\/11\/8699-L-VIO-0627-Belair-St-Pius-X-church-Luxembourg-city.webp",1200,800,false],"thumbnail":["https:\/\/photographer.lu\/wp-content\/uploads\/2022\/11\/8699-L-VIO-0627-Belair-St-Pius-X-church-Luxembourg-city-550x367.webp",550,367,true],"medium":["https:\/\/photographer.lu\/wp-content\/uploads\/2022\/11\/8699-L-VIO-0627-Belair-St-Pius-X-church-Luxembourg-city-300x200.webp",300,200,true],"medium_large":["https:\/\/photographer.lu\/wp-content\/uploads\/2022\/11\/8699-L-VIO-0627-Belair-St-Pius-X-church-Luxembourg-city-768x512.webp",768,512,true],"large":["https:\/\/photographer.lu\/wp-content\/uploads\/2022\/11\/8699-L-VIO-0627-Belair-St-Pius-X-church-Luxembourg-city.webp",1200,800,false],"1536x1536":["https:\/\/photographer.lu\/wp-content\/uploads\/2022\/11\/8699-L-VIO-0627-Belair-St-Pius-X-church-Luxembourg-city.webp",1200,800,false],"2048x2048":["https:\/\/photographer.lu\/wp-content\/uploads\/2022\/11\/8699-L-VIO-0627-Belair-St-Pius-X-church-Luxembourg-city.webp",1200,800,false],"woocommerce_archive_thumbnail":["https:\/\/photographer.lu\/wp-content\/uploads\/2022\/11\/8699-L-VIO-0627-Belair-St-Pius-X-church-Luxembourg-city-600x400.webp",600,400,true],"mailpoet_newsletter_max":["https:\/\/photographer.lu\/wp-content\/uploads\/2022\/11\/8699-L-VIO-0627-Belair-St-Pius-X-church-Luxembourg-city.webp",1200,800,false],"woocommerce_thumbnail":["https:\/\/photographer.lu\/wp-content\/uploads\/2022\/11\/8699-L-VIO-0627-Belair-St-Pius-X-church-Luxembourg-city-600x400.webp",600,400,true],"woocommerce_single":["https:\/\/photographer.lu\/wp-content\/uploads\/2022\/11\/8699-L-VIO-0627-Belair-St-Pius-X-church-Luxembourg-city.webp",1200,800,false],"woocommerce_gallery_thumbnail":["https:\/\/photographer.lu\/wp-content\/uploads\/2022\/11\/8699-L-VIO-0627-Belair-St-Pius-X-church-Luxembourg-city-120x120.webp",120,120,true],"jetpack-portfolio-admin-thumb":["https:\/\/photographer.lu\/wp-content\/uploads\/2022\/11\/8699-L-VIO-0627-Belair-St-Pius-X-church-Luxembourg-city-50x50.webp",50,50,true]},"post_excerpt_stackable_v2":"<p>Quartier Belair de la ville de Luxembourg avec des oiseaux<\/p>\n","category_list_v2":"","author_info_v2":{"name":"","url":""},"comments_num_v2":"0 commentaire","acf":[],"jetpack_sharing_enabled":true,"_links":{"self":[{"href":"https:\/\/photographer.lu\/fr\/wp-json\/wp\/v2\/product\/25757","targetHints":{"allow":["GET"]}}],"collection":[{"href":"https:\/\/photographer.lu\/fr\/wp-json\/wp\/v2\/product"}],"about":[{"href":"https:\/\/photographer.lu\/fr\/wp-json\/wp\/v2\/types\/product"}],"replies":[{"embeddable":true,"href":"https:\/\/photographer.lu\/fr\/wp-json\/wp\/v2\/comments?post=25757"}],"wp:featuredmedia":[{"embeddable":true,"href":"https:\/\/photographer.lu\/fr\/wp-json\/wp\/v2\/media\/23708"}],"wp:attachment":[{"href":"https:\/\/photographer.lu\/fr\/wp-json\/wp\/v2\/media?parent=25757"}],"wp:term":[{"taxonomy":"product_brand","embeddable":true,"href":"https:\/\/photographer.lu\/fr\/wp-json\/wp\/v2\/product_brand?post=25757"},{"taxonomy":"product_cat","embeddable":true,"href":"https:\/\/photographer.lu\/fr\/wp-json\/wp\/v2\/product_cat?post=25757"},{"taxonomy":"product_tag","embeddable":true,"href":"https:\/\/photographer.lu\/fr\/wp-json\/wp\/v2\/product_tag?post=25757"}],"curies":[{"name":"wp","href":"https:\/\/api.w.org\/{rel}","templated":true}]}}