{"id":26104,"date":"2022-09-23T16:28:31","date_gmt":"2022-09-23T16:28:31","guid":{"rendered":"https:\/\/photographer.lu\/?post_type=product&#038;p=26104"},"modified":"2023-09-27T17:12:35","modified_gmt":"2023-09-27T17:12:35","slug":"immeubles-de-bureaux-modernes-luxembourg-kirchberg","status":"publish","type":"product","link":"https:\/\/photographer.lu\/fr\/photo\/immeubles-de-bureaux-modernes-luxembourg-kirchberg\/","title":{"rendered":"Immeubles de bureaux modernes \u00e0 Luxembourg Kirchberg"},"content":{"rendered":"<p>Photo <span style=\"color: #339966;\">commerciale<\/span> d&rsquo;une sc\u00e8ne d&rsquo;affaires dans le quartier europ\u00e9en du Kirchberg, ville de Luxembourg : des personnes passant devant la Philharmonie, se dirigeant vers des immeubles de bureaux et laissant derri\u00e8re elles le Parlement europ\u00e9en, le centre commercial Infinity, la Cour europ\u00e9enne de justice.<\/p>\n<p>Cette image est disponible sous licence en t\u00e9l\u00e9chargement num\u00e9rique.<\/p>\n<p>Des tirages limit\u00e9s et des tirages libres sont disponibles.<\/p>\n","protected":false},"excerpt":{"rendered":"<p>Personnes passant devant la Philharmonie dans le quartier europ\u00e9en du Kirchberg, ville de Luxembourg.<\/p>\n<p><img decoding=\"async\" class=\"alignnone size-full wp-image-22578\" src=\"https:\/\/photographer.lu\/wp-content\/uploads\/2022\/10\/payment-methods-luxembourg.webp\" alt=\"les m\u00e9thodes de paiement\" width=\"581\" height=\"40\" srcset=\"https:\/\/photographer.lu\/wp-content\/uploads\/2022\/10\/payment-methods-luxembourg.webp 581w, https:\/\/photographer.lu\/wp-content\/uploads\/2022\/10\/payment-methods-luxembourg-300x21.webp 300w, https:\/\/photographer.lu\/wp-content\/uploads\/2022\/10\/payment-methods-luxembourg-550x38.webp 550w\" sizes=\"(max-width: 581px) 100vw, 581px\" \/><\/p>\n","protected":false},"featured_media":23780,"comment_status":"closed","ping_status":"closed","template":"","meta":{"pgc_sgb_lightbox_settings":""},"product_brand":[],"product_cat":[703],"product_tag":[817,1022,1299,714,1027,1025,1024,715,1143,1026,1230,1028,1300,717,737,713,711,1231,712],"class_list":{"0":"post-26104","1":"product","2":"type-product","3":"status-publish","4":"has-post-thumbnail","6":"product_cat-luxembourg-images-fr","7":"product_tag-architecture-fr","8":"product_tag-entreprise","9":"product_tag-fotos-fr","10":"product_tag-images-du-luxembourg","11":"product_tag-immeubles-de-bureaux","12":"product_tag-kirchberg-fr","13":"product_tag-les-institutions-europeennes","14":"product_tag-letzebuerg-fr","15":"product_tag-luxembourg-ville-fr","16":"product_tag-moderne","17":"product_tag-personnes","18":"product_tag-philharmonie-fr","19":"product_tag-philharmonique","20":"product_tag-photoen","21":"product_tag-photographie-du-luxembourg","22":"product_tag-photos-du-luxembourg","23":"product_tag-points-de-repere","24":"product_tag-rue","25":"product_tag-ville-de-luxembourg","26":"product_shipping_class-imprimes","28":"first","29":"instock","30":"taxable","31":"shipping-taxable","32":"purchasable","33":"product-type-variable"},"featured_image_urls_v2":{"full":["https:\/\/photographer.lu\/wp-content\/uploads\/2022\/11\/8740-L-VIO-1201-Modern-office-buildings-Luxembourg-Kirchberg.webp",1200,800,false],"thumbnail":["https:\/\/photographer.lu\/wp-content\/uploads\/2022\/11\/8740-L-VIO-1201-Modern-office-buildings-Luxembourg-Kirchberg-550x367.webp",550,367,true],"medium":["https:\/\/photographer.lu\/wp-content\/uploads\/2022\/11\/8740-L-VIO-1201-Modern-office-buildings-Luxembourg-Kirchberg-300x200.webp",300,200,true],"medium_large":["https:\/\/photographer.lu\/wp-content\/uploads\/2022\/11\/8740-L-VIO-1201-Modern-office-buildings-Luxembourg-Kirchberg-768x512.webp",768,512,true],"large":["https:\/\/photographer.lu\/wp-content\/uploads\/2022\/11\/8740-L-VIO-1201-Modern-office-buildings-Luxembourg-Kirchberg.webp",1200,800,false],"1536x1536":["https:\/\/photographer.lu\/wp-content\/uploads\/2022\/11\/8740-L-VIO-1201-Modern-office-buildings-Luxembourg-Kirchberg.webp",1200,800,false],"2048x2048":["https:\/\/photographer.lu\/wp-content\/uploads\/2022\/11\/8740-L-VIO-1201-Modern-office-buildings-Luxembourg-Kirchberg.webp",1200,800,false],"woocommerce_archive_thumbnail":["https:\/\/photographer.lu\/wp-content\/uploads\/2022\/11\/8740-L-VIO-1201-Modern-office-buildings-Luxembourg-Kirchberg-600x400.webp",600,400,true],"mailpoet_newsletter_max":["https:\/\/photographer.lu\/wp-content\/uploads\/2022\/11\/8740-L-VIO-1201-Modern-office-buildings-Luxembourg-Kirchberg.webp",1200,800,false],"woocommerce_thumbnail":["https:\/\/photographer.lu\/wp-content\/uploads\/2022\/11\/8740-L-VIO-1201-Modern-office-buildings-Luxembourg-Kirchberg-600x400.webp",600,400,true],"woocommerce_single":["https:\/\/photographer.lu\/wp-content\/uploads\/2022\/11\/8740-L-VIO-1201-Modern-office-buildings-Luxembourg-Kirchberg.webp",1200,800,false],"woocommerce_gallery_thumbnail":["https:\/\/photographer.lu\/wp-content\/uploads\/2022\/11\/8740-L-VIO-1201-Modern-office-buildings-Luxembourg-Kirchberg-120x120.webp",120,120,true],"jetpack-portfolio-admin-thumb":["https:\/\/photographer.lu\/wp-content\/uploads\/2022\/11\/8740-L-VIO-1201-Modern-office-buildings-Luxembourg-Kirchberg-50x50.webp",50,50,true]},"post_excerpt_stackable_v2":"<p>Personnes passant devant la Philharmonie dans le quartier europ\u00e9en du Kirchberg, ville de Luxembourg.<\/p>\n<p><img decoding=\"async\" class=\"alignnone size-full wp-image-22578\" src=\"https:\/\/photographer.lu\/wp-content\/uploads\/2022\/10\/payment-methods-luxembourg.webp\" alt=\"les m\u00e9thodes de paiement\" width=\"581\" height=\"40\" srcset=\"https:\/\/photographer.lu\/wp-content\/uploads\/2022\/10\/payment-methods-luxembourg.webp 581w, https:\/\/photographer.lu\/wp-content\/uploads\/2022\/10\/payment-methods-luxembourg-300x21.webp 300w, https:\/\/photographer.lu\/wp-content\/uploads\/2022\/10\/payment-methods-luxembourg-550x38.webp 550w\" sizes=\"(max-width: 581px) 100vw, 581px\" \/><\/p>\n","category_list_v2":"","author_info_v2":{"name":"","url":""},"comments_num_v2":"0 commentaire","acf":[],"jetpack_sharing_enabled":true,"_links":{"self":[{"href":"https:\/\/photographer.lu\/fr\/wp-json\/wp\/v2\/product\/26104","targetHints":{"allow":["GET"]}}],"collection":[{"href":"https:\/\/photographer.lu\/fr\/wp-json\/wp\/v2\/product"}],"about":[{"href":"https:\/\/photographer.lu\/fr\/wp-json\/wp\/v2\/types\/product"}],"replies":[{"embeddable":true,"href":"https:\/\/photographer.lu\/fr\/wp-json\/wp\/v2\/comments?post=26104"}],"wp:featuredmedia":[{"embeddable":true,"href":"https:\/\/photographer.lu\/fr\/wp-json\/wp\/v2\/media\/23780"}],"wp:attachment":[{"href":"https:\/\/photographer.lu\/fr\/wp-json\/wp\/v2\/media?parent=26104"}],"wp:term":[{"taxonomy":"product_brand","embeddable":true,"href":"https:\/\/photographer.lu\/fr\/wp-json\/wp\/v2\/product_brand?post=26104"},{"taxonomy":"product_cat","embeddable":true,"href":"https:\/\/photographer.lu\/fr\/wp-json\/wp\/v2\/product_cat?post=26104"},{"taxonomy":"product_tag","embeddable":true,"href":"https:\/\/photographer.lu\/fr\/wp-json\/wp\/v2\/product_tag?post=26104"}],"curies":[{"name":"wp","href":"https:\/\/api.w.org\/{rel}","templated":true}]}}