{"id":26444,"date":"2022-11-23T18:45:53","date_gmt":"2022-11-23T18:45:53","guid":{"rendered":"https:\/\/photographer.lu\/?post_type=product&#038;p=26444"},"modified":"2023-09-27T22:09:06","modified_gmt":"2023-09-27T22:09:06","slug":"lumieres-fetes-dans-la-ville-de-luxembourg","status":"publish","type":"product","link":"https:\/\/photographer.lu\/fr\/photo\/lumieres-fetes-dans-la-ville-de-luxembourg\/","title":{"rendered":"Lumi\u00e8res festives dans la ville de Luxembourg"},"content":{"rendered":"<p>Photo <span style=\"color: #339966;\">commerciale<\/span> des lumi\u00e8res de No\u00ebl et du Nouvel An dans la ville de Luxembourg. Vue vers la Place de la Constitution avec la statue de la Dame d&rsquo;Or (Gelle Fra) et la Cath\u00e9drale Notre Dame pendant la nuit avec des arbres de f\u00eate. Effet de zoom optique dans l&rsquo;appareil photo.<\/p>\n<p>Cette image est disponible sous licence en t\u00e9l\u00e9chargement num\u00e9rique.<\/p>\n<p>Des tirages limit\u00e9s et des tirages libres sont disponibles.<\/p>\n","protected":false},"excerpt":{"rendered":"<p>Lumi\u00e8res de No\u00ebl et du Nouvel An dans la ville de Luxembourg<\/p>\n<p><img decoding=\"async\" class=\"alignnone size-full wp-image-22578\" src=\"https:\/\/photographer.lu\/wp-content\/uploads\/2022\/10\/payment-methods-luxembourg.webp\" alt=\"les m\u00e9thodes de paiement\" width=\"581\" height=\"40\" srcset=\"https:\/\/photographer.lu\/wp-content\/uploads\/2022\/10\/payment-methods-luxembourg.webp 581w, https:\/\/photographer.lu\/wp-content\/uploads\/2022\/10\/payment-methods-luxembourg-300x21.webp 300w, https:\/\/photographer.lu\/wp-content\/uploads\/2022\/10\/payment-methods-luxembourg-550x38.webp 550w\" sizes=\"(max-width: 581px) 100vw, 581px\" \/><\/p>\n","protected":false},"featured_media":23852,"comment_status":"closed","ping_status":"closed","template":"","meta":{"pgc_sgb_lightbox_settings":""},"product_brand":[],"product_cat":[703,702],"product_tag":[817,740,856,1081,1299,855,1086,714,705,715,838,1332,1331,1143,1078,743,1333,824,717,826,737,713,711,1082,712],"class_list":{"0":"post-26444","1":"product","2":"type-product","3":"status-publish","4":"has-post-thumbnail","6":"product_cat-luxembourg-images-fr","7":"product_cat-tirages-dart","8":"product_tag-architecture-fr","9":"product_tag-cathedrale","10":"product_tag-dame-dor","11":"product_tag-festif","12":"product_tag-fotos-fr","13":"product_tag-gelle-fra-fr","14":"product_tag-hiver","15":"product_tag-images-du-luxembourg","16":"product_tag-imprime","17":"product_tag-letzebuerg-fr","18":"product_tag-lumieres","19":"product_tag-lumieres-de-fete","20":"product_tag-lumieres-de-noel","21":"product_tag-luxembourg-ville-fr","22":"product_tag-noel","23":"product_tag-notre-dame-fr","24":"product_tag-nouvelle-annee","25":"product_tag-nuit","26":"product_tag-photoen","27":"product_tag-photographie-de-nuit","28":"product_tag-photographie-du-luxembourg","29":"product_tag-photos-du-luxembourg","30":"product_tag-points-de-repere","31":"product_tag-vacances","32":"product_tag-ville-de-luxembourg","33":"product_shipping_class-imprimes","35":"first","36":"instock","37":"taxable","38":"shipping-taxable","39":"purchasable","40":"product-type-variable"},"featured_image_urls_v2":{"full":["https:\/\/photographer.lu\/wp-content\/uploads\/2022\/11\/8755-L-VIO-8449-Luxembourg-city-festive-lights-Christmas-New-Year.webp",1200,800,false],"thumbnail":["https:\/\/photographer.lu\/wp-content\/uploads\/2022\/11\/8755-L-VIO-8449-Luxembourg-city-festive-lights-Christmas-New-Year-550x367.webp",550,367,true],"medium":["https:\/\/photographer.lu\/wp-content\/uploads\/2022\/11\/8755-L-VIO-8449-Luxembourg-city-festive-lights-Christmas-New-Year-300x200.webp",300,200,true],"medium_large":["https:\/\/photographer.lu\/wp-content\/uploads\/2022\/11\/8755-L-VIO-8449-Luxembourg-city-festive-lights-Christmas-New-Year-768x512.webp",768,512,true],"large":["https:\/\/photographer.lu\/wp-content\/uploads\/2022\/11\/8755-L-VIO-8449-Luxembourg-city-festive-lights-Christmas-New-Year.webp",1200,800,false],"1536x1536":["https:\/\/photographer.lu\/wp-content\/uploads\/2022\/11\/8755-L-VIO-8449-Luxembourg-city-festive-lights-Christmas-New-Year.webp",1200,800,false],"2048x2048":["https:\/\/photographer.lu\/wp-content\/uploads\/2022\/11\/8755-L-VIO-8449-Luxembourg-city-festive-lights-Christmas-New-Year.webp",1200,800,false],"woocommerce_archive_thumbnail":["https:\/\/photographer.lu\/wp-content\/uploads\/2022\/11\/8755-L-VIO-8449-Luxembourg-city-festive-lights-Christmas-New-Year-600x400.webp",600,400,true],"mailpoet_newsletter_max":["https:\/\/photographer.lu\/wp-content\/uploads\/2022\/11\/8755-L-VIO-8449-Luxembourg-city-festive-lights-Christmas-New-Year.webp",1200,800,false],"woocommerce_thumbnail":["https:\/\/photographer.lu\/wp-content\/uploads\/2022\/11\/8755-L-VIO-8449-Luxembourg-city-festive-lights-Christmas-New-Year-600x400.webp",600,400,true],"woocommerce_single":["https:\/\/photographer.lu\/wp-content\/uploads\/2022\/11\/8755-L-VIO-8449-Luxembourg-city-festive-lights-Christmas-New-Year.webp",1200,800,false],"woocommerce_gallery_thumbnail":["https:\/\/photographer.lu\/wp-content\/uploads\/2022\/11\/8755-L-VIO-8449-Luxembourg-city-festive-lights-Christmas-New-Year-120x120.webp",120,120,true],"jetpack-portfolio-admin-thumb":["https:\/\/photographer.lu\/wp-content\/uploads\/2022\/11\/8755-L-VIO-8449-Luxembourg-city-festive-lights-Christmas-New-Year-50x50.webp",50,50,true]},"post_excerpt_stackable_v2":"<p>Lumi\u00e8res de No\u00ebl et du Nouvel An dans la ville de Luxembourg<\/p>\n<p><img decoding=\"async\" class=\"alignnone size-full wp-image-22578\" src=\"https:\/\/photographer.lu\/wp-content\/uploads\/2022\/10\/payment-methods-luxembourg.webp\" alt=\"les m\u00e9thodes de paiement\" width=\"581\" height=\"40\" srcset=\"https:\/\/photographer.lu\/wp-content\/uploads\/2022\/10\/payment-methods-luxembourg.webp 581w, https:\/\/photographer.lu\/wp-content\/uploads\/2022\/10\/payment-methods-luxembourg-300x21.webp 300w, https:\/\/photographer.lu\/wp-content\/uploads\/2022\/10\/payment-methods-luxembourg-550x38.webp 550w\" sizes=\"(max-width: 581px) 100vw, 581px\" \/><\/p>\n","category_list_v2":"","author_info_v2":{"name":"","url":""},"comments_num_v2":"0 commentaire","acf":[],"jetpack_sharing_enabled":true,"_links":{"self":[{"href":"https:\/\/photographer.lu\/fr\/wp-json\/wp\/v2\/product\/26444","targetHints":{"allow":["GET"]}}],"collection":[{"href":"https:\/\/photographer.lu\/fr\/wp-json\/wp\/v2\/product"}],"about":[{"href":"https:\/\/photographer.lu\/fr\/wp-json\/wp\/v2\/types\/product"}],"replies":[{"embeddable":true,"href":"https:\/\/photographer.lu\/fr\/wp-json\/wp\/v2\/comments?post=26444"}],"wp:featuredmedia":[{"embeddable":true,"href":"https:\/\/photographer.lu\/fr\/wp-json\/wp\/v2\/media\/23852"}],"wp:attachment":[{"href":"https:\/\/photographer.lu\/fr\/wp-json\/wp\/v2\/media?parent=26444"}],"wp:term":[{"taxonomy":"product_brand","embeddable":true,"href":"https:\/\/photographer.lu\/fr\/wp-json\/wp\/v2\/product_brand?post=26444"},{"taxonomy":"product_cat","embeddable":true,"href":"https:\/\/photographer.lu\/fr\/wp-json\/wp\/v2\/product_cat?post=26444"},{"taxonomy":"product_tag","embeddable":true,"href":"https:\/\/photographer.lu\/fr\/wp-json\/wp\/v2\/product_tag?post=26444"}],"curies":[{"name":"wp","href":"https:\/\/api.w.org\/{rel}","templated":true}]}}