{"id":27048,"date":"2022-11-30T12:57:10","date_gmt":"2022-11-30T12:57:10","guid":{"rendered":"https:\/\/photographer.lu\/?post_type=product&#038;p=27048"},"modified":"2023-02-02T00:17:11","modified_gmt":"2023-02-02T00:17:11","slug":"paiement-250","status":"publish","type":"product","link":"https:\/\/photographer.lu\/fr\/photo\/paiement-250\/","title":{"rendered":"Paiement 250"},"content":{"rendered":"<p>Paiement de 250 E.<\/p>\n","protected":false},"excerpt":{"rendered":"<p>Paiement de 250E, TVA comprise. Si vous avez re\u00e7u une facture de 250 euros de ma part, vous pouvez payer ici avec diff\u00e9rents modes de paiement. Ajoutez au panier et passez \u00e0 la caisse pour le paiement.<\/p>\n<p><img decoding=\"async\" class=\"alignnone size-full wp-image-22578\" src=\"https:\/\/photographer.lu\/wp-content\/uploads\/2022\/10\/payment-methods-luxembourg.webp\" alt=\"les m\u00e9thodes de paiement\" width=\"581\" height=\"40\" srcset=\"https:\/\/photographer.lu\/wp-content\/uploads\/2022\/10\/payment-methods-luxembourg.webp 581w, https:\/\/photographer.lu\/wp-content\/uploads\/2022\/10\/payment-methods-luxembourg-300x21.webp 300w, https:\/\/photographer.lu\/wp-content\/uploads\/2022\/10\/payment-methods-luxembourg-550x38.webp 550w\" sizes=\"(max-width: 581px) 100vw, 581px\" \/><\/p>\n","protected":false},"featured_media":17255,"comment_status":"closed","ping_status":"closed","template":"","meta":{"pgc_sgb_lightbox_settings":""},"product_brand":[],"product_cat":[702],"product_tag":[],"class_list":{"0":"post-27048","1":"product","2":"type-product","3":"status-publish","4":"has-post-thumbnail","6":"product_cat-tirages-dart","8":"first","9":"instock","10":"virtual","11":"taxable","12":"purchasable","13":"product-type-simple"},"featured_image_urls_v2":{"full":["https:\/\/photographer.lu\/wp-content\/uploads\/2022\/09\/interior-architecture-photographer-luxembourg_0072_.webp",1400,860,false],"thumbnail":["https:\/\/photographer.lu\/wp-content\/uploads\/2022\/09\/interior-architecture-photographer-luxembourg_0072_-550x338.webp",550,338,true],"medium":["https:\/\/photographer.lu\/wp-content\/uploads\/2022\/09\/interior-architecture-photographer-luxembourg_0072_-300x184.webp",300,184,true],"medium_large":["https:\/\/photographer.lu\/wp-content\/uploads\/2022\/09\/interior-architecture-photographer-luxembourg_0072_-768x472.webp",768,472,true],"large":["https:\/\/photographer.lu\/wp-content\/uploads\/2022\/09\/interior-architecture-photographer-luxembourg_0072_-1200x737.webp",1200,737,true],"1536x1536":["https:\/\/photographer.lu\/wp-content\/uploads\/2022\/09\/interior-architecture-photographer-luxembourg_0072_.webp",1400,860,false],"2048x2048":["https:\/\/photographer.lu\/wp-content\/uploads\/2022\/09\/interior-architecture-photographer-luxembourg_0072_.webp",1400,860,false],"woocommerce_archive_thumbnail":["https:\/\/photographer.lu\/wp-content\/uploads\/2022\/09\/interior-architecture-photographer-luxembourg_0072_-600x369.webp",600,369,true],"mailpoet_newsletter_max":["https:\/\/photographer.lu\/wp-content\/uploads\/2022\/09\/interior-architecture-photographer-luxembourg_0072_-1320x811.webp",1320,811,true],"woocommerce_thumbnail":["https:\/\/photographer.lu\/wp-content\/uploads\/2022\/09\/interior-architecture-photographer-luxembourg_0072_-600x369.webp",600,369,true],"woocommerce_single":["https:\/\/photographer.lu\/wp-content\/uploads\/2022\/09\/interior-architecture-photographer-luxembourg_0072_-1200x737.webp",1200,737,true],"woocommerce_gallery_thumbnail":["https:\/\/photographer.lu\/wp-content\/uploads\/2022\/09\/interior-architecture-photographer-luxembourg_0072_-120x120.webp",120,120,true],"jetpack-portfolio-admin-thumb":["https:\/\/photographer.lu\/wp-content\/uploads\/2022\/09\/interior-architecture-photographer-luxembourg_0072_-50x50.webp",50,50,true]},"post_excerpt_stackable_v2":"<p>Paiement de 250E, TVA comprise. Si vous avez re\u00e7u une facture de 250 euros de ma part, vous pouvez payer ici avec diff\u00e9rents modes de paiement. Ajoutez au panier et passez \u00e0 la caisse pour le paiement.<\/p>\n<p><img decoding=\"async\" class=\"alignnone size-full wp-image-22578\" src=\"https:\/\/photographer.lu\/wp-content\/uploads\/2022\/10\/payment-methods-luxembourg.webp\" alt=\"les m\u00e9thodes de paiement\" width=\"581\" height=\"40\" srcset=\"https:\/\/photographer.lu\/wp-content\/uploads\/2022\/10\/payment-methods-luxembourg.webp 581w, https:\/\/photographer.lu\/wp-content\/uploads\/2022\/10\/payment-methods-luxembourg-300x21.webp 300w, https:\/\/photographer.lu\/wp-content\/uploads\/2022\/10\/payment-methods-luxembourg-550x38.webp 550w\" sizes=\"(max-width: 581px) 100vw, 581px\" \/><\/p>\n","category_list_v2":"","author_info_v2":{"name":"","url":""},"comments_num_v2":"0 commentaire","acf":[],"jetpack_sharing_enabled":true,"_links":{"self":[{"href":"https:\/\/photographer.lu\/fr\/wp-json\/wp\/v2\/product\/27048","targetHints":{"allow":["GET"]}}],"collection":[{"href":"https:\/\/photographer.lu\/fr\/wp-json\/wp\/v2\/product"}],"about":[{"href":"https:\/\/photographer.lu\/fr\/wp-json\/wp\/v2\/types\/product"}],"replies":[{"embeddable":true,"href":"https:\/\/photographer.lu\/fr\/wp-json\/wp\/v2\/comments?post=27048"}],"wp:featuredmedia":[{"embeddable":true,"href":"https:\/\/photographer.lu\/fr\/wp-json\/wp\/v2\/media\/17255"}],"wp:attachment":[{"href":"https:\/\/photographer.lu\/fr\/wp-json\/wp\/v2\/media?parent=27048"}],"wp:term":[{"taxonomy":"product_brand","embeddable":true,"href":"https:\/\/photographer.lu\/fr\/wp-json\/wp\/v2\/product_brand?post=27048"},{"taxonomy":"product_cat","embeddable":true,"href":"https:\/\/photographer.lu\/fr\/wp-json\/wp\/v2\/product_cat?post=27048"},{"taxonomy":"product_tag","embeddable":true,"href":"https:\/\/photographer.lu\/fr\/wp-json\/wp\/v2\/product_tag?post=27048"}],"curies":[{"name":"wp","href":"https:\/\/api.w.org\/{rel}","templated":true}]}}