{"id":27096,"date":"2022-11-30T13:45:42","date_gmt":"2022-11-30T13:45:42","guid":{"rendered":"https:\/\/photographer.lu\/?post_type=product&#038;p=27096"},"modified":"2023-11-19T21:24:35","modified_gmt":"2023-11-19T21:24:35","slug":"luxembourg-greeting-cards-set-merry-christmas","status":"publish","type":"product","link":"https:\/\/photographer.lu\/fr\/photo\/luxembourg-greeting-cards-set-merry-christmas\/","title":{"rendered":"Ensemble de cartes de v\u0153ux luxembourgeoises Joyeux No\u00ebl"},"content":{"rendered":"<p><strong>Cartes de v\u0153ux luxembourgeoises<\/strong> au format A5 (15\u00d721 cm) avec un <strong>message de joyeux No\u00ebl<\/strong> inscrit sur la couverture int\u00e9rieure. La couverture avant est ma propre photo d&rsquo;un arbre de No\u00ebl dans la ville de Luxembourg, tandis que l&rsquo;int\u00e9rieur pr\u00e9sente le march\u00e9 de No\u00ebl de la ville de Luxembourg. Le message \u00ab\u00a0Joyeux No\u00ebl\u00a0\u00bb est \u00e9crit dans de nombreuses langues diff\u00e9rentes : luxembourgeois, anglais, portugais, fran\u00e7ais, allemand, grec, hongrois, roumain, italien, polonais et espagnol.<\/p>\n<p>Il est accompagn\u00e9 d&rsquo;une enveloppe bleue ou rouge (selon la disponibilit\u00e9) avec int\u00e9rieur blanc ou dor\u00e9 (selon la disponibilit\u00e9), pr\u00eate \u00e0 \u00eatre offerte \u00e0 vos proches.<\/p>\n","protected":false},"excerpt":{"rendered":"<p><strong>Cartes de v\u0153ux luxembourgeoises<\/strong> au format A5 (15\u00d721 cm) avec le <strong>message \u00ab\u00a0Joyeux No\u00ebl<\/strong> \u00a0\u00bb \u00e9crit \u00e0 l&rsquo;int\u00e9rieur de la couverture. La couverture repr\u00e9sente ma photo de l&rsquo;arbre de No\u00ebl de la ville de Luxembourg, tandis que l&rsquo;int\u00e9rieur est consacr\u00e9 au march\u00e9 de No\u00ebl. Le message de joyeux No\u00ebl est \u00e9crit en plusieurs langues : luxembourgeois, anglais, portugais, fran\u00e7ais, allemand, grec, hongrois, roumain, italien, polonais et espagnol.<\/p>\n<p>Il est accompagn\u00e9 d&rsquo;une enveloppe bleue ou rouge (selon la disponibilit\u00e9) avec un int\u00e9rieur blanc ou dor\u00e9 (selon la disponibilit\u00e9).<\/p>\n","protected":false},"featured_media":27166,"comment_status":"open","ping_status":"closed","template":"","meta":{"pgc_sgb_lightbox_settings":""},"product_brand":[],"product_cat":[627],"product_tag":[1035,1354,1078],"class_list":{"0":"post-27096","1":"product","2":"type-product","3":"status-publish","4":"has-post-thumbnail","6":"product_cat-cadeaux-luxembourgeois","7":"product_tag-cadeaux","8":"product_tag-cartes-de-voeux","9":"product_tag-noel","10":"product_shipping_class-calendriers","12":"first","13":"outofstock","14":"taxable","15":"shipping-taxable","16":"purchasable","17":"product-type-variable","18":"has-default-attributes"},"featured_image_urls_v2":{"full":["https:\/\/photographer.lu\/wp-content\/uploads\/2022\/09\/Luxembourg-greeting-card-merry-christmas_new-cover.webp",1200,800,false],"thumbnail":["https:\/\/photographer.lu\/wp-content\/uploads\/2022\/09\/Luxembourg-greeting-card-merry-christmas_new-cover.webp",550,367,false],"medium":["https:\/\/photographer.lu\/wp-content\/uploads\/2022\/09\/Luxembourg-greeting-card-merry-christmas_new-cover.webp",300,200,false],"medium_large":["https:\/\/photographer.lu\/wp-content\/uploads\/2022\/09\/Luxembourg-greeting-card-merry-christmas_new-cover.webp",768,512,false],"large":["https:\/\/photographer.lu\/wp-content\/uploads\/2022\/09\/Luxembourg-greeting-card-merry-christmas_new-cover.webp",1200,800,false],"1536x1536":["https:\/\/photographer.lu\/wp-content\/uploads\/2022\/09\/Luxembourg-greeting-card-merry-christmas_new-cover.webp",1200,800,false],"2048x2048":["https:\/\/photographer.lu\/wp-content\/uploads\/2022\/09\/Luxembourg-greeting-card-merry-christmas_new-cover.webp",1200,800,false],"woocommerce_archive_thumbnail":["https:\/\/photographer.lu\/wp-content\/uploads\/2022\/09\/Luxembourg-greeting-card-merry-christmas_new-cover-600x400.webp",600,400,true],"mailpoet_newsletter_max":["https:\/\/photographer.lu\/wp-content\/uploads\/2022\/09\/Luxembourg-greeting-card-merry-christmas_new-cover.webp",1200,800,false],"woocommerce_thumbnail":["https:\/\/photographer.lu\/wp-content\/uploads\/2022\/09\/Luxembourg-greeting-card-merry-christmas_new-cover-600x400.webp",600,400,true],"woocommerce_single":["https:\/\/photographer.lu\/wp-content\/uploads\/2022\/09\/Luxembourg-greeting-card-merry-christmas_new-cover.webp",1200,800,false],"woocommerce_gallery_thumbnail":["https:\/\/photographer.lu\/wp-content\/uploads\/2022\/09\/Luxembourg-greeting-card-merry-christmas_new-cover-120x120.webp",120,120,true],"jetpack-portfolio-admin-thumb":["https:\/\/photographer.lu\/wp-content\/uploads\/2022\/09\/Luxembourg-greeting-card-merry-christmas_new-cover.webp",50,33,false]},"post_excerpt_stackable_v2":"<p><strong>Cartes de v\u0153ux luxembourgeoises<\/strong> au format A5 (15\u00d721 cm) avec le <strong>message \u00ab\u00a0Joyeux No\u00ebl<\/strong> \u00a0\u00bb \u00e9crit \u00e0 l&rsquo;int\u00e9rieur de la couverture. La couverture repr\u00e9sente ma photo de l&rsquo;arbre de No\u00ebl de la ville de Luxembourg, tandis que l&rsquo;int\u00e9rieur est consacr\u00e9 au march\u00e9 de No\u00ebl. Le message de joyeux No\u00ebl est \u00e9crit en plusieurs langues : luxembourgeois, anglais, portugais, fran\u00e7ais, allemand, grec, hongrois, roumain, italien, polonais et espagnol.<\/p>\n<p>Il est accompagn\u00e9 d&rsquo;une enveloppe bleue ou rouge (selon la disponibilit\u00e9) avec un int\u00e9rieur blanc ou dor\u00e9 (selon la disponibilit\u00e9).<\/p>\n","category_list_v2":"","author_info_v2":{"name":"","url":""},"comments_num_v2":"0 commentaire","acf":[],"jetpack_sharing_enabled":true,"_links":{"self":[{"href":"https:\/\/photographer.lu\/fr\/wp-json\/wp\/v2\/product\/27096","targetHints":{"allow":["GET"]}}],"collection":[{"href":"https:\/\/photographer.lu\/fr\/wp-json\/wp\/v2\/product"}],"about":[{"href":"https:\/\/photographer.lu\/fr\/wp-json\/wp\/v2\/types\/product"}],"replies":[{"embeddable":true,"href":"https:\/\/photographer.lu\/fr\/wp-json\/wp\/v2\/comments?post=27096"}],"wp:featuredmedia":[{"embeddable":true,"href":"https:\/\/photographer.lu\/fr\/wp-json\/wp\/v2\/media\/27166"}],"wp:attachment":[{"href":"https:\/\/photographer.lu\/fr\/wp-json\/wp\/v2\/media?parent=27096"}],"wp:term":[{"taxonomy":"product_brand","embeddable":true,"href":"https:\/\/photographer.lu\/fr\/wp-json\/wp\/v2\/product_brand?post=27096"},{"taxonomy":"product_cat","embeddable":true,"href":"https:\/\/photographer.lu\/fr\/wp-json\/wp\/v2\/product_cat?post=27096"},{"taxonomy":"product_tag","embeddable":true,"href":"https:\/\/photographer.lu\/fr\/wp-json\/wp\/v2\/product_tag?post=27096"}],"curies":[{"name":"wp","href":"https:\/\/api.w.org\/{rel}","templated":true}]}}