{"id":27143,"date":"2022-11-30T10:00:12","date_gmt":"2022-11-30T10:00:12","guid":{"rendered":"https:\/\/photographer.lu\/?post_type=product&#038;p=27143"},"modified":"2025-01-28T12:13:42","modified_gmt":"2025-01-28T12:13:42","slug":"luxembourg-postcard-collection","status":"publish","type":"product","link":"https:\/\/photographer.lu\/fr\/photo\/luxembourg-postcard-collection\/","title":{"rendered":"Collection de cartes postales du Luxembourg"},"content":{"rendered":"<p>La collection de cartes postales du Luxembourg est un ensemble de 15 cartes postales pr\u00e9sentant des images embl\u00e9matiques du Luxembourg, avec la ville de Luxembourg, Mullerthal, le ch\u00e2teau de Vianden, le lac de la Haute-S\u00fbre et le village de Machtum sur la Moselle luxembourgeoise.<\/p>\n<p>Les cartes postales du Luxembourg de cette collection sont un peu plus grandes que les cartes postales normales, puisqu&rsquo;elles mesurent 17 x 12 cm. Ils sont pr\u00e9sent\u00e9s dans un dossier plat, ce qui en fait un beau cadeau pour vos amis, votre famille ou vos partenaires commerciaux en visite au Luxembourg.<\/p>\n<p>&nbsp;<\/p>\n","protected":false},"excerpt":{"rendered":"<p>Collection de cartes postales du Luxembourg du photographe Vio Dudau, comprenant 15 cartes postales d&rsquo;images embl\u00e9matiques de : la ville de Luxembourg, Mullerthal, le ch\u00e2teau de Vianden, le lac de la Haute-S\u00fbre et la Moselle luxembourgeoise.<\/p>\n<p><img decoding=\"async\" class=\"alignnone wp-image-22578 size-full\" src=\"https:\/\/photographer.lu\/wp-content\/uploads\/2022\/10\/payment-methods-luxembourg.webp\" alt=\"les m\u00e9thodes de paiement\" width=\"581\" height=\"40\" srcset=\"https:\/\/photographer.lu\/wp-content\/uploads\/2022\/10\/payment-methods-luxembourg.webp 581w, https:\/\/photographer.lu\/wp-content\/uploads\/2022\/10\/payment-methods-luxembourg-300x21.webp 300w, https:\/\/photographer.lu\/wp-content\/uploads\/2022\/10\/payment-methods-luxembourg-550x38.webp 550w\" sizes=\"(max-width: 581px) 100vw, 581px\" \/><\/p>\n","protected":false},"featured_media":27145,"comment_status":"open","ping_status":"closed","template":"","meta":{"pgc_sgb_lightbox_settings":""},"product_brand":[],"product_cat":[627],"product_tag":[1035,1356,709,630,712],"class_list":{"0":"post-27143","1":"product","2":"type-product","3":"status-publish","4":"has-post-thumbnail","6":"product_cat-cadeaux-luxembourgeois","7":"product_tag-cadeaux","8":"product_tag-cartes-postales","9":"product_tag-le-grand-duche-de-luxembourg","10":"product_tag-luxembourg-magic-fr","11":"product_tag-ville-de-luxembourg","12":"product_shipping_class-cadeaux","14":"first","15":"outofstock","16":"taxable","17":"shipping-taxable","18":"purchasable","19":"product-type-simple"},"featured_image_urls_v2":{"full":["https:\/\/photographer.lu\/wp-content\/uploads\/2022\/12\/Luxembourg-postcard-collection-photodudau_box.webp",1200,865,false],"thumbnail":["https:\/\/photographer.lu\/wp-content\/uploads\/2022\/12\/Luxembourg-postcard-collection-photodudau_box.webp",550,396,false],"medium":["https:\/\/photographer.lu\/wp-content\/uploads\/2022\/12\/Luxembourg-postcard-collection-photodudau_box.webp",300,216,false],"medium_large":["https:\/\/photographer.lu\/wp-content\/uploads\/2022\/12\/Luxembourg-postcard-collection-photodudau_box.webp",768,554,false],"large":["https:\/\/photographer.lu\/wp-content\/uploads\/2022\/12\/Luxembourg-postcard-collection-photodudau_box.webp",1200,865,false],"1536x1536":["https:\/\/photographer.lu\/wp-content\/uploads\/2022\/12\/Luxembourg-postcard-collection-photodudau_box.webp",1200,865,false],"2048x2048":["https:\/\/photographer.lu\/wp-content\/uploads\/2022\/12\/Luxembourg-postcard-collection-photodudau_box.webp",1200,865,false],"woocommerce_archive_thumbnail":["https:\/\/photographer.lu\/wp-content\/uploads\/2022\/12\/Luxembourg-postcard-collection-photodudau_box-600x433.webp",600,433,true],"mailpoet_newsletter_max":["https:\/\/photographer.lu\/wp-content\/uploads\/2022\/12\/Luxembourg-postcard-collection-photodudau_box.webp",1200,865,false],"woocommerce_thumbnail":["https:\/\/photographer.lu\/wp-content\/uploads\/2022\/12\/Luxembourg-postcard-collection-photodudau_box-600x433.webp",600,433,true],"woocommerce_single":["https:\/\/photographer.lu\/wp-content\/uploads\/2022\/12\/Luxembourg-postcard-collection-photodudau_box.webp",1200,865,false],"woocommerce_gallery_thumbnail":["https:\/\/photographer.lu\/wp-content\/uploads\/2022\/12\/Luxembourg-postcard-collection-photodudau_box-120x120.webp",120,120,true],"jetpack-portfolio-admin-thumb":["https:\/\/photographer.lu\/wp-content\/uploads\/2022\/12\/Luxembourg-postcard-collection-photodudau_box.webp",50,36,false]},"post_excerpt_stackable_v2":"<p>Collection de cartes postales du Luxembourg du photographe Vio Dudau, comprenant 15 cartes postales d&rsquo;images embl\u00e9matiques de : la ville de Luxembourg, Mullerthal, le ch\u00e2teau de Vianden, le lac de la Haute-S\u00fbre et la Moselle luxembourgeoise.<\/p>\n<p><img decoding=\"async\" class=\"alignnone wp-image-22578 size-full\" src=\"https:\/\/photographer.lu\/wp-content\/uploads\/2022\/10\/payment-methods-luxembourg.webp\" alt=\"les m\u00e9thodes de paiement\" width=\"581\" height=\"40\" srcset=\"https:\/\/photographer.lu\/wp-content\/uploads\/2022\/10\/payment-methods-luxembourg.webp 581w, https:\/\/photographer.lu\/wp-content\/uploads\/2022\/10\/payment-methods-luxembourg-300x21.webp 300w, https:\/\/photographer.lu\/wp-content\/uploads\/2022\/10\/payment-methods-luxembourg-550x38.webp 550w\" sizes=\"(max-width: 581px) 100vw, 581px\" \/><\/p>\n","category_list_v2":"","author_info_v2":{"name":"","url":""},"comments_num_v2":"0 commentaire","acf":[],"jetpack_sharing_enabled":true,"_links":{"self":[{"href":"https:\/\/photographer.lu\/fr\/wp-json\/wp\/v2\/product\/27143","targetHints":{"allow":["GET"]}}],"collection":[{"href":"https:\/\/photographer.lu\/fr\/wp-json\/wp\/v2\/product"}],"about":[{"href":"https:\/\/photographer.lu\/fr\/wp-json\/wp\/v2\/types\/product"}],"replies":[{"embeddable":true,"href":"https:\/\/photographer.lu\/fr\/wp-json\/wp\/v2\/comments?post=27143"}],"wp:featuredmedia":[{"embeddable":true,"href":"https:\/\/photographer.lu\/fr\/wp-json\/wp\/v2\/media\/27145"}],"wp:attachment":[{"href":"https:\/\/photographer.lu\/fr\/wp-json\/wp\/v2\/media?parent=27143"}],"wp:term":[{"taxonomy":"product_brand","embeddable":true,"href":"https:\/\/photographer.lu\/fr\/wp-json\/wp\/v2\/product_brand?post=27143"},{"taxonomy":"product_cat","embeddable":true,"href":"https:\/\/photographer.lu\/fr\/wp-json\/wp\/v2\/product_cat?post=27143"},{"taxonomy":"product_tag","embeddable":true,"href":"https:\/\/photographer.lu\/fr\/wp-json\/wp\/v2\/product_tag?post=27143"}],"curies":[{"name":"wp","href":"https:\/\/api.w.org\/{rel}","templated":true}]}}