{"id":28110,"date":"2022-12-30T00:25:12","date_gmt":"2022-12-30T00:25:12","guid":{"rendered":"https:\/\/photographer.lu\/?post_type=product&#038;p=28110"},"modified":"2023-09-24T20:08:05","modified_gmt":"2023-09-24T20:08:05","slug":"quartier-daffaires-luxembourg-ville","status":"publish","type":"product","link":"https:\/\/photographer.lu\/fr\/photo\/quartier-daffaires-luxembourg-ville\/","title":{"rendered":"Quartier d&rsquo;affaires \u00e0 Luxembourg-ville"},"content":{"rendered":"<p>Photo <span style=\"color: #339966;\">commerciale<\/span> d&rsquo;une sc\u00e8ne d&rsquo;affaires dans le quartier europ\u00e9en du Kirchberg, ville de Luxembourg : homme courant devant des immeubles de bureaux modernes en verre et acier et la sculpture Bird Cage.<\/p>\n<p>Cette image est disponible sous licence en t\u00e9l\u00e9chargement num\u00e9rique.<\/p>\n<p>Des tirages limit\u00e9s et des tirages libres sont disponibles.<\/p>\n","protected":false},"excerpt":{"rendered":"<p>Sc\u00e8ne \u00e9conomique dans le quartier europ\u00e9en du Kirchberg<\/p>\n<p><img decoding=\"async\" class=\"alignnone size-full wp-image-22578\" src=\"https:\/\/photographer.lu\/wp-content\/uploads\/2022\/10\/payment-methods-luxembourg.webp\" alt=\"les m\u00e9thodes de paiement\" width=\"581\" height=\"40\" srcset=\"https:\/\/photographer.lu\/wp-content\/uploads\/2022\/10\/payment-methods-luxembourg.webp 581w, https:\/\/photographer.lu\/wp-content\/uploads\/2022\/10\/payment-methods-luxembourg-300x21.webp 300w, https:\/\/photographer.lu\/wp-content\/uploads\/2022\/10\/payment-methods-luxembourg-550x38.webp 550w\" sizes=\"(max-width: 581px) 100vw, 581px\" \/><\/p>\n","protected":false},"featured_media":27347,"comment_status":"closed","ping_status":"closed","template":"","meta":{"pgc_sgb_lightbox_settings":""},"product_brand":[],"product_cat":[703],"product_tag":[817,739,1022,1299,714,1027,1025,715,1143,1026,1365,717,737,713,1231,741,712],"class_list":{"0":"post-28110","1":"product","2":"type-product","3":"status-publish","4":"has-post-thumbnail","6":"product_cat-luxembourg-images-fr","7":"product_tag-architecture-fr","8":"product_tag-capital-fr","9":"product_tag-entreprise","10":"product_tag-fotos-fr","11":"product_tag-images-du-luxembourg","12":"product_tag-immeubles-de-bureaux","13":"product_tag-kirchberg-fr","14":"product_tag-letzebuerg-fr","15":"product_tag-luxembourg-ville-fr","16":"product_tag-moderne","17":"product_tag-nouveau","18":"product_tag-photoen","19":"product_tag-photographie-du-luxembourg","20":"product_tag-photos-du-luxembourg","21":"product_tag-rue","22":"product_tag-ville","23":"product_tag-ville-de-luxembourg","24":"product_shipping_class-imprimes","26":"first","27":"instock","28":"taxable","29":"shipping-taxable","30":"purchasable","31":"product-type-variable"},"featured_image_urls_v2":{"full":["https:\/\/photographer.lu\/wp-content\/uploads\/2022\/12\/8762-L-VIO-9333-Luxembourg-business-quarter.webp",1200,800,false],"thumbnail":["https:\/\/photographer.lu\/wp-content\/uploads\/2022\/12\/8762-L-VIO-9333-Luxembourg-business-quarter-550x367.webp",550,367,true],"medium":["https:\/\/photographer.lu\/wp-content\/uploads\/2022\/12\/8762-L-VIO-9333-Luxembourg-business-quarter-300x200.webp",300,200,true],"medium_large":["https:\/\/photographer.lu\/wp-content\/uploads\/2022\/12\/8762-L-VIO-9333-Luxembourg-business-quarter-768x512.webp",768,512,true],"large":["https:\/\/photographer.lu\/wp-content\/uploads\/2022\/12\/8762-L-VIO-9333-Luxembourg-business-quarter.webp",1200,800,false],"1536x1536":["https:\/\/photographer.lu\/wp-content\/uploads\/2022\/12\/8762-L-VIO-9333-Luxembourg-business-quarter.webp",1200,800,false],"2048x2048":["https:\/\/photographer.lu\/wp-content\/uploads\/2022\/12\/8762-L-VIO-9333-Luxembourg-business-quarter.webp",1200,800,false],"woocommerce_archive_thumbnail":["https:\/\/photographer.lu\/wp-content\/uploads\/2022\/12\/8762-L-VIO-9333-Luxembourg-business-quarter-600x400.webp",600,400,true],"mailpoet_newsletter_max":["https:\/\/photographer.lu\/wp-content\/uploads\/2022\/12\/8762-L-VIO-9333-Luxembourg-business-quarter.webp",1200,800,false],"woocommerce_thumbnail":["https:\/\/photographer.lu\/wp-content\/uploads\/2022\/12\/8762-L-VIO-9333-Luxembourg-business-quarter-600x400.webp",600,400,true],"woocommerce_single":["https:\/\/photographer.lu\/wp-content\/uploads\/2022\/12\/8762-L-VIO-9333-Luxembourg-business-quarter.webp",1200,800,false],"woocommerce_gallery_thumbnail":["https:\/\/photographer.lu\/wp-content\/uploads\/2022\/12\/8762-L-VIO-9333-Luxembourg-business-quarter-120x120.webp",120,120,true],"jetpack-portfolio-admin-thumb":["https:\/\/photographer.lu\/wp-content\/uploads\/2022\/12\/8762-L-VIO-9333-Luxembourg-business-quarter-50x50.webp",50,50,true]},"post_excerpt_stackable_v2":"<p>Sc\u00e8ne \u00e9conomique dans le quartier europ\u00e9en du Kirchberg<\/p>\n<p><img decoding=\"async\" class=\"alignnone size-full wp-image-22578\" src=\"https:\/\/photographer.lu\/wp-content\/uploads\/2022\/10\/payment-methods-luxembourg.webp\" alt=\"les m\u00e9thodes de paiement\" width=\"581\" height=\"40\" srcset=\"https:\/\/photographer.lu\/wp-content\/uploads\/2022\/10\/payment-methods-luxembourg.webp 581w, https:\/\/photographer.lu\/wp-content\/uploads\/2022\/10\/payment-methods-luxembourg-300x21.webp 300w, https:\/\/photographer.lu\/wp-content\/uploads\/2022\/10\/payment-methods-luxembourg-550x38.webp 550w\" sizes=\"(max-width: 581px) 100vw, 581px\" \/><\/p>\n","category_list_v2":"","author_info_v2":{"name":"","url":""},"comments_num_v2":"0 commentaire","acf":[],"jetpack_sharing_enabled":true,"_links":{"self":[{"href":"https:\/\/photographer.lu\/fr\/wp-json\/wp\/v2\/product\/28110","targetHints":{"allow":["GET"]}}],"collection":[{"href":"https:\/\/photographer.lu\/fr\/wp-json\/wp\/v2\/product"}],"about":[{"href":"https:\/\/photographer.lu\/fr\/wp-json\/wp\/v2\/types\/product"}],"replies":[{"embeddable":true,"href":"https:\/\/photographer.lu\/fr\/wp-json\/wp\/v2\/comments?post=28110"}],"wp:featuredmedia":[{"embeddable":true,"href":"https:\/\/photographer.lu\/fr\/wp-json\/wp\/v2\/media\/27347"}],"wp:attachment":[{"href":"https:\/\/photographer.lu\/fr\/wp-json\/wp\/v2\/media?parent=28110"}],"wp:term":[{"taxonomy":"product_brand","embeddable":true,"href":"https:\/\/photographer.lu\/fr\/wp-json\/wp\/v2\/product_brand?post=28110"},{"taxonomy":"product_cat","embeddable":true,"href":"https:\/\/photographer.lu\/fr\/wp-json\/wp\/v2\/product_cat?post=28110"},{"taxonomy":"product_tag","embeddable":true,"href":"https:\/\/photographer.lu\/fr\/wp-json\/wp\/v2\/product_tag?post=28110"}],"curies":[{"name":"wp","href":"https:\/\/api.w.org\/{rel}","templated":true}]}}