{"id":28336,"date":"2022-12-30T00:45:31","date_gmt":"2022-12-30T00:45:31","guid":{"rendered":"https:\/\/photographer.lu\/?post_type=product&#038;p=28336"},"modified":"2023-09-28T01:45:37","modified_gmt":"2023-09-28T01:45:37","slug":"luxembourg-city-skyline-foggy-old-town","status":"publish","type":"product","link":"https:\/\/photographer.lu\/fr\/photo\/luxembourg-city-skyline-foggy-old-town\/","title":{"rendered":"Ligne d&rsquo;horizon de la ville de Luxembourg sur la vieille ville brumeuse"},"content":{"rendered":"<p>Photo <span style=\"color: #339966;\">commerciale<\/span> de la ligne d&rsquo;horizon de la ville de Luxembourg montrant le Grund avec le pont viaduc et l&rsquo;abbaye de Neumunster, le Chemin de la Corniche, la cath\u00e9drale Notre-Dame, l&rsquo;\u00e9glise Saint-Michel, les casemates du Bock et la Dent creuse (Huelen Zant) sur le Montee de Clausen pendant un matin brumeux d&rsquo;automne.<\/p>\n<p>Cette image est disponible sous licence en t\u00e9l\u00e9chargement num\u00e9rique.<\/p>\n<p>Des tirages limit\u00e9s et des tirages libres sont disponibles.<\/p>\n","protected":false},"excerpt":{"rendered":"<p>Ligne d&rsquo;horizon de la ville de Luxembourg montrant les points de rep\u00e8re embl\u00e9matiques du Grund et de la vieille ville brumeuse.<\/p>\n<p><img decoding=\"async\" class=\"alignnone size-full wp-image-22578\" src=\"https:\/\/photographer.lu\/wp-content\/uploads\/2022\/10\/payment-methods-luxembourg.webp\" alt=\"les m\u00e9thodes de paiement\" width=\"581\" height=\"40\" srcset=\"https:\/\/photographer.lu\/wp-content\/uploads\/2022\/10\/payment-methods-luxembourg.webp 581w, https:\/\/photographer.lu\/wp-content\/uploads\/2022\/10\/payment-methods-luxembourg-300x21.webp 300w, https:\/\/photographer.lu\/wp-content\/uploads\/2022\/10\/payment-methods-luxembourg-550x38.webp 550w\" sizes=\"(max-width: 581px) 100vw, 581px\" \/><\/p>\n","protected":false},"featured_media":27395,"comment_status":"closed","ping_status":"closed","template":"","meta":{"pgc_sgb_lightbox_settings":""},"product_brand":[],"product_cat":[703,702],"product_tag":[819,830,817,867,1144,827,829,1145,739,1099,1207,1209,833,1100,731,1299,818,718,714,705,715,736,742,1143,743,732,733,717,744,737,713,711,719,738,1394,1198,730,816,741,712],"class_list":{"0":"post-28336","1":"product","2":"type-product","3":"status-publish","4":"has-post-thumbnail","6":"product_cat-luxembourg-images-fr","7":"product_cat-tirages-dart","8":"product_tag-abbaye-de-neumunster-fr","9":"product_tag-abbaye-de-neumunster-fr-2","10":"product_tag-architecture-fr","11":"product_tag-automne","12":"product_tag-brouillard-fr-2","13":"product_tag-brouillard","14":"product_tag-brouillard-fr","15":"product_tag-brumeux","16":"product_tag-capital-fr","17":"product_tag-casemates-bock","18":"product_tag-center-fr","19":"product_tag-centre-fr","20":"product_tag-centre-ville","21":"product_tag-chemin-de-la-corniche-fr","22":"product_tag-eglises","23":"product_tag-fotos-fr","24":"product_tag-grund-fr","25":"product_tag-iconique","26":"product_tag-images-du-luxembourg","27":"product_tag-imprime","28":"product_tag-letzebuerg-fr","29":"product_tag-ligne-dhorizon","30":"product_tag-luxembourg-fr","31":"product_tag-luxembourg-ville-fr","32":"product_tag-notre-dame-fr","33":"product_tag-paysage-urbain","34":"product_tag-paysages-urbains","35":"product_tag-photoen","36":"product_tag-photographe-luxembourg","37":"product_tag-photographie-du-luxembourg","38":"product_tag-photos-du-luxembourg","39":"product_tag-points-de-repere","40":"product_tag-saisons","41":"product_tag-st-michael-fr","42":"product_tag-st-michel-fr","43":"product_tag-unesco-fr","44":"product_tag-vieille-ville","45":"product_tag-vieux","46":"product_tag-ville","47":"product_tag-ville-de-luxembourg","48":"product_shipping_class-imprimes","50":"first","51":"instock","52":"taxable","53":"shipping-taxable","54":"purchasable","55":"product-type-variable"},"featured_image_urls_v2":{"full":["https:\/\/photographer.lu\/wp-content\/uploads\/2022\/12\/8766-L-VIO-8795-Luxembourg-skyline-cityscape-autumn-foggy-morning-photodudau.webp",1200,800,false],"thumbnail":["https:\/\/photographer.lu\/wp-content\/uploads\/2022\/12\/8766-L-VIO-8795-Luxembourg-skyline-cityscape-autumn-foggy-morning-photodudau-550x367.webp",550,367,true],"medium":["https:\/\/photographer.lu\/wp-content\/uploads\/2022\/12\/8766-L-VIO-8795-Luxembourg-skyline-cityscape-autumn-foggy-morning-photodudau-300x200.webp",300,200,true],"medium_large":["https:\/\/photographer.lu\/wp-content\/uploads\/2022\/12\/8766-L-VIO-8795-Luxembourg-skyline-cityscape-autumn-foggy-morning-photodudau-768x512.webp",768,512,true],"large":["https:\/\/photographer.lu\/wp-content\/uploads\/2022\/12\/8766-L-VIO-8795-Luxembourg-skyline-cityscape-autumn-foggy-morning-photodudau.webp",1200,800,false],"1536x1536":["https:\/\/photographer.lu\/wp-content\/uploads\/2022\/12\/8766-L-VIO-8795-Luxembourg-skyline-cityscape-autumn-foggy-morning-photodudau.webp",1200,800,false],"2048x2048":["https:\/\/photographer.lu\/wp-content\/uploads\/2022\/12\/8766-L-VIO-8795-Luxembourg-skyline-cityscape-autumn-foggy-morning-photodudau.webp",1200,800,false],"woocommerce_archive_thumbnail":["https:\/\/photographer.lu\/wp-content\/uploads\/2022\/12\/8766-L-VIO-8795-Luxembourg-skyline-cityscape-autumn-foggy-morning-photodudau-600x400.webp",600,400,true],"mailpoet_newsletter_max":["https:\/\/photographer.lu\/wp-content\/uploads\/2022\/12\/8766-L-VIO-8795-Luxembourg-skyline-cityscape-autumn-foggy-morning-photodudau.webp",1200,800,false],"woocommerce_thumbnail":["https:\/\/photographer.lu\/wp-content\/uploads\/2022\/12\/8766-L-VIO-8795-Luxembourg-skyline-cityscape-autumn-foggy-morning-photodudau-600x400.webp",600,400,true],"woocommerce_single":["https:\/\/photographer.lu\/wp-content\/uploads\/2022\/12\/8766-L-VIO-8795-Luxembourg-skyline-cityscape-autumn-foggy-morning-photodudau.webp",1200,800,false],"woocommerce_gallery_thumbnail":["https:\/\/photographer.lu\/wp-content\/uploads\/2022\/12\/8766-L-VIO-8795-Luxembourg-skyline-cityscape-autumn-foggy-morning-photodudau-120x120.webp",120,120,true],"jetpack-portfolio-admin-thumb":["https:\/\/photographer.lu\/wp-content\/uploads\/2022\/12\/8766-L-VIO-8795-Luxembourg-skyline-cityscape-autumn-foggy-morning-photodudau-50x50.webp",50,50,true]},"post_excerpt_stackable_v2":"<p>Ligne d&rsquo;horizon de la ville de Luxembourg montrant les points de rep\u00e8re embl\u00e9matiques du Grund et de la vieille ville brumeuse.<\/p>\n<p><img decoding=\"async\" class=\"alignnone size-full wp-image-22578\" src=\"https:\/\/photographer.lu\/wp-content\/uploads\/2022\/10\/payment-methods-luxembourg.webp\" alt=\"les m\u00e9thodes de paiement\" width=\"581\" height=\"40\" srcset=\"https:\/\/photographer.lu\/wp-content\/uploads\/2022\/10\/payment-methods-luxembourg.webp 581w, https:\/\/photographer.lu\/wp-content\/uploads\/2022\/10\/payment-methods-luxembourg-300x21.webp 300w, https:\/\/photographer.lu\/wp-content\/uploads\/2022\/10\/payment-methods-luxembourg-550x38.webp 550w\" sizes=\"(max-width: 581px) 100vw, 581px\" \/><\/p>\n","category_list_v2":"","author_info_v2":{"name":"","url":""},"comments_num_v2":"0 commentaire","acf":[],"jetpack_sharing_enabled":true,"_links":{"self":[{"href":"https:\/\/photographer.lu\/fr\/wp-json\/wp\/v2\/product\/28336","targetHints":{"allow":["GET"]}}],"collection":[{"href":"https:\/\/photographer.lu\/fr\/wp-json\/wp\/v2\/product"}],"about":[{"href":"https:\/\/photographer.lu\/fr\/wp-json\/wp\/v2\/types\/product"}],"replies":[{"embeddable":true,"href":"https:\/\/photographer.lu\/fr\/wp-json\/wp\/v2\/comments?post=28336"}],"wp:featuredmedia":[{"embeddable":true,"href":"https:\/\/photographer.lu\/fr\/wp-json\/wp\/v2\/media\/27395"}],"wp:attachment":[{"href":"https:\/\/photographer.lu\/fr\/wp-json\/wp\/v2\/media?parent=28336"}],"wp:term":[{"taxonomy":"product_brand","embeddable":true,"href":"https:\/\/photographer.lu\/fr\/wp-json\/wp\/v2\/product_brand?post=28336"},{"taxonomy":"product_cat","embeddable":true,"href":"https:\/\/photographer.lu\/fr\/wp-json\/wp\/v2\/product_cat?post=28336"},{"taxonomy":"product_tag","embeddable":true,"href":"https:\/\/photographer.lu\/fr\/wp-json\/wp\/v2\/product_tag?post=28336"}],"curies":[{"name":"wp","href":"https:\/\/api.w.org\/{rel}","templated":true}]}}