{"id":28676,"date":"2023-01-03T09:18:46","date_gmt":"2023-01-03T09:18:46","guid":{"rendered":"https:\/\/photographer.lu\/?post_type=product&#038;p=28676"},"modified":"2023-09-28T03:44:02","modified_gmt":"2023-09-28T03:44:02","slug":"luxembourg-city-landmarks-autumn","status":"publish","type":"product","link":"https:\/\/photographer.lu\/fr\/photo\/luxembourg-city-landmarks-autumn\/","title":{"rendered":"Les rep\u00e8res de la ville de Luxembourg en automne"},"content":{"rendered":"<p>Photo <span style=\"color: #339966;\">commerciale<\/span> de l&rsquo;horizon de la ville de Luxembourg en automne avec des points de rep\u00e8re vus sur la vall\u00e9e de la P\u00e9trusse : Pont Adolphe, Gelle Fra (Dame d&rsquo;or), cath\u00e9drale Notre Dame et drapeau luxembourgeois flottant.<\/p>\n<p>Cette image est disponible sous licence en t\u00e9l\u00e9chargement num\u00e9rique.<\/p>\n<p>Des tirages limit\u00e9s et des tirages libres sont disponibles.<\/p>\n","protected":false},"excerpt":{"rendered":"<p>L&rsquo;horizon de la ville de Luxembourg en automne avec des points de rep\u00e8re sur la vall\u00e9e de la P\u00e9trusse<\/p>\n<p><img decoding=\"async\" class=\"alignnone size-full wp-image-22578\" src=\"https:\/\/photographer.lu\/wp-content\/uploads\/2022\/10\/payment-methods-luxembourg.webp\" alt=\"les m\u00e9thodes de paiement\" width=\"581\" height=\"40\" srcset=\"https:\/\/photographer.lu\/wp-content\/uploads\/2022\/10\/payment-methods-luxembourg.webp 581w, https:\/\/photographer.lu\/wp-content\/uploads\/2022\/10\/payment-methods-luxembourg-300x21.webp 300w, https:\/\/photographer.lu\/wp-content\/uploads\/2022\/10\/payment-methods-luxembourg-550x38.webp 550w\" sizes=\"(max-width: 581px) 100vw, 581px\" \/><\/p>\n","protected":false},"featured_media":27467,"comment_status":"closed","ping_status":"closed","template":"","meta":{"pgc_sgb_lightbox_settings":""},"product_brand":[],"product_cat":[703,702],"product_tag":[817,867,739,740,1207,1209,833,856,731,1299,855,718,837,714,705,715,736,742,1143,743,732,733,1083,717,737,713,711,1167,1412,719,1084,741,712],"class_list":{"0":"post-28676","1":"product","2":"type-product","3":"status-publish","4":"has-post-thumbnail","6":"product_cat-luxembourg-images-fr","7":"product_cat-tirages-dart","8":"product_tag-architecture-fr","9":"product_tag-automne","10":"product_tag-capital-fr","11":"product_tag-cathedrale","12":"product_tag-center-fr","13":"product_tag-centre-fr","14":"product_tag-centre-ville","15":"product_tag-dame-dor","16":"product_tag-eglises","17":"product_tag-fotos-fr","18":"product_tag-gelle-fra-fr","19":"product_tag-iconique","20":"product_tag-illumine","21":"product_tag-images-du-luxembourg","22":"product_tag-imprime","23":"product_tag-letzebuerg-fr","24":"product_tag-ligne-dhorizon","25":"product_tag-luxembourg-fr","26":"product_tag-luxembourg-ville-fr","27":"product_tag-notre-dame-fr","28":"product_tag-paysage-urbain","29":"product_tag-paysages-urbains","30":"product_tag-petrusse-fr","31":"product_tag-photoen","32":"product_tag-photographie-du-luxembourg","33":"product_tag-photos-du-luxembourg","34":"product_tag-points-de-repere","35":"product_tag-pont-adolphe-fr","36":"product_tag-ponts","37":"product_tag-saisons","38":"product_tag-vallee-des-petrus","39":"product_tag-ville","40":"product_tag-ville-de-luxembourg","41":"product_shipping_class-imprimes","43":"first","44":"instock","45":"taxable","46":"shipping-taxable","47":"purchasable","48":"product-type-variable"},"featured_image_urls_v2":{"full":["https:\/\/photographer.lu\/wp-content\/uploads\/2022\/12\/8778-L-VIO-5618-Petrusse-Luxembourg-city-landmarks-autumn.webp",1200,815,false],"thumbnail":["https:\/\/photographer.lu\/wp-content\/uploads\/2022\/12\/8778-L-VIO-5618-Petrusse-Luxembourg-city-landmarks-autumn-550x374.webp",550,374,true],"medium":["https:\/\/photographer.lu\/wp-content\/uploads\/2022\/12\/8778-L-VIO-5618-Petrusse-Luxembourg-city-landmarks-autumn-300x204.webp",300,204,true],"medium_large":["https:\/\/photographer.lu\/wp-content\/uploads\/2022\/12\/8778-L-VIO-5618-Petrusse-Luxembourg-city-landmarks-autumn-768x522.webp",768,522,true],"large":["https:\/\/photographer.lu\/wp-content\/uploads\/2022\/12\/8778-L-VIO-5618-Petrusse-Luxembourg-city-landmarks-autumn.webp",1200,815,false],"1536x1536":["https:\/\/photographer.lu\/wp-content\/uploads\/2022\/12\/8778-L-VIO-5618-Petrusse-Luxembourg-city-landmarks-autumn.webp",1200,815,false],"2048x2048":["https:\/\/photographer.lu\/wp-content\/uploads\/2022\/12\/8778-L-VIO-5618-Petrusse-Luxembourg-city-landmarks-autumn.webp",1200,815,false],"woocommerce_archive_thumbnail":["https:\/\/photographer.lu\/wp-content\/uploads\/2022\/12\/8778-L-VIO-5618-Petrusse-Luxembourg-city-landmarks-autumn-600x408.webp",600,408,true],"mailpoet_newsletter_max":["https:\/\/photographer.lu\/wp-content\/uploads\/2022\/12\/8778-L-VIO-5618-Petrusse-Luxembourg-city-landmarks-autumn.webp",1200,815,false],"woocommerce_thumbnail":["https:\/\/photographer.lu\/wp-content\/uploads\/2022\/12\/8778-L-VIO-5618-Petrusse-Luxembourg-city-landmarks-autumn-600x408.webp",600,408,true],"woocommerce_single":["https:\/\/photographer.lu\/wp-content\/uploads\/2022\/12\/8778-L-VIO-5618-Petrusse-Luxembourg-city-landmarks-autumn.webp",1200,815,false],"woocommerce_gallery_thumbnail":["https:\/\/photographer.lu\/wp-content\/uploads\/2022\/12\/8778-L-VIO-5618-Petrusse-Luxembourg-city-landmarks-autumn-120x120.webp",120,120,true],"jetpack-portfolio-admin-thumb":["https:\/\/photographer.lu\/wp-content\/uploads\/2022\/12\/8778-L-VIO-5618-Petrusse-Luxembourg-city-landmarks-autumn-50x50.webp",50,50,true]},"post_excerpt_stackable_v2":"<p>L&rsquo;horizon de la ville de Luxembourg en automne avec des points de rep\u00e8re sur la vall\u00e9e de la P\u00e9trusse<\/p>\n<p><img decoding=\"async\" class=\"alignnone size-full wp-image-22578\" src=\"https:\/\/photographer.lu\/wp-content\/uploads\/2022\/10\/payment-methods-luxembourg.webp\" alt=\"les m\u00e9thodes de paiement\" width=\"581\" height=\"40\" srcset=\"https:\/\/photographer.lu\/wp-content\/uploads\/2022\/10\/payment-methods-luxembourg.webp 581w, https:\/\/photographer.lu\/wp-content\/uploads\/2022\/10\/payment-methods-luxembourg-300x21.webp 300w, https:\/\/photographer.lu\/wp-content\/uploads\/2022\/10\/payment-methods-luxembourg-550x38.webp 550w\" sizes=\"(max-width: 581px) 100vw, 581px\" \/><\/p>\n","category_list_v2":"","author_info_v2":{"name":"","url":""},"comments_num_v2":"0 commentaire","acf":[],"jetpack_sharing_enabled":true,"_links":{"self":[{"href":"https:\/\/photographer.lu\/fr\/wp-json\/wp\/v2\/product\/28676","targetHints":{"allow":["GET"]}}],"collection":[{"href":"https:\/\/photographer.lu\/fr\/wp-json\/wp\/v2\/product"}],"about":[{"href":"https:\/\/photographer.lu\/fr\/wp-json\/wp\/v2\/types\/product"}],"replies":[{"embeddable":true,"href":"https:\/\/photographer.lu\/fr\/wp-json\/wp\/v2\/comments?post=28676"}],"wp:featuredmedia":[{"embeddable":true,"href":"https:\/\/photographer.lu\/fr\/wp-json\/wp\/v2\/media\/27467"}],"wp:attachment":[{"href":"https:\/\/photographer.lu\/fr\/wp-json\/wp\/v2\/media?parent=28676"}],"wp:term":[{"taxonomy":"product_brand","embeddable":true,"href":"https:\/\/photographer.lu\/fr\/wp-json\/wp\/v2\/product_brand?post=28676"},{"taxonomy":"product_cat","embeddable":true,"href":"https:\/\/photographer.lu\/fr\/wp-json\/wp\/v2\/product_cat?post=28676"},{"taxonomy":"product_tag","embeddable":true,"href":"https:\/\/photographer.lu\/fr\/wp-json\/wp\/v2\/product_tag?post=28676"}],"curies":[{"name":"wp","href":"https:\/\/api.w.org\/{rel}","templated":true}]}}