{"id":29031,"date":"2023-01-04T14:24:48","date_gmt":"2023-01-04T14:24:48","guid":{"rendered":"https:\/\/photographer.lu\/?post_type=product&#038;p=29031"},"modified":"2023-09-28T05:10:38","modified_gmt":"2023-09-28T05:10:38","slug":"cycliste-vallee-ernz","status":"publish","type":"product","link":"https:\/\/photographer.lu\/fr\/photo\/cycliste-vallee-ernz\/","title":{"rendered":"Cycliste dans la Vall\u00e9e de l&rsquo;Ernz"},"content":{"rendered":"<p>Photo <span style=\"color: #339966;\">commerciale<\/span> d&rsquo;un cycliste faisant du v\u00e9lo dans la Vall\u00e9e de l&rsquo;Ernz par un matin brumeux au lever du soleil, au Luxembourg.<\/p>\n<p>Cette image est disponible sous licence en t\u00e9l\u00e9chargement num\u00e9rique.<\/p>\n<p>Des tirages limit\u00e9s et des tirages libres sont disponibles.<\/p>\n","protected":false},"excerpt":{"rendered":"<p>Vall\u00e9e de l&rsquo;Ernz par un matin brumeux au lever du soleil, au Luxembourg<\/p>\n<p><img decoding=\"async\" class=\"alignnone size-full wp-image-22578\" src=\"https:\/\/photographer.lu\/wp-content\/uploads\/2022\/10\/payment-methods-luxembourg.webp\" alt=\"les m\u00e9thodes de paiement\" width=\"581\" height=\"40\" srcset=\"https:\/\/photographer.lu\/wp-content\/uploads\/2022\/10\/payment-methods-luxembourg.webp 581w, https:\/\/photographer.lu\/wp-content\/uploads\/2022\/10\/payment-methods-luxembourg-300x21.webp 300w, https:\/\/photographer.lu\/wp-content\/uploads\/2022\/10\/payment-methods-luxembourg-550x38.webp 550w\" sizes=\"(max-width: 581px) 100vw, 581px\" \/><\/p>\n","protected":false},"featured_media":27539,"comment_status":"closed","ping_status":"closed","template":"","meta":{"pgc_sgb_lightbox_settings":""},"product_brand":[],"product_cat":[703,702],"product_tag":[827,829,1440,1299,714,709,715,708,1230,717,737,713,1441,1281],"class_list":{"0":"post-29031","1":"product","2":"type-product","3":"status-publish","4":"has-post-thumbnail","6":"product_cat-luxembourg-images-fr","7":"product_cat-tirages-dart","8":"product_tag-brouillard","9":"product_tag-brouillard-fr","10":"product_tag-cycliste","11":"product_tag-fotos-fr","12":"product_tag-images-du-luxembourg","13":"product_tag-le-grand-duche-de-luxembourg","14":"product_tag-letzebuerg-fr","15":"product_tag-paysages","16":"product_tag-personnes","17":"product_tag-photoen","18":"product_tag-photographie-du-luxembourg","19":"product_tag-photos-du-luxembourg","20":"product_tag-vallee-de-lernz-fr","21":"product_tag-velo-fr-3","22":"product_shipping_class-imprimes","24":"first","25":"instock","26":"taxable","27":"shipping-taxable","28":"purchasable","29":"product-type-variable"},"featured_image_urls_v2":{"full":["https:\/\/photographer.lu\/wp-content\/uploads\/2022\/12\/8786-L-VIO-9903-Vallee-de-l-Ernz-Luxembourg-cyclist-bike.webp",1200,800,false],"thumbnail":["https:\/\/photographer.lu\/wp-content\/uploads\/2022\/12\/8786-L-VIO-9903-Vallee-de-l-Ernz-Luxembourg-cyclist-bike-550x367.webp",550,367,true],"medium":["https:\/\/photographer.lu\/wp-content\/uploads\/2022\/12\/8786-L-VIO-9903-Vallee-de-l-Ernz-Luxembourg-cyclist-bike-300x200.webp",300,200,true],"medium_large":["https:\/\/photographer.lu\/wp-content\/uploads\/2022\/12\/8786-L-VIO-9903-Vallee-de-l-Ernz-Luxembourg-cyclist-bike-768x512.webp",768,512,true],"large":["https:\/\/photographer.lu\/wp-content\/uploads\/2022\/12\/8786-L-VIO-9903-Vallee-de-l-Ernz-Luxembourg-cyclist-bike.webp",1200,800,false],"1536x1536":["https:\/\/photographer.lu\/wp-content\/uploads\/2022\/12\/8786-L-VIO-9903-Vallee-de-l-Ernz-Luxembourg-cyclist-bike.webp",1200,800,false],"2048x2048":["https:\/\/photographer.lu\/wp-content\/uploads\/2022\/12\/8786-L-VIO-9903-Vallee-de-l-Ernz-Luxembourg-cyclist-bike.webp",1200,800,false],"woocommerce_archive_thumbnail":["https:\/\/photographer.lu\/wp-content\/uploads\/2022\/12\/8786-L-VIO-9903-Vallee-de-l-Ernz-Luxembourg-cyclist-bike-600x400.webp",600,400,true],"mailpoet_newsletter_max":["https:\/\/photographer.lu\/wp-content\/uploads\/2022\/12\/8786-L-VIO-9903-Vallee-de-l-Ernz-Luxembourg-cyclist-bike.webp",1200,800,false],"woocommerce_thumbnail":["https:\/\/photographer.lu\/wp-content\/uploads\/2022\/12\/8786-L-VIO-9903-Vallee-de-l-Ernz-Luxembourg-cyclist-bike-600x400.webp",600,400,true],"woocommerce_single":["https:\/\/photographer.lu\/wp-content\/uploads\/2022\/12\/8786-L-VIO-9903-Vallee-de-l-Ernz-Luxembourg-cyclist-bike.webp",1200,800,false],"woocommerce_gallery_thumbnail":["https:\/\/photographer.lu\/wp-content\/uploads\/2022\/12\/8786-L-VIO-9903-Vallee-de-l-Ernz-Luxembourg-cyclist-bike-120x120.webp",120,120,true],"jetpack-portfolio-admin-thumb":["https:\/\/photographer.lu\/wp-content\/uploads\/2022\/12\/8786-L-VIO-9903-Vallee-de-l-Ernz-Luxembourg-cyclist-bike-50x50.webp",50,50,true]},"post_excerpt_stackable_v2":"<p>Vall\u00e9e de l&rsquo;Ernz par un matin brumeux au lever du soleil, au Luxembourg<\/p>\n<p><img decoding=\"async\" class=\"alignnone size-full wp-image-22578\" src=\"https:\/\/photographer.lu\/wp-content\/uploads\/2022\/10\/payment-methods-luxembourg.webp\" alt=\"les m\u00e9thodes de paiement\" width=\"581\" height=\"40\" srcset=\"https:\/\/photographer.lu\/wp-content\/uploads\/2022\/10\/payment-methods-luxembourg.webp 581w, https:\/\/photographer.lu\/wp-content\/uploads\/2022\/10\/payment-methods-luxembourg-300x21.webp 300w, https:\/\/photographer.lu\/wp-content\/uploads\/2022\/10\/payment-methods-luxembourg-550x38.webp 550w\" sizes=\"(max-width: 581px) 100vw, 581px\" \/><\/p>\n","category_list_v2":"","author_info_v2":{"name":"","url":""},"comments_num_v2":"0 commentaire","acf":[],"jetpack_sharing_enabled":true,"_links":{"self":[{"href":"https:\/\/photographer.lu\/fr\/wp-json\/wp\/v2\/product\/29031","targetHints":{"allow":["GET"]}}],"collection":[{"href":"https:\/\/photographer.lu\/fr\/wp-json\/wp\/v2\/product"}],"about":[{"href":"https:\/\/photographer.lu\/fr\/wp-json\/wp\/v2\/types\/product"}],"replies":[{"embeddable":true,"href":"https:\/\/photographer.lu\/fr\/wp-json\/wp\/v2\/comments?post=29031"}],"wp:featuredmedia":[{"embeddable":true,"href":"https:\/\/photographer.lu\/fr\/wp-json\/wp\/v2\/media\/27539"}],"wp:attachment":[{"href":"https:\/\/photographer.lu\/fr\/wp-json\/wp\/v2\/media?parent=29031"}],"wp:term":[{"taxonomy":"product_brand","embeddable":true,"href":"https:\/\/photographer.lu\/fr\/wp-json\/wp\/v2\/product_brand?post=29031"},{"taxonomy":"product_cat","embeddable":true,"href":"https:\/\/photographer.lu\/fr\/wp-json\/wp\/v2\/product_cat?post=29031"},{"taxonomy":"product_tag","embeddable":true,"href":"https:\/\/photographer.lu\/fr\/wp-json\/wp\/v2\/product_tag?post=29031"}],"curies":[{"name":"wp","href":"https:\/\/api.w.org\/{rel}","templated":true}]}}