{"id":29144,"date":"2023-01-04T15:58:15","date_gmt":"2023-01-04T15:58:15","guid":{"rendered":"https:\/\/photographer.lu\/?post_type=product&#038;p=29144"},"modified":"2023-09-27T12:20:17","modified_gmt":"2023-09-27T12:20:17","slug":"notre-dame-luxembourg-ville-nuit","status":"publish","type":"product","link":"https:\/\/photographer.lu\/fr\/photo\/notre-dame-luxembourg-ville-nuit\/","title":{"rendered":"Notre Dame pendant la nuit dans Luxembourg Ville"},"content":{"rendered":"<p>Photo <span style=\"color: #339966;\">commerciale<\/span> de l&#8217;embl\u00e9matique cath\u00e9drale Notre-Dame et de drapeaux luxembourgeois flottant dans l&rsquo;\u00e9tang, la nuit, dans la ville de Luxembourg.<\/p>\n<p>Cette image est disponible sous licence en t\u00e9l\u00e9chargement num\u00e9rique.<\/p>\n<p>Des tirages limit\u00e9s et des tirages libres sont disponibles.<\/p>\n","protected":false},"excerpt":{"rendered":"<p>La cath\u00e9drale Notre Dame et les drapeaux luxembourgeois agit\u00e9s se refl\u00e9tant dans l&rsquo;\u00e9tang<\/p>\n<p><img decoding=\"async\" class=\"alignnone size-full wp-image-22578\" src=\"https:\/\/photographer.lu\/wp-content\/uploads\/2022\/10\/payment-methods-luxembourg.webp\" alt=\"les m\u00e9thodes de paiement\" width=\"581\" height=\"40\" srcset=\"https:\/\/photographer.lu\/wp-content\/uploads\/2022\/10\/payment-methods-luxembourg.webp 581w, https:\/\/photographer.lu\/wp-content\/uploads\/2022\/10\/payment-methods-luxembourg-300x21.webp 300w, https:\/\/photographer.lu\/wp-content\/uploads\/2022\/10\/payment-methods-luxembourg-550x38.webp 550w\" sizes=\"(max-width: 581px) 100vw, 581px\" \/><\/p>\n","protected":false},"featured_media":27587,"comment_status":"closed","ping_status":"closed","template":"","meta":{"pgc_sgb_lightbox_settings":""},"product_brand":[],"product_cat":[703,702],"product_tag":[740,1193,1030,1299,714,705,715,838,1143,743,824,717,826,737,713,711,712],"class_list":{"0":"post-29144","1":"product","2":"type-product","3":"status-publish","4":"has-post-thumbnail","6":"product_cat-luxembourg-images-fr","7":"product_cat-tirages-dart","8":"product_tag-cathedrale","9":"product_tag-drapeaux","10":"product_tag-eau","11":"product_tag-fotos-fr","12":"product_tag-images-du-luxembourg","13":"product_tag-imprime","14":"product_tag-letzebuerg-fr","15":"product_tag-lumieres","16":"product_tag-luxembourg-ville-fr","17":"product_tag-notre-dame-fr","18":"product_tag-nuit","19":"product_tag-photoen","20":"product_tag-photographie-de-nuit","21":"product_tag-photographie-du-luxembourg","22":"product_tag-photos-du-luxembourg","23":"product_tag-points-de-repere","24":"product_tag-ville-de-luxembourg","25":"product_shipping_class-imprimes","27":"first","28":"instock","29":"taxable","30":"shipping-taxable","31":"purchasable","32":"product-type-variable"},"featured_image_urls_v2":{"full":["https:\/\/photographer.lu\/wp-content\/uploads\/2022\/12\/8794-L-VIO-3601-Notre-Dame-Luxembourg-city-night.webp",1200,801,false],"thumbnail":["https:\/\/photographer.lu\/wp-content\/uploads\/2022\/12\/8794-L-VIO-3601-Notre-Dame-Luxembourg-city-night-550x367.webp",550,367,true],"medium":["https:\/\/photographer.lu\/wp-content\/uploads\/2022\/12\/8794-L-VIO-3601-Notre-Dame-Luxembourg-city-night-300x200.webp",300,200,true],"medium_large":["https:\/\/photographer.lu\/wp-content\/uploads\/2022\/12\/8794-L-VIO-3601-Notre-Dame-Luxembourg-city-night-768x513.webp",768,513,true],"large":["https:\/\/photographer.lu\/wp-content\/uploads\/2022\/12\/8794-L-VIO-3601-Notre-Dame-Luxembourg-city-night.webp",1200,801,false],"1536x1536":["https:\/\/photographer.lu\/wp-content\/uploads\/2022\/12\/8794-L-VIO-3601-Notre-Dame-Luxembourg-city-night.webp",1200,801,false],"2048x2048":["https:\/\/photographer.lu\/wp-content\/uploads\/2022\/12\/8794-L-VIO-3601-Notre-Dame-Luxembourg-city-night.webp",1200,801,false],"woocommerce_archive_thumbnail":["https:\/\/photographer.lu\/wp-content\/uploads\/2022\/12\/8794-L-VIO-3601-Notre-Dame-Luxembourg-city-night-600x401.webp",600,401,true],"mailpoet_newsletter_max":["https:\/\/photographer.lu\/wp-content\/uploads\/2022\/12\/8794-L-VIO-3601-Notre-Dame-Luxembourg-city-night.webp",1200,801,false],"woocommerce_thumbnail":["https:\/\/photographer.lu\/wp-content\/uploads\/2022\/12\/8794-L-VIO-3601-Notre-Dame-Luxembourg-city-night-600x401.webp",600,401,true],"woocommerce_single":["https:\/\/photographer.lu\/wp-content\/uploads\/2022\/12\/8794-L-VIO-3601-Notre-Dame-Luxembourg-city-night.webp",1200,801,false],"woocommerce_gallery_thumbnail":["https:\/\/photographer.lu\/wp-content\/uploads\/2022\/12\/8794-L-VIO-3601-Notre-Dame-Luxembourg-city-night-120x120.webp",120,120,true],"jetpack-portfolio-admin-thumb":["https:\/\/photographer.lu\/wp-content\/uploads\/2022\/12\/8794-L-VIO-3601-Notre-Dame-Luxembourg-city-night-50x50.webp",50,50,true]},"post_excerpt_stackable_v2":"<p>La cath\u00e9drale Notre Dame et les drapeaux luxembourgeois agit\u00e9s se refl\u00e9tant dans l&rsquo;\u00e9tang<\/p>\n<p><img decoding=\"async\" class=\"alignnone size-full wp-image-22578\" src=\"https:\/\/photographer.lu\/wp-content\/uploads\/2022\/10\/payment-methods-luxembourg.webp\" alt=\"les m\u00e9thodes de paiement\" width=\"581\" height=\"40\" srcset=\"https:\/\/photographer.lu\/wp-content\/uploads\/2022\/10\/payment-methods-luxembourg.webp 581w, https:\/\/photographer.lu\/wp-content\/uploads\/2022\/10\/payment-methods-luxembourg-300x21.webp 300w, https:\/\/photographer.lu\/wp-content\/uploads\/2022\/10\/payment-methods-luxembourg-550x38.webp 550w\" sizes=\"(max-width: 581px) 100vw, 581px\" \/><\/p>\n","category_list_v2":"","author_info_v2":{"name":"","url":""},"comments_num_v2":"0 commentaire","acf":[],"jetpack_sharing_enabled":true,"_links":{"self":[{"href":"https:\/\/photographer.lu\/fr\/wp-json\/wp\/v2\/product\/29144","targetHints":{"allow":["GET"]}}],"collection":[{"href":"https:\/\/photographer.lu\/fr\/wp-json\/wp\/v2\/product"}],"about":[{"href":"https:\/\/photographer.lu\/fr\/wp-json\/wp\/v2\/types\/product"}],"replies":[{"embeddable":true,"href":"https:\/\/photographer.lu\/fr\/wp-json\/wp\/v2\/comments?post=29144"}],"wp:featuredmedia":[{"embeddable":true,"href":"https:\/\/photographer.lu\/fr\/wp-json\/wp\/v2\/media\/27587"}],"wp:attachment":[{"href":"https:\/\/photographer.lu\/fr\/wp-json\/wp\/v2\/media?parent=29144"}],"wp:term":[{"taxonomy":"product_brand","embeddable":true,"href":"https:\/\/photographer.lu\/fr\/wp-json\/wp\/v2\/product_brand?post=29144"},{"taxonomy":"product_cat","embeddable":true,"href":"https:\/\/photographer.lu\/fr\/wp-json\/wp\/v2\/product_cat?post=29144"},{"taxonomy":"product_tag","embeddable":true,"href":"https:\/\/photographer.lu\/fr\/wp-json\/wp\/v2\/product_tag?post=29144"}],"curies":[{"name":"wp","href":"https:\/\/api.w.org\/{rel}","templated":true}]}}