{"id":29594,"date":"2023-01-06T00:57:45","date_gmt":"2023-01-06T00:57:45","guid":{"rendered":"https:\/\/photographer.lu\/?post_type=product&#038;p=29594"},"modified":"2023-09-27T13:20:21","modified_gmt":"2023-09-27T13:20:21","slug":"bertrange","status":"publish","type":"product","link":"https:\/\/photographer.lu\/fr\/photo\/bertrange\/","title":{"rendered":"Bertrange"},"content":{"rendered":"<p>Photo <span style=\"color: #008000;\">commerciale<\/span> de l&rsquo;aire de jeux et de l&rsquo;\u00e9glise illumin\u00e9es dans le centre de la commune de Bertrange au Luxembourg.<\/p>\n<p>Cette image est disponible sous licence en t\u00e9l\u00e9chargement num\u00e9rique.<\/p>\n<p>Des tirages limit\u00e9s et des tirages libres sont disponibles.<\/p>\n","protected":false},"excerpt":{"rendered":"<p>Le centre de la commune de Bertrange au Luxembourg<\/p>\n","protected":false},"featured_media":27683,"comment_status":"closed","ping_status":"closed","template":"","meta":{"pgc_sgb_lightbox_settings":""},"product_brand":[],"product_cat":[703,702],"product_tag":[1057,1058,1059,832,731,714,705,709,715,838,824,1450,717,826,737,713,1451,1061],"class_list":{"0":"post-29594","1":"product","2":"type-product","3":"status-publish","4":"has-post-thumbnail","6":"product_cat-luxembourg-images-fr","7":"product_cat-tirages-dart","8":"product_tag-bartreng-fr","9":"product_tag-bertrange-fr","10":"product_tag-commune-fr","11":"product_tag-eglise","12":"product_tag-eglises","13":"product_tag-images-du-luxembourg","14":"product_tag-imprime","15":"product_tag-le-grand-duche-de-luxembourg","16":"product_tag-letzebuerg-fr","17":"product_tag-lumieres","18":"product_tag-nuit","19":"product_tag-parc","20":"product_tag-photoen","21":"product_tag-photographie-de-nuit","22":"product_tag-photographie-du-luxembourg","23":"product_tag-photos-du-luxembourg","24":"product_tag-terrain-de-jeux","25":"product_tag-villes","26":"product_shipping_class-imprimes","28":"first","29":"instock","30":"taxable","31":"shipping-taxable","32":"purchasable","33":"product-type-variable"},"featured_image_urls_v2":{"full":["https:\/\/photographer.lu\/wp-content\/uploads\/2022\/12\/8812-L-VIO-1229-BERTRANGE-night-Luxembourg.webp",1200,800,false],"thumbnail":["https:\/\/photographer.lu\/wp-content\/uploads\/2022\/12\/8812-L-VIO-1229-BERTRANGE-night-Luxembourg.webp",550,367,false],"medium":["https:\/\/photographer.lu\/wp-content\/uploads\/2022\/12\/8812-L-VIO-1229-BERTRANGE-night-Luxembourg.webp",300,200,false],"medium_large":["https:\/\/photographer.lu\/wp-content\/uploads\/2022\/12\/8812-L-VIO-1229-BERTRANGE-night-Luxembourg.webp",768,512,false],"large":["https:\/\/photographer.lu\/wp-content\/uploads\/2022\/12\/8812-L-VIO-1229-BERTRANGE-night-Luxembourg.webp",1200,800,false],"1536x1536":["https:\/\/photographer.lu\/wp-content\/uploads\/2022\/12\/8812-L-VIO-1229-BERTRANGE-night-Luxembourg.webp",1200,800,false],"2048x2048":["https:\/\/photographer.lu\/wp-content\/uploads\/2022\/12\/8812-L-VIO-1229-BERTRANGE-night-Luxembourg.webp",1200,800,false],"woocommerce_archive_thumbnail":["https:\/\/photographer.lu\/wp-content\/uploads\/2022\/12\/8812-L-VIO-1229-BERTRANGE-night-Luxembourg-600x400.webp",600,400,true],"mailpoet_newsletter_max":["https:\/\/photographer.lu\/wp-content\/uploads\/2022\/12\/8812-L-VIO-1229-BERTRANGE-night-Luxembourg.webp",1200,800,false],"woocommerce_thumbnail":["https:\/\/photographer.lu\/wp-content\/uploads\/2022\/12\/8812-L-VIO-1229-BERTRANGE-night-Luxembourg-600x400.webp",600,400,true],"woocommerce_single":["https:\/\/photographer.lu\/wp-content\/uploads\/2022\/12\/8812-L-VIO-1229-BERTRANGE-night-Luxembourg.webp",1200,800,false],"woocommerce_gallery_thumbnail":["https:\/\/photographer.lu\/wp-content\/uploads\/2022\/12\/8812-L-VIO-1229-BERTRANGE-night-Luxembourg-120x120.webp",120,120,true],"jetpack-portfolio-admin-thumb":["https:\/\/photographer.lu\/wp-content\/uploads\/2022\/12\/8812-L-VIO-1229-BERTRANGE-night-Luxembourg.webp",50,33,false]},"post_excerpt_stackable_v2":"<p>Le centre de la commune de Bertrange au Luxembourg<\/p>\n","category_list_v2":"","author_info_v2":{"name":"","url":""},"comments_num_v2":"0 commentaire","acf":[],"jetpack_sharing_enabled":true,"_links":{"self":[{"href":"https:\/\/photographer.lu\/fr\/wp-json\/wp\/v2\/product\/29594","targetHints":{"allow":["GET"]}}],"collection":[{"href":"https:\/\/photographer.lu\/fr\/wp-json\/wp\/v2\/product"}],"about":[{"href":"https:\/\/photographer.lu\/fr\/wp-json\/wp\/v2\/types\/product"}],"replies":[{"embeddable":true,"href":"https:\/\/photographer.lu\/fr\/wp-json\/wp\/v2\/comments?post=29594"}],"wp:featuredmedia":[{"embeddable":true,"href":"https:\/\/photographer.lu\/fr\/wp-json\/wp\/v2\/media\/27683"}],"wp:attachment":[{"href":"https:\/\/photographer.lu\/fr\/wp-json\/wp\/v2\/media?parent=29594"}],"wp:term":[{"taxonomy":"product_brand","embeddable":true,"href":"https:\/\/photographer.lu\/fr\/wp-json\/wp\/v2\/product_brand?post=29594"},{"taxonomy":"product_cat","embeddable":true,"href":"https:\/\/photographer.lu\/fr\/wp-json\/wp\/v2\/product_cat?post=29594"},{"taxonomy":"product_tag","embeddable":true,"href":"https:\/\/photographer.lu\/fr\/wp-json\/wp\/v2\/product_tag?post=29594"}],"curies":[{"name":"wp","href":"https:\/\/api.w.org\/{rel}","templated":true}]}}