{"id":29704,"date":"2023-01-06T01:25:22","date_gmt":"2023-01-06T01:25:22","guid":{"rendered":"https:\/\/photographer.lu\/?post_type=product&#038;p=29704"},"modified":"2023-09-26T12:57:45","modified_gmt":"2023-09-26T12:57:45","slug":"photographie-de-rue-luxembourg","status":"publish","type":"product","link":"https:\/\/photographer.lu\/fr\/photo\/photographie-de-rue-luxembourg\/","title":{"rendered":"Photographie de rue au Luxembourg"},"content":{"rendered":"<p>Photo <span style=\"color: #008000;\">commerciale<\/span> de rue d&rsquo;un couple marchant dans la rue lors d&rsquo;un matin brumeux d&rsquo;automne dans la ville de Luxembourg, alors que le tram passe.<\/p>\n<p>Cette image est disponible sous licence en t\u00e9l\u00e9chargement num\u00e9rique.<\/p>\n<p>Des tirages limit\u00e9s et des tirages libres sont disponibles.<\/p>\n","protected":false},"excerpt":{"rendered":"<p>Couple marchant dans la rue lors d&rsquo;un matin brumeux d&rsquo;automne au Luxembourg<\/p>\n","protected":false},"featured_media":27707,"comment_status":"closed","ping_status":"closed","template":"","meta":{"pgc_sgb_lightbox_settings":""},"product_brand":[],"product_cat":[703,702],"product_tag":[867,827,829,714,705,715,1230,717,904,737,713,1231,1170,1271,712],"class_list":{"0":"post-29704","1":"product","2":"type-product","3":"status-publish","4":"has-post-thumbnail","6":"product_cat-luxembourg-images-fr","7":"product_cat-tirages-dart","8":"product_tag-automne","9":"product_tag-brouillard","10":"product_tag-brouillard-fr","11":"product_tag-images-du-luxembourg","12":"product_tag-imprime","13":"product_tag-letzebuerg-fr","14":"product_tag-personnes","15":"product_tag-photoen","16":"product_tag-photographie-de-rue","17":"product_tag-photographie-du-luxembourg","18":"product_tag-photos-du-luxembourg","19":"product_tag-rue","20":"product_tag-tramway-fr","21":"product_tag-urbain","22":"product_tag-ville-de-luxembourg","23":"product_shipping_class-imprimes","25":"first","26":"instock","27":"taxable","28":"shipping-taxable","29":"purchasable","30":"product-type-variable","31":"has-default-attributes"},"featured_image_urls_v2":{"full":["https:\/\/photographer.lu\/wp-content\/uploads\/2022\/12\/8818-L-VIO-2136-Street-photography-Luxembourg-city-foggy-tram.webp",1200,795,false],"thumbnail":["https:\/\/photographer.lu\/wp-content\/uploads\/2022\/12\/8818-L-VIO-2136-Street-photography-Luxembourg-city-foggy-tram.webp",550,364,false],"medium":["https:\/\/photographer.lu\/wp-content\/uploads\/2022\/12\/8818-L-VIO-2136-Street-photography-Luxembourg-city-foggy-tram.webp",300,199,false],"medium_large":["https:\/\/photographer.lu\/wp-content\/uploads\/2022\/12\/8818-L-VIO-2136-Street-photography-Luxembourg-city-foggy-tram.webp",768,509,false],"large":["https:\/\/photographer.lu\/wp-content\/uploads\/2022\/12\/8818-L-VIO-2136-Street-photography-Luxembourg-city-foggy-tram.webp",1200,795,false],"1536x1536":["https:\/\/photographer.lu\/wp-content\/uploads\/2022\/12\/8818-L-VIO-2136-Street-photography-Luxembourg-city-foggy-tram.webp",1200,795,false],"2048x2048":["https:\/\/photographer.lu\/wp-content\/uploads\/2022\/12\/8818-L-VIO-2136-Street-photography-Luxembourg-city-foggy-tram.webp",1200,795,false],"woocommerce_archive_thumbnail":["https:\/\/photographer.lu\/wp-content\/uploads\/2022\/12\/8818-L-VIO-2136-Street-photography-Luxembourg-city-foggy-tram-600x398.webp",600,398,true],"mailpoet_newsletter_max":["https:\/\/photographer.lu\/wp-content\/uploads\/2022\/12\/8818-L-VIO-2136-Street-photography-Luxembourg-city-foggy-tram.webp",1200,795,false],"woocommerce_thumbnail":["https:\/\/photographer.lu\/wp-content\/uploads\/2022\/12\/8818-L-VIO-2136-Street-photography-Luxembourg-city-foggy-tram-600x398.webp",600,398,true],"woocommerce_single":["https:\/\/photographer.lu\/wp-content\/uploads\/2022\/12\/8818-L-VIO-2136-Street-photography-Luxembourg-city-foggy-tram.webp",1200,795,false],"woocommerce_gallery_thumbnail":["https:\/\/photographer.lu\/wp-content\/uploads\/2022\/12\/8818-L-VIO-2136-Street-photography-Luxembourg-city-foggy-tram-120x120.webp",120,120,true],"jetpack-portfolio-admin-thumb":["https:\/\/photographer.lu\/wp-content\/uploads\/2022\/12\/8818-L-VIO-2136-Street-photography-Luxembourg-city-foggy-tram.webp",50,33,false]},"post_excerpt_stackable_v2":"<p>Couple marchant dans la rue lors d&rsquo;un matin brumeux d&rsquo;automne au Luxembourg<\/p>\n","category_list_v2":"","author_info_v2":{"name":"","url":""},"comments_num_v2":"0 commentaire","acf":[],"jetpack_sharing_enabled":true,"_links":{"self":[{"href":"https:\/\/photographer.lu\/fr\/wp-json\/wp\/v2\/product\/29704","targetHints":{"allow":["GET"]}}],"collection":[{"href":"https:\/\/photographer.lu\/fr\/wp-json\/wp\/v2\/product"}],"about":[{"href":"https:\/\/photographer.lu\/fr\/wp-json\/wp\/v2\/types\/product"}],"replies":[{"embeddable":true,"href":"https:\/\/photographer.lu\/fr\/wp-json\/wp\/v2\/comments?post=29704"}],"wp:featuredmedia":[{"embeddable":true,"href":"https:\/\/photographer.lu\/fr\/wp-json\/wp\/v2\/media\/27707"}],"wp:attachment":[{"href":"https:\/\/photographer.lu\/fr\/wp-json\/wp\/v2\/media?parent=29704"}],"wp:term":[{"taxonomy":"product_brand","embeddable":true,"href":"https:\/\/photographer.lu\/fr\/wp-json\/wp\/v2\/product_brand?post=29704"},{"taxonomy":"product_cat","embeddable":true,"href":"https:\/\/photographer.lu\/fr\/wp-json\/wp\/v2\/product_cat?post=29704"},{"taxonomy":"product_tag","embeddable":true,"href":"https:\/\/photographer.lu\/fr\/wp-json\/wp\/v2\/product_tag?post=29704"}],"curies":[{"name":"wp","href":"https:\/\/api.w.org\/{rel}","templated":true}]}}